{"id":3889,"date":"2021-02-23T09:19:24","date_gmt":"2021-02-23T09:19:24","guid":{"rendered":"https:\/\/feedpixel.com\/product\/import-placeholder-for-2851\/"},"modified":"2026-03-16T02:23:05","modified_gmt":"2026-03-16T06:23:05","slug":"instagram-likes","status":"publish","type":"product","link":"https:\/\/feedpixel.com\/de\/produkt\/instagram-likes\/","title":{"rendered":"Instagram-Likes"},"content":{"rendered":"<p><a name=\"#tab-description\"><\/a><\/p>\n<h1>Warum Sie Instagram Likes kaufen sollten:<\/h1>\n<p>Es besteht eine starke Verbindung zwischen dem Kauf von Instagram-Likes und dem Erhalten von Instagram-Followern. Kaufen Sie Instagram-Likes und erh\u00f6hen Sie das Engagement der neuen Follower in Ihrem Konto. Die Leute sehen die Likes Ihres Beitrags und entscheiden, ob Ihr Inhalt f\u00fcr sie relevant ist oder nicht. In einer Reihe von F\u00e4llen k\u00f6nnen die Leute sogar nicht an Ihren Inhalten interessiert sein, aber sie werden Ihnen trotzdem folgen, wenn Sie Tausende von Followern haben. Das ist Psychologie pur und Sie k\u00f6nnen sich auf unsere Erfahrung auf diesem Gebiet und unsere t\u00e4glichen tiefen Analysen des Marktes verlassen.<\/p>\n<p>Normalerweise kaufen Gesch\u00e4ftsinhaber Instagram-Likes f\u00fcr ihre Produkte, um durch eine gro\u00dfe Sichtbarkeit der Produkte den maximalen Gewinn zu erzielen. Es ist offensichtlich, dass die Leute nur ein Produkt oder eine Dienstleistung kaufen, die als klares Zeichen f\u00fcr ihre Benutzerfreundlichkeit und Qualit\u00e4t die meisten Likes hat. Viele vertrauen einer umfangreichen Anzahl von Likes, weil sie es als pers\u00f6nliche Empfehlung von Experten empfinden. Wenn Sie Instagram Likes von FeedPixel kaufen, erhalten Sie einen erstklassigen Service. Alle Instagram-Likes von echten und aktiven Instagram-Benutzern. Der Kaufservice selbst ist sicher und ohne Instagram-Anmeldedaten, die von FeedPixel erforderlich sind.<\/p>\n<p>Um Ihnen zu helfen, unseren Service optimal zu nutzen, wird ein speziell zugewiesener Social-Media-Marketing-Agent rund um die Uhr mit Ihnen in Kontakt stehen; F\u00fchlen Sie sich frei, brennende Fragen zu stellen. Wir bieten auch ein exklusives Nachf\u00fcllsystem, das darauf ausgerichtet ist, unsere Kunden dabei zu unterst\u00fctzen, st\u00e4ndig die richtige Anzahl von Likes aufrechtzuerhalten. Dar\u00fcber hinaus sind die Preise f\u00fcr FeedPixel-Dienste die niedrigsten auf dem Markt. Wir k\u00f6nnen jeden der bestehenden Preise schlagen, deshalb entscheiden sich die Leute f\u00fcr uns.<\/p>\n<h2><strong>So kaufen Sie Instagram-Likes:<\/strong><\/h2>\n<ol>\n<li>W\u00e4hlen Sie die Option aus, die wir anbieten m\u00f6chten.<\/li>\n<li>Geben Sie Ihre Instagram-Post-URL ein.<\/li>\n<li>Gehen Sie zu \u201eIn den Warenkorb\u201c.<\/li>\n<li>Klicken Sie auf \u201eZur Kasse gehen\u201c.<\/li>\n<li>Vervollst\u00e4ndigen Sie die Checkout-Seite.<\/li>\n<li>Sobald Sie die erforderlichen Schritte abgeschlossen haben, wird unser Unternehmen einen qualifizierten 24\/7-Supportmitarbeiter einstellen, der Ihnen alles \u00fcber die n\u00e4chsten Schritte erkl\u00e4rt.<\/li>\n<\/ol>","protected":false},"excerpt":{"rendered":"<p><span style=\"color: #cc0000\"><strong>WICHTIG!<\/strong><\/span> Das Linkformat sollte genau dem untenstehenden Beispiel entsprechen. Achten Sie darauf, am Ende des Links \u201e\/\u201c hinzuzuf\u00fcgen.<\/p>\n<p><span style=\"color: #00c9b5\"><strong>Link-Beispiel:<\/strong><\/span> https:\/\/www.instagram.com\/p\/CbXtoj_MC2p\/<br \/>\n<span style=\"color: #00c9b5\"><strong>Beispiel f\u00fcr einen falschen Link:<\/strong><\/span>\u00a0@officialrickastley<\/p>","protected":false},"featured_media":3919,"comment_status":"open","ping_status":"closed","template":"","meta":{"_acf_changed":false},"product_cat":[17],"product_tag":[18],"class_list":{"0":"post-3889","1":"product","2":"type-product","3":"status-publish","4":"has-post-thumbnail","6":"product_cat-instagram","7":"product_tag-buy-instagram-likes","9":"first","10":"instock","11":"sold-individually","12":"shipping-taxable","13":"purchasable","14":"product-type-variable"},"bundle_layout":"","bundled_by":["4898"],"bundled_items":[],"acf":[],"_links":{"self":[{"href":"https:\/\/feedpixel.com\/de\/wp-json\/wp\/v2\/product\/3889","targetHints":{"allow":["GET"]}}],"collection":[{"href":"https:\/\/feedpixel.com\/de\/wp-json\/wp\/v2\/product"}],"about":[{"href":"https:\/\/feedpixel.com\/de\/wp-json\/wp\/v2\/types\/product"}],"replies":[{"embeddable":true,"href":"https:\/\/feedpixel.com\/de\/wp-json\/wp\/v2\/comments?post=3889"}],"wp:featuredmedia":[{"embeddable":true,"href":"https:\/\/feedpixel.com\/de\/wp-json\/wp\/v2\/media\/3919"}],"wp:attachment":[{"href":"https:\/\/feedpixel.com\/de\/wp-json\/wp\/v2\/media?parent=3889"}],"wp:term":[{"taxonomy":"product_cat","embeddable":true,"href":"https:\/\/feedpixel.com\/de\/wp-json\/wp\/v2\/product_cat?post=3889"},{"taxonomy":"product_tag","embeddable":true,"href":"https:\/\/feedpixel.com\/de\/wp-json\/wp\/v2\/product_tag?post=3889"}],"curies":[{"name":"wp","href":"https:\/\/api.w.org\/{rel}","templated":true}]}}