{"id":3891,"date":"2021-02-23T09:19:24","date_gmt":"2021-02-23T09:19:24","guid":{"rendered":"https:\/\/feedpixel.com\/product\/import-placeholder-for-2910\/"},"modified":"2026-03-16T04:24:08","modified_gmt":"2026-03-16T08:24:08","slug":"instagram-views","status":"publish","type":"product","link":"https:\/\/feedpixel.com\/de\/produkt\/instagram-ansichten\/","title":{"rendered":"Instagram Ansichten"},"content":{"rendered":"<p><a name=\"#tab-description\"><\/a><\/p>\n<h1>Warum Sie Instagram Views kaufen sollten:<\/h1>\n<p>Aufrufe sind ein wesentlicher Bestandteil Ihrer Instagram-Leistung und Ihres Erfolgs. Kaufen Sie Instagram-Aufrufe von FeedPixel, um die gew\u00fcnschte Aufmerksamkeit zu erhalten, und beobachten Sie, wie Ihre Videos Tag f\u00fcr Tag mehr Anerkennung und Sichtbarkeit erlangen.<\/p>\n<p>Kaufen Sie Instagram Aufrufe und erzielen Sie erstaunliche Ergebnisse mit dem Kauf von FeedPixel. Eine gro\u00dfe Anzahl von Aufrufen signalisiert, dass Ihre Beitr\u00e4ge f\u00fcr jeden Besucher wirklich interessant und bedeutsam sind. Wir sind der g\u00fcnstigste und beste Ort auf dem Markt, um Ihr Gesch\u00e4ft oder Ihre Online-Pers\u00f6nlichkeit anzukurbeln. Ab nur $1,99 f\u00fcr 100 Aufrufe k\u00f6nnen Sie bis zu satte 10.000.000 Aufrufe erhalten.<\/p>\n<p>Wir bieten einzigartige Pakete und die besten Angebote f\u00fcr Instagram-Ansichten, Likes und Follower. M\u00f6chten Sie das Paket anpassen und etwas Einzigartiges haben? Kontaktieren Sie uns jetzt!<\/p>\n<h2><strong>So kaufen Sie Instagram-Ansichten:<\/strong><\/h2>\n<ol>\n<li>W\u00e4hlen Sie das Paket aus, das wir Ihnen bereitstellen sollen.<\/li>\n<li>Geben Sie Ihren Instagram-Benutzernamen oder Ihre URL ein.<\/li>\n<li>Klicken Sie auf \u201eIn den Warenkorb\u201c.<\/li>\n<li>Gehen Sie zu \u201eZur Kasse gehen\u201c.<\/li>\n<li>Vervollst\u00e4ndigen Sie die Checkout-Seite.<\/li>\n<li>Sobald Sie Ihre Bestellung abgeschlossen haben, erkl\u00e4rt Ihnen ein FeedPixel-Supportmitarbeiter alle weiteren Schritte.<\/li>\n<\/ol>","protected":false},"excerpt":{"rendered":"<p><span style=\"color: #00c9b5\"><strong>+ KOSTENLOSER 24\/7-Support von einem pers\u00f6nlichen Agenten, um Ihnen das beste Kundenerlebnis zu garantieren<\/strong><\/span><\/p>\n<p><a href=\"#tab-description\">Weitere Informationen zu Instagram Views<\/a><\/p>","protected":false},"featured_media":3921,"comment_status":"open","ping_status":"closed","template":"","meta":{"_acf_changed":false},"product_cat":[17],"product_tag":[20],"class_list":{"0":"post-3891","1":"product","2":"type-product","3":"status-publish","4":"has-post-thumbnail","6":"product_cat-instagram","7":"product_tag-buy-instagram-views","9":"first","10":"instock","11":"sold-individually","12":"shipping-taxable","13":"purchasable","14":"product-type-variable","15":"has-default-attributes"},"bundle_layout":"","bundled_by":["4898"],"bundled_items":[],"acf":[],"_links":{"self":[{"href":"https:\/\/feedpixel.com\/de\/wp-json\/wp\/v2\/product\/3891","targetHints":{"allow":["GET"]}}],"collection":[{"href":"https:\/\/feedpixel.com\/de\/wp-json\/wp\/v2\/product"}],"about":[{"href":"https:\/\/feedpixel.com\/de\/wp-json\/wp\/v2\/types\/product"}],"replies":[{"embeddable":true,"href":"https:\/\/feedpixel.com\/de\/wp-json\/wp\/v2\/comments?post=3891"}],"wp:featuredmedia":[{"embeddable":true,"href":"https:\/\/feedpixel.com\/de\/wp-json\/wp\/v2\/media\/3921"}],"wp:attachment":[{"href":"https:\/\/feedpixel.com\/de\/wp-json\/wp\/v2\/media?parent=3891"}],"wp:term":[{"taxonomy":"product_cat","embeddable":true,"href":"https:\/\/feedpixel.com\/de\/wp-json\/wp\/v2\/product_cat?post=3891"},{"taxonomy":"product_tag","embeddable":true,"href":"https:\/\/feedpixel.com\/de\/wp-json\/wp\/v2\/product_tag?post=3891"}],"curies":[{"name":"wp","href":"https:\/\/api.w.org\/{rel}","templated":true}]}}