{"id":3899,"date":"2021-02-23T09:19:24","date_gmt":"2021-02-23T09:19:24","guid":{"rendered":"https:\/\/feedpixel.com\/product\/import-placeholder-for-2944\/"},"modified":"2026-02-26T01:26:57","modified_gmt":"2026-02-26T05:26:57","slug":"instagram-comments","status":"publish","type":"product","link":"https:\/\/feedpixel.com\/de\/produkt\/instagram-kommentare\/","title":{"rendered":"Instagram Kommentare"},"content":{"rendered":"<p><a name=\"#tab-description\"><\/a><\/p>\n<h1>Warum Sie Instagram kaufen sollten Kommentare:<\/h1>\n<p>FeedPixel ist das einzige Unternehmen im Bereich Social Media, das sich um seine Kunden k\u00fcmmert. Unser Ziel ist es, den besten Service zu bieten, damit Ihr Unternehmen kontinuierlich florieren kann. Heutzutage nutzen viele von uns Instagram, um der Welt von sich selbst zu erz\u00e4hlen, von ihren Erfahrungen, Gef\u00fchlen und Emotionen, von F\u00e4higkeiten, die die Welt zu einem besseren Ort machen k\u00f6nnen, und um erfolgreiche Unternehmen zu f\u00fchren.<\/p>\n<p>Um auf Instagram ber\u00fchmt zu werden oder Ihr Gesch\u00e4ft effektiv zu f\u00fchren, ben\u00f6tigen Sie ein aktives Konto. Hier ist also die Frage, wie Sie Ihr Konto authentischer und popul\u00e4rer machen k\u00f6nnen. FeedPixel hat bereits die beste Strategie entwickelt, die zum Wachstum Ihres Unternehmens f\u00fchren wird. Indem Sie FeedPixel Instagram-Kommentare kaufen, machen Sie Ihr Konto auf jeden Fall authentisch. Sie k\u00f6nnen sicherlich sagen, dass die Leute sehen, wie viele Likes Sie auf Ihrem Instagram-Konto haben, und denken, dass das genug ist, aber wenn Sie keine Kommentare haben, beweist das in den Augen Ihrer Besucher nur, dass niemand ernsthaft an Ihren Inhalten oder Produkten interessiert ist.<\/p>\n<p>Folglich wird Ihre Popularit\u00e4t oder Glaubw\u00fcrdigkeit Ihres Unternehmens einer enormen Konkurrenz ausgesetzt sein. Sie werden Ihr Ziel nicht erreichen, oder? Wir sind zutiefst besorgt um die Zukunft unserer Kunden und bieten deshalb Instagram-Kommentare von h\u00f6chster Qualit\u00e4t. Unser Unternehmen unternimmt geeignete Schritte, die nicht nur zeigen, dass Ihr Publikum aktiv ist, sondern Ihnen auch die Chance geben, der Beste auf Ihrem Gebiet zu werden. FeedPixel erfordert keine privaten Anmeldeinformationen. Bei uns k\u00f6nnen Sie sicher sein, dass die von Ihnen bereitgestellten Informationen automatisch vertraulich behandelt werden. Wir garantieren, dass Sie den besten Service erleben werden. Ein weiterer Vorteil des Einkaufs bei uns sind bequeme Zahlungsoptionen mit Visa, Mastercard, Amex, PayPal, Bitcoin und Litecoin.<\/p>\n<h2><strong>So kaufen Sie Instagram Kommentare:<\/strong><\/h2>\n<ol>\n<li>W\u00e4hlen Sie aus, wie viele Likes Sie erhalten m\u00f6chten.<\/li>\n<li>Geben Sie den Benutzernamen oder die URL Instagram ein.<\/li>\n<li>Klicken Sie auf \u201eIn den Warenkorb\u201c.<\/li>\n<li>Klicken Sie auf \u201eZur Kasse gehen\u201c.<\/li>\n<li>F\u00fcllen Sie alle Felder aus, \u00fcberpr\u00fcfen Sie diese bei Bedarf noch einmal und schlie\u00dfen Sie die Bestellung ab.<\/li>\n<li>Sobald Sie die Felder \u201eRechnungsdetails\u201c und \u201eIhre Bestellung\u201c ausgef\u00fcllt haben, wird sich ein FeedPixel-Supportmitarbeiter bei Bedarf mit Ihnen in Verbindung setzen und Ihnen bei der erforderlichen Strategie helfen.<\/li>\n<\/ol>","protected":false},"excerpt":{"rendered":"<p><span style=\"color: #00c9b5\"><strong>+ KOSTENLOSER 24\/7-Support von einem pers\u00f6nlichen Agenten, um Ihnen das beste Kundenerlebnis zu garantieren<\/strong><\/span><\/p>\n<p><a href=\"#tab-description\">Weitere Informationen zu Instagram Kommentare<\/a><\/p>","protected":false},"featured_media":3925,"comment_status":"open","ping_status":"closed","template":"","meta":{"_acf_changed":false},"product_cat":[17],"product_tag":[21],"class_list":{"0":"post-3899","1":"product","2":"type-product","3":"status-publish","4":"has-post-thumbnail","6":"product_cat-instagram","7":"product_tag-buy-instagram-comments","9":"first","10":"instock","11":"sold-individually","12":"shipping-taxable","13":"purchasable","14":"product-type-variable"},"bundle_layout":"","bundled_by":["4898"],"bundled_items":[],"acf":[],"_links":{"self":[{"href":"https:\/\/feedpixel.com\/de\/wp-json\/wp\/v2\/product\/3899","targetHints":{"allow":["GET"]}}],"collection":[{"href":"https:\/\/feedpixel.com\/de\/wp-json\/wp\/v2\/product"}],"about":[{"href":"https:\/\/feedpixel.com\/de\/wp-json\/wp\/v2\/types\/product"}],"replies":[{"embeddable":true,"href":"https:\/\/feedpixel.com\/de\/wp-json\/wp\/v2\/comments?post=3899"}],"wp:featuredmedia":[{"embeddable":true,"href":"https:\/\/feedpixel.com\/de\/wp-json\/wp\/v2\/media\/3925"}],"wp:attachment":[{"href":"https:\/\/feedpixel.com\/de\/wp-json\/wp\/v2\/media?parent=3899"}],"wp:term":[{"taxonomy":"product_cat","embeddable":true,"href":"https:\/\/feedpixel.com\/de\/wp-json\/wp\/v2\/product_cat?post=3899"},{"taxonomy":"product_tag","embeddable":true,"href":"https:\/\/feedpixel.com\/de\/wp-json\/wp\/v2\/product_tag?post=3899"}],"curies":[{"name":"wp","href":"https:\/\/api.w.org\/{rel}","templated":true}]}}