{"id":3936,"date":"2021-02-23T09:19:37","date_gmt":"2021-02-23T13:19:37","guid":{"rendered":"https:\/\/feedpixel.com\/product\/import-placeholder-for-3360\/"},"modified":"2024-08-07T09:28:59","modified_gmt":"2024-08-07T13:28:59","slug":"facebook-page-likes","status":"publish","type":"product","link":"https:\/\/feedpixel.com\/de\/produkt\/facebook-seiten-likes\/","title":{"rendered":"Likes auf Facebook-Seiten"},"content":{"rendered":"<p><a name=\"#tab-description\"><\/a><\/p>\n<h1>Warum Sie Facebook Page Likes kaufen sollten:<\/h1>\n<p>Die meisten kleinen und mittleren Unternehmen auf der ganzen Welt nutzen Facebook, um f\u00fcr ihre Dienstleistungen oder Produkte zu werben. Dies erweist sich als die richtige Strategie, um Gewinne zu maximieren und qualitativ hochwertige Waren zu liefern. Wenn Sie Facebook-Seiten-Likes kaufen, erh\u00f6hen Sie sofort Ihre Chancen, die positivsten Ergebnisse zu erzielen. Die Leute urteilen heute schnell. Das bedeutet, dass Sie zeigen m\u00fcssen, dass Ihre Dienstleistung oder Ihr Produkt f\u00fcr andere von Wert ist, und Facebook-Seiten-Likes sind ein bew\u00e4hrter Weg, dies zu tun.<\/p>\n<p>FeedPixel hat den Kauf von Facebook-Seiten-Likes einfacher und sicherer gemacht als unsere Mitbewerber und damit verbundene Risiken eliminiert. Wir ben\u00f6tigen keine Ihrer privaten Informationen. Bei uns k\u00f6nnen Sie sicher sein, dass Ihre Informationen nicht an Dritte weitergegeben werden.<\/p>\n<p>Sobald Sie sich entschieden und die gew\u00fcnschte Option ausgew\u00e4hlt haben, liefert FeedPixel innerhalb von 24 Stunden. Wir sind stolz auf die Zufriedenheit unserer Kunden. Um sicherzustellen, dass Sie den besten Service erhalten, stellen wir Ihnen rund um die Uhr unseren Social-Support-Manager zur Seite, der Sie von Anfang an durch den gesamten Kaufprozess bei FeedPixel begleitet.<\/p>\n<h2><strong>So kaufen Sie Facebook-Seiten-Likes:<\/strong><\/h2>\n<ol>\n<li>W\u00e4hlen Sie aus, welchen Service wir f\u00fcr Sie bereitstellen sollen.<\/li>\n<li>Sobald Sie den Dienst ausgew\u00e4hlt haben, geben Sie die URL Ihrer Facebook-Seite ein.<\/li>\n<li>Klicken Sie auf \u201eIn den Warenkorb\u201c.<\/li>\n<li>Klicken Sie anschlie\u00dfend auf \u201eZur Kasse gehen\u201c.<\/li>\n<li>F\u00fcllen Sie die Felder \u201eRechnungsdetails\u201c und \u201eIhre Bestellung\u201c aus.<\/li>\n<li>Sobald Sie die \u201eRechnungsdetails\u201c und \u201eIhre Bestellung\u201c ausgef\u00fcllt haben, wird Ihnen ein Support-Mitarbeiter zugewiesen. Abh\u00e4ngig von Ihren W\u00fcnschen und Anforderungen stellt unser Mitarbeiter das beste Paket zusammen, das zum Wachstum Ihres Unternehmens f\u00fchrt.<\/li>\n<\/ol>","protected":false},"excerpt":{"rendered":"<p><span style=\"color: #00c9b5\"><strong>+ KOSTENLOSER 24\/7-Support von einem pers\u00f6nlichen Agenten, um Ihnen das beste Kundenerlebnis zu garantieren<\/strong><\/span><\/p>\n<p><a href=\"#tab-description\">Weitere Informationen zu Facebook Page Likes<\/a><\/p>","protected":false},"featured_media":3963,"comment_status":"open","ping_status":"closed","template":"","meta":{"_acf_changed":false},"product_cat":[24],"product_tag":[26],"class_list":{"0":"post-3936","1":"product","2":"type-product","3":"status-publish","4":"has-post-thumbnail","6":"product_cat-facebook","7":"product_tag-buy-facebook-page-likes","9":"first","10":"outofstock","11":"sold-individually","12":"shipping-taxable","13":"purchasable","14":"product-type-variable"},"bundle_layout":"","bundled_by":[],"bundled_items":[],"acf":[],"_links":{"self":[{"href":"https:\/\/feedpixel.com\/de\/wp-json\/wp\/v2\/product\/3936","targetHints":{"allow":["GET"]}}],"collection":[{"href":"https:\/\/feedpixel.com\/de\/wp-json\/wp\/v2\/product"}],"about":[{"href":"https:\/\/feedpixel.com\/de\/wp-json\/wp\/v2\/types\/product"}],"replies":[{"embeddable":true,"href":"https:\/\/feedpixel.com\/de\/wp-json\/wp\/v2\/comments?post=3936"}],"wp:featuredmedia":[{"embeddable":true,"href":"https:\/\/feedpixel.com\/de\/wp-json\/wp\/v2\/media\/3963"}],"wp:attachment":[{"href":"https:\/\/feedpixel.com\/de\/wp-json\/wp\/v2\/media?parent=3936"}],"wp:term":[{"taxonomy":"product_cat","embeddable":true,"href":"https:\/\/feedpixel.com\/de\/wp-json\/wp\/v2\/product_cat?post=3936"},{"taxonomy":"product_tag","embeddable":true,"href":"https:\/\/feedpixel.com\/de\/wp-json\/wp\/v2\/product_tag?post=3936"}],"curies":[{"name":"wp","href":"https:\/\/api.w.org\/{rel}","templated":true}]}}