{"id":4025,"date":"2021-02-23T09:20:02","date_gmt":"2021-02-23T09:20:02","guid":{"rendered":"https:\/\/feedpixel.com\/product\/import-placeholder-for-3524\/"},"modified":"2025-01-08T10:26:46","modified_gmt":"2025-01-08T14:26:46","slug":"youtube-views","status":"publish","type":"product","link":"https:\/\/feedpixel.com\/de\/produkt\/youtube-aufrufe\/","title":{"rendered":"YouTube-Aufrufe"},"content":{"rendered":"<p><a name=\"#tab-description\"><\/a><\/p>\n<h1>Warum Sie YouTube-Aufrufe kaufen sollten:<\/h1>\n<p>Was unterscheidet einen gro\u00dfartigen Videoinhalt vom Rest? Nat\u00fcrlich die Anzahl der hungrigen Augen, die ihn sehen wollen! Kaufen Sie YouTube-Aufrufe und platzieren Sie Ihr Video auf Platz eins in der YouTube-Suche, denn je mehr Aufrufe Sie haben, desto h\u00f6her wird Ihr Ranking sein. Ohne Zweifel bringt der Kauf von YouTube-Aufrufen Ihrem Unternehmen unz\u00e4hlige Vorteile. Es ist offensichtlich, dass Sie auch neue Abonnenten f\u00fcr Ihren YouTube-Kanal bekommen, denn die Leute verlieben sich in den Inhalt mit den meisten Aufrufen. Tausende Aufrufe beseitigen jegliches Z\u00f6gern, bringen einen Zuschauer dazu, die Produktionen des Kanals viel l\u00e4nger anzuschauen und machen ihn schlie\u00dflich in k\u00fcrzester Zeit zu einem Abonnenten des Kanals.<\/p>\n<p>Ein weiterer Vorteil von Millionen von Aufrufen ist die hohe Bewertung im YouTube-Algorithmus. Eine hohe Bewertung f\u00fchrt zu hoher Sichtbarkeit, da das Video garantiert ganz oben angezeigt wird und jeder es sehen kann. Wenn Sie YouTube-Aufrufe von FeedPixel kaufen, k\u00f6nnen Sie sicher sein, dass Sie den besten Service zum niedrigsten Preis erhalten.<\/p>\n<p>Alle YouTube-Aufrufe sind echte menschliche Aufrufe, die von aktiven YouTube-Kontobenutzern stammen, und mit unserem streng geheimen Liefersystem bleibt Ihr Kanal sicher. FeedPixel k\u00fcmmert sich wirklich um seinen Ruf und das Vertrauen der Kunden. Um den Prozess zu vereinfachen, wird Ihnen vom ersten Schritt Ihrer Bestellung bis zur Lieferung aller Aufrufe rund um die Uhr Ihr pers\u00f6nlicher Social-Media-Agent zugewiesen. FeedPixel verlangt keine privaten Anmeldeinformationen, daher besteht kein Risiko einer Sperrung. Erleben Sie die besten YouTube-Aufrufe mit FeedPixel!<\/p>\n<h2><strong>So kaufen Sie YouTube-Ansichten:<\/strong><\/h2>\n<ol>\n<li>W\u00e4hlen Sie die Option.<\/li>\n<li>F\u00fcgen Sie Ihre YouTube-URL ein.<\/li>\n<li>Gehen Sie zu \u201eIn den Einkaufswagen\u201c.<\/li>\n<li>Klicken Sie auf \u201eZur Kasse gehen\u201c.<\/li>\n<li>Vervollst\u00e4ndigen Sie die Checkout-Seite.<\/li>\n<li>Sobald Sie die oben genannten Schritte abgeschlossen haben, wird FeedPixel Ihnen einen rund um die Uhr verf\u00fcgbaren Supportmitarbeiter zuweisen, der Ihnen alle n\u00e4chsten Schritte erkl\u00e4rt.<\/li>\n<\/ol>","protected":false},"excerpt":{"rendered":"<p>Bei Bestellungen \u00fcber 10.000 und mehr Aufrufe erhalten Sie die qualitativ hochwertigsten Aufrufe auf dem Markt von <strong>Facebook-Anzeigen<\/strong>. Sie erhalten auch Likes und Kommentare, wenn Ihr Video interessant ist.<\/p>\n<p style=\"color: #f4226e\">Diese Ansichten funktionieren nicht f\u00fcr YouTube Shorts und Live-Videos!<\/p>","protected":false},"featured_media":4055,"comment_status":"open","ping_status":"closed","template":"","meta":{"_acf_changed":false},"product_cat":[35],"product_tag":[36],"class_list":{"0":"post-4025","1":"product","2":"type-product","3":"status-publish","4":"has-post-thumbnail","6":"product_cat-youtube","7":"product_tag-buy-youtube-views","9":"first","10":"instock","11":"sold-individually","12":"shipping-taxable","13":"purchasable","14":"product-type-variable"},"bundle_layout":"","bundled_by":["4907"],"bundled_items":[],"acf":[],"_links":{"self":[{"href":"https:\/\/feedpixel.com\/de\/wp-json\/wp\/v2\/product\/4025","targetHints":{"allow":["GET"]}}],"collection":[{"href":"https:\/\/feedpixel.com\/de\/wp-json\/wp\/v2\/product"}],"about":[{"href":"https:\/\/feedpixel.com\/de\/wp-json\/wp\/v2\/types\/product"}],"replies":[{"embeddable":true,"href":"https:\/\/feedpixel.com\/de\/wp-json\/wp\/v2\/comments?post=4025"}],"wp:featuredmedia":[{"embeddable":true,"href":"https:\/\/feedpixel.com\/de\/wp-json\/wp\/v2\/media\/4055"}],"wp:attachment":[{"href":"https:\/\/feedpixel.com\/de\/wp-json\/wp\/v2\/media?parent=4025"}],"wp:term":[{"taxonomy":"product_cat","embeddable":true,"href":"https:\/\/feedpixel.com\/de\/wp-json\/wp\/v2\/product_cat?post=4025"},{"taxonomy":"product_tag","embeddable":true,"href":"https:\/\/feedpixel.com\/de\/wp-json\/wp\/v2\/product_tag?post=4025"}],"curies":[{"name":"wp","href":"https:\/\/api.w.org\/{rel}","templated":true}]}}