{"id":4026,"date":"2021-02-23T09:20:02","date_gmt":"2021-02-23T09:20:02","guid":{"rendered":"https:\/\/feedpixel.com\/product\/import-placeholder-for-3566\/"},"modified":"2025-10-15T08:26:12","modified_gmt":"2025-10-15T12:26:12","slug":"youtube-likes","status":"publish","type":"product","link":"https:\/\/feedpixel.com\/de\/produkt\/youtube-likes\/","title":{"rendered":"YouTube-Likes"},"content":{"rendered":"<p><a name=\"#tab-description\"><\/a><\/p>\n<h1>Warum Sie YouTube Likes kaufen sollten:<\/h1>\n<p>Unsere Kunden entscheiden sich f\u00fcr das Unternehmen FeedPixel, weil wir nicht nur unsere Dienstleistungen wie viele andere Websites versprechen, sondern auch unseren Ruf beweisen, indem wir ein Wort halten und Ihr Gesch\u00e4ft ankurbeln. Wir bieten Ihnen gerne die M\u00f6glichkeit, YouTube-Likes zu kaufen. Um im YouTube-Kanal zu wachsen und Ihr Gesch\u00e4ft effektiv zu f\u00fchren, m\u00fcssen Sie Likes f\u00fcr Ihre Videos haben, die zu einem hohen Engagement f\u00fchren. Es ist allgemein bekannt, dass Menschen etwas gerne m\u00f6gen, wenn sie sehen, dass andere es m\u00f6gen.<\/p>\n<p>Die Strategie von FeedPixel besteht darin, Ihnen die hochwertigen Likes innerhalb von 24 Stunden bereitzustellen. Sobald Sie den Kauf bestellt haben, wird FeedPixel Ihnen automatisch einen qualifizierten Agenten zuordnen. Dar\u00fcber hinaus wird dieser Support-Agent vom Kauf bis zum tats\u00e4chlichen Ergebnis rund um die Uhr f\u00fcr Sie da sein, ohne dass Kosten anfallen. Wir k\u00fcmmern uns wirklich um die Gesch\u00e4fte unserer Kunden. Zum Service geh\u00f6rt auch ein garantiertes Nachf\u00fcllsystem.<\/p>\n<p>Der Kauf von YouTube-Likes ist sicher, da unsere Strategie das Risiko einer Sperre ausschlie\u00dft. FeedPixel ben\u00f6tigt keine Ihrer privaten Informationen. Bei uns k\u00f6nnen Sie sicher sein, dass die von Ihnen bereitgestellten Informationen niemals der \u00d6ffentlichkeit zug\u00e4nglich gemacht werden. Als Zahlungsmittel akzeptieren wir Visa, Mastercard, Amex, PayPal, Bitcoin und Litecoin.<\/p>\n<p>100% Zufriedenheit mit unserem Service ist garantiert.<\/p>\n<h2><strong>So kaufen Sie YouTube-Likes:<\/strong><\/h2>\n<ol>\n<li>W\u00e4hlen Sie zun\u00e4chst aus, wie viele Likes Sie ben\u00f6tigen.<\/li>\n<li>Geben Sie Ihre YouTube-URL in das erforderliche Feld ein.<\/li>\n<li>Klicken Sie dann auf \u201eIn den Warenkorb\u201c.<\/li>\n<li>Sie sehen den blauen Button \u201eZur Kasse gehen\u201c, klicken Sie darauf.<\/li>\n<li>F\u00fcllen Sie alle erforderlichen Felder aus und schlie\u00dfen Sie die Checkout-Seite ab.<\/li>\n<li>Nach den oben beschriebenen Schritten wird sich ein qualifizierter Support-Mitarbeiter mit Ihnen in Verbindung setzen und Ihnen die Strategie des perfekten Wachstums f\u00fcr Ihr Unternehmen erl\u00e4utern.<\/li>\n<\/ol>","protected":false},"excerpt":{"rendered":"<p><a href=\"#tab-description\">Weitere Informationen zu YouTube-Likes<\/a><\/p>","protected":false},"featured_media":4056,"comment_status":"open","ping_status":"closed","template":"","meta":{"_acf_changed":false},"product_cat":[35],"product_tag":[37],"class_list":{"0":"post-4026","1":"product","2":"type-product","3":"status-publish","4":"has-post-thumbnail","6":"product_cat-youtube","7":"product_tag-buy-youtube-likes","9":"first","10":"instock","11":"sold-individually","12":"shipping-taxable","13":"purchasable","14":"product-type-variable"},"bundle_layout":"","bundled_by":["4907"],"bundled_items":[],"acf":[],"_links":{"self":[{"href":"https:\/\/feedpixel.com\/de\/wp-json\/wp\/v2\/product\/4026","targetHints":{"allow":["GET"]}}],"collection":[{"href":"https:\/\/feedpixel.com\/de\/wp-json\/wp\/v2\/product"}],"about":[{"href":"https:\/\/feedpixel.com\/de\/wp-json\/wp\/v2\/types\/product"}],"replies":[{"embeddable":true,"href":"https:\/\/feedpixel.com\/de\/wp-json\/wp\/v2\/comments?post=4026"}],"wp:featuredmedia":[{"embeddable":true,"href":"https:\/\/feedpixel.com\/de\/wp-json\/wp\/v2\/media\/4056"}],"wp:attachment":[{"href":"https:\/\/feedpixel.com\/de\/wp-json\/wp\/v2\/media?parent=4026"}],"wp:term":[{"taxonomy":"product_cat","embeddable":true,"href":"https:\/\/feedpixel.com\/de\/wp-json\/wp\/v2\/product_cat?post=4026"},{"taxonomy":"product_tag","embeddable":true,"href":"https:\/\/feedpixel.com\/de\/wp-json\/wp\/v2\/product_tag?post=4026"}],"curies":[{"name":"wp","href":"https:\/\/api.w.org\/{rel}","templated":true}]}}