{"id":4038,"date":"2021-02-23T09:20:02","date_gmt":"2021-02-23T13:20:02","guid":{"rendered":"https:\/\/feedpixel.com\/product\/import-placeholder-for-3580\/"},"modified":"2026-01-24T10:12:37","modified_gmt":"2026-01-24T14:12:37","slug":"youtube-subscribers","status":"publish","type":"product","link":"https:\/\/feedpixel.com\/de\/produkt\/youtube-abonnenten\/","title":{"rendered":"YouTube-Abonnenten"},"content":{"rendered":"<p><a name=\"#tab-description\"><\/a><\/p>\n<h1>Warum Sie YouTube-Abonnenten kaufen sollten:<\/h1>\n<p>Die Menschen der neuen \u00c4ra nutzen die YouTube-Plattform, um brillante Ideen und Lebensweisheiten zu teilen, Unternehmen zu f\u00f6rdern und andere zu unterrichten. Gro\u00dfartige Inhalte und eine geh\u00f6rige Portion Inspiration reichen in der Realit\u00e4t offensichtlich nicht aus. Offenbar z\u00e4hlt der YouTube-Algorithmus in erster Linie die Abonnenten und Zuschauer Ihres Kanals.<\/p>\n<p>Bei YouTube ist es am wichtigsten, wie viele Leute Ihnen folgen, und abh\u00e4ngig davon wird Ihr Kanal eingestuft. Kaufen Sie YouTube-Abonnenten und machen Sie Ihren Kanal f\u00fcr andere Leute attraktiver, insbesondere f\u00fcr den YouTube-Algorithmus. Sobald Sie die Bestellung abgeschlossen haben, beginnt Ihr pers\u00f6nlicher Agent, der von FeedPixel zugewiesen wird, mit der Analyse Ihres Kanals und erstellt einen einzigartigen Service, der Ihre Chance erh\u00f6ht, eine Spitzenposition bei YouTube zu erreichen. Wir berechnen keine zus\u00e4tzlichen Geb\u00fchren f\u00fcr einen Agenten und er ist rund um die Uhr verf\u00fcgbar und beantwortet alle Ihre Fragen.<\/p>\n<p>Wenn Sie YouTube-Abonnenten bei FeedPixel kaufen, erhalten Sie Abonnenten mit authentischen Konten. FeedPixel schlie\u00dft alle Risiken aus. Der Kaufprozess f\u00fcr YouTube-Follower ist legitim und wir ben\u00f6tigen keine Ihrer privaten Informationen. Viele andere Websites informieren Sie, dass sie den \u201eniedrigsten\u201c Preis anbieten, aber wir hoffen, dass Sie recherchiert und unseren Service mit anderen Websites verglichen haben und herausgefunden haben, dass nur FeedPixel den niedrigsten Preis f\u00fcr den seri\u00f6sesten Service hat. Werden Sie Mitglied und sichern Sie sich das beste Angebot!<\/p>\n<h2><strong>So kaufen Sie YouTube-Abonnenten:<\/strong><\/h2>\n<ol>\n<li>W\u00e4hlen Sie die Option aus, die wir anbieten m\u00f6chten.<\/li>\n<li>Geben Sie Ihre YouTube-URL ein.<\/li>\n<li>Gehen Sie zu \u201eIn den Warenkorb\u201c.<\/li>\n<li>Klicken Sie auf \u201eZur Kasse gehen\u201c.<\/li>\n<li>Vervollst\u00e4ndigen Sie die Checkout-Seite.<\/li>\n<li>Sobald Sie Ihre Bestellung abgeschlossen haben, stellt Ihnen unser Unternehmen einen qualifizierten Support-Mitarbeiter zur Verf\u00fcgung, der Ihnen rund um die Uhr alle n\u00e4chsten Schritte erkl\u00e4rt.<\/li>\n<\/ol>","protected":false},"excerpt":{"rendered":"<p>Why you should buy YouTube Subscribers: People of the new era use YouTube platform to share brilliant ideas and life wisdom, promote businesses and educate others. Having a great content and hefty portion of inspiration is obviously not enough in reality. Offensively enough, YouTube algorithm count your channel subscribers and viewers in the first place. [&hellip;]<\/p>","protected":false},"featured_media":4059,"comment_status":"open","ping_status":"closed","template":"","meta":{"_acf_changed":false},"product_cat":[35],"product_tag":[39],"class_list":{"0":"post-4038","1":"product","2":"type-product","3":"status-publish","4":"has-post-thumbnail","6":"product_cat-youtube","7":"product_tag-buy-youtube-subscribers","9":"first","10":"instock","11":"sold-individually","12":"shipping-taxable","13":"purchasable","14":"product-type-variable"},"bundle_layout":"","bundled_by":["4907"],"bundled_items":[],"acf":[],"_links":{"self":[{"href":"https:\/\/feedpixel.com\/de\/wp-json\/wp\/v2\/product\/4038","targetHints":{"allow":["GET"]}}],"collection":[{"href":"https:\/\/feedpixel.com\/de\/wp-json\/wp\/v2\/product"}],"about":[{"href":"https:\/\/feedpixel.com\/de\/wp-json\/wp\/v2\/types\/product"}],"replies":[{"embeddable":true,"href":"https:\/\/feedpixel.com\/de\/wp-json\/wp\/v2\/comments?post=4038"}],"wp:featuredmedia":[{"embeddable":true,"href":"https:\/\/feedpixel.com\/de\/wp-json\/wp\/v2\/media\/4059"}],"wp:attachment":[{"href":"https:\/\/feedpixel.com\/de\/wp-json\/wp\/v2\/media?parent=4038"}],"wp:term":[{"taxonomy":"product_cat","embeddable":true,"href":"https:\/\/feedpixel.com\/de\/wp-json\/wp\/v2\/product_cat?post=4038"},{"taxonomy":"product_tag","embeddable":true,"href":"https:\/\/feedpixel.com\/de\/wp-json\/wp\/v2\/product_tag?post=4038"}],"curies":[{"name":"wp","href":"https:\/\/api.w.org\/{rel}","templated":true}]}}