{"id":4064,"date":"2021-02-23T09:20:14","date_gmt":"2021-02-23T09:20:14","guid":{"rendered":"https:\/\/feedpixel.com\/product\/import-placeholder-for-3600\/"},"modified":"2026-03-01T01:41:06","modified_gmt":"2026-03-01T05:41:06","slug":"tiktok-fans","status":"publish","type":"product","link":"https:\/\/feedpixel.com\/de\/produkt\/tiktok-fans\/","title":{"rendered":"TikTok-L\u00fcfter"},"content":{"rendered":"<p><a name=\"#tab-description\"><\/a><\/p>\n<h1>Warum Sie TikTok L\u00fcfter kaufen sollten:<\/h1>\n<p>Es ist kein Geheimnis, dass die Leute dazu neigen, Prominenten zu folgen, sei es im Business- oder Modetrend. Die Leute werden sich mehr mit Ihrem TikTok-Profil besch\u00e4ftigen, wenn Sie eine beeindruckende Anzahl von Followern haben. M\u00f6chten Sie Ihr TikTok-Konto schnell wachsen lassen? Sie sind an der richtigen Stelle!<\/p>\n<p>Wenn Sie TikTok Ventilatoren kaufen, erhalten Sie nicht nur ein hochwertiges Produkt, das keine Analogien auf dem Markt hat, sondern auch den Mega-Boom-Service von FeedPixel-Agenten, den wir sofort nach Ihrer Bestellung beauftragen. Der Supportmitarbeiter wird Ihren Fall bearbeiten, m\u00f6gliche Strategien erkl\u00e4ren und alle Ihre Fragen beantworten. Haben Sie noch eine Frage, warum Sie TikTok-Follower von FeedPixel kaufen sollten? Sie haben Recht, wenn Sie sagen, dass dies nicht alle unsere Vorteile sind. Schauen Sie sich diese Formel an und Sie werden verstehen, warum sich unsere Kunden Tag f\u00fcr Tag f\u00fcr uns entscheiden und warum FeedPixel die Nummer eins ist:<\/p>\n<p>Hohe Qualit\u00e4t + 24\/7 kostenloser Agent + Das G\u00fcnstigste + Unbegrenztes Nachf\u00fcllsystem + 24-Stunden-Lieferung + Zuverl\u00e4ssige Website + Akzeptieren Sie PayPal, Visa, Amex, Mastercard, Litecoin, Bitcoin + Kein Passwort + Volle Anonymit\u00e4t + Keine Risiken + Absolut sicher + Riesige Rabatte + Intelligente Strategie + Wir k\u00fcmmern uns um das Gesch\u00e4ft unserer Kunden = all dies nur $ 0,99 f\u00fcr 100 TikTok Follower.<\/p>\n<p>Kommen Sie zu uns und erleben Sie den Luxus-Service noch heute!<\/p>\n<h2><strong>So kaufen Sie TikTok-L\u00fcfter:<\/strong><\/h2>\n<ol>\n<li>W\u00e4hlen Sie das Paket aus, das Sie kaufen m\u00f6chten.<\/li>\n<li>F\u00fcgen Sie Ihren TikTok-Benutzernamen ein.<\/li>\n<li>Klicken Sie auf \u201eIn den Warenkorb\u201c.<\/li>\n<li>Klicken Sie auf \u201eZur Kasse gehen\u201c.<\/li>\n<li>F\u00fcllen Sie die Checkout-Seite aus.<\/li>\n<li>Sobald Sie die erforderlichen Schritte abgeschlossen haben, wird Ihnen ein qualifizierter Support-Mitarbeiter zugeteilt. Dieser pers\u00f6nliche Agent beantwortet alle Ihre Fragen.<\/li>\n<\/ol>","protected":false},"excerpt":{"rendered":"<p><span style=\"color: #ff0000\"><strong>+ KOSTENLOSE TikTok-Ansichten in x10-Kaufbetrag:<\/strong><\/span><\/p>\n<p>(zB 100 Fans = 1000 kostenlose TikTok-Ansichten)<\/p>\n<p>(zB 5000 Fans = 50.000 kostenlose TikTok Views)<\/p>\n<p><a href=\"#tab-description\">Weitere Informationen \u00fcber TikTok L\u00fcfter<\/a><\/p>","protected":false},"featured_media":4094,"comment_status":"open","ping_status":"closed","template":"","meta":{"_acf_changed":false},"product_cat":[41],"product_tag":[42],"class_list":{"0":"post-4064","1":"product","2":"type-product","3":"status-publish","4":"has-post-thumbnail","6":"product_cat-tiktok","7":"product_tag-buy-tiktok-fans","9":"first","10":"instock","11":"sold-individually","12":"shipping-taxable","13":"purchasable","14":"product-type-variable","15":"has-default-attributes"},"bundle_layout":"","bundled_by":["4903"],"bundled_items":[],"acf":[],"_links":{"self":[{"href":"https:\/\/feedpixel.com\/de\/wp-json\/wp\/v2\/product\/4064","targetHints":{"allow":["GET"]}}],"collection":[{"href":"https:\/\/feedpixel.com\/de\/wp-json\/wp\/v2\/product"}],"about":[{"href":"https:\/\/feedpixel.com\/de\/wp-json\/wp\/v2\/types\/product"}],"replies":[{"embeddable":true,"href":"https:\/\/feedpixel.com\/de\/wp-json\/wp\/v2\/comments?post=4064"}],"wp:featuredmedia":[{"embeddable":true,"href":"https:\/\/feedpixel.com\/de\/wp-json\/wp\/v2\/media\/4094"}],"wp:attachment":[{"href":"https:\/\/feedpixel.com\/de\/wp-json\/wp\/v2\/media?parent=4064"}],"wp:term":[{"taxonomy":"product_cat","embeddable":true,"href":"https:\/\/feedpixel.com\/de\/wp-json\/wp\/v2\/product_cat?post=4064"},{"taxonomy":"product_tag","embeddable":true,"href":"https:\/\/feedpixel.com\/de\/wp-json\/wp\/v2\/product_tag?post=4064"}],"curies":[{"name":"wp","href":"https:\/\/api.w.org\/{rel}","templated":true}]}}