{"id":4129,"date":"2021-02-23T09:20:29","date_gmt":"2021-02-23T09:20:29","guid":{"rendered":"https:\/\/feedpixel.com\/product\/import-placeholder-for-3870\/"},"modified":"2022-11-11T04:03:37","modified_gmt":"2022-11-11T08:03:37","slug":"twitter-followers","status":"publish","type":"product","link":"https:\/\/feedpixel.com\/de\/produkt\/twitter-follower\/","title":{"rendered":"Twitter-Follower"},"content":{"rendered":"<p><a name=\"#tab-description\"><\/a><\/p>\n<h1>Warum Sie Twitter-Follower kaufen sollten:<\/h1>\n<p>Was kann Ihnen den Erfolg auf einer der renommiertesten Plattformen wie Twitter sichern? Was kann Ihre organische Reichweite steigern und die Sichtbarkeit der Tweets verbessern, die Sie dort posten? Das sind die kniffligen Fragen, die jeder Twitter-Neuling beantworten muss, wenn er im harten Wettbewerb der etablierten Twitter-Nutzer bestehen will. Das lukrativste Ziel kann zun\u00e4chst entmutigend und kaum erreichbar erscheinen.<\/p>\n<p>Damit Sie mit den anderen mithalten und einen gro\u00dfen Schritt in Richtung Erfolg machen k\u00f6nnen, hat FeedPixel ein paar Geheimwaffen f\u00fcr Sie auf Lager. Ein paar Tausend Twitter-Follower k\u00f6nnen Ihnen dabei helfen, eine Nische f\u00fcr Ihr Unternehmen auf Twitter zu schaffen. Mehr aktive menschliche Follower bedeuten mehr Interaktion mit Ihrer Zielgruppe und damit mehr Retweets und Aufrufe. Das ist genau das, was Sie brauchen.<\/p>\n<p>Wir versprechen Ihnen, dass Sie Geld, M\u00fche und Zeit sparen, wenn Sie mit uns einkaufen. Ein sicheres Zahlungsportal ohne Passwort garantiert Ihnen einen risikofreien Einkauf. Sie k\u00f6nnen Ihre Bestellung auf viele Arten bezahlen, darunter Visa, Mastercard, Amex, PayPal, Bitcoin und Litecoin usw. Au\u00dferdem erhalten Sie rund um die Uhr eine kostenlose Qualit\u00e4tsberatung durch Ihren pers\u00f6nlichen Social-Media-Agenten.<\/p>\n<p>Wir wetten, Sie werden den Service in vollen Z\u00fcgen genie\u00dfen.<\/p>\n<h2><strong>So kaufen Sie Twitter-Follower:<\/strong><\/h2>\n<ol>\n<li>W\u00e4hlen Sie die Option aus, die wir anbieten m\u00f6chten.<\/li>\n<li>Geben Sie Ihren Twitter-Benutzernamen ein.<\/li>\n<li>Klicken Sie dann auf \u201eZum Warenkorb hinzuf\u00fcgen\u201c.<\/li>\n<li>Klicken Sie auf \u201eZur Kasse gehen\u201c.<\/li>\n<li>F\u00fchren Sie die erforderlichen Schritte auf der Checkout-Seite aus.<\/li>\n<li>Sobald Sie die Bestellung abgeschlossen haben, stellen wir Ihnen einen rund um die Uhr erreichbaren Supportmitarbeiter zur Verf\u00fcgung, der rund um die Uhr mit Ihnen in Kontakt bleibt und Ihnen alle n\u00e4chsten Schritte erkl\u00e4rt.<\/li>\n<\/ol>","protected":false},"excerpt":{"rendered":"<p><span style=\"color: #00c9b5;\"><strong>+ KOSTENLOSER 24\/7-Support von einem pers\u00f6nlichen Agenten, um Ihnen das beste Kundenerlebnis zu garantieren<\/strong><\/span><\/p>\n<p><a href=\"#tab-description\">Weitere Informationen zu Twitter-Followern<\/a><\/p>","protected":false},"featured_media":4155,"comment_status":"open","ping_status":"closed","template":"","meta":{"_acf_changed":false},"product_cat":[50],"product_tag":[52],"class_list":{"0":"post-4129","1":"product","2":"type-product","3":"status-publish","4":"has-post-thumbnail","6":"product_cat-twitter","7":"product_tag-buy-twitter-followers","9":"first","10":"outofstock","11":"sold-individually","12":"shipping-taxable","13":"purchasable","14":"product-type-variable"},"bundle_layout":"","bundled_by":[],"bundled_items":[],"acf":[],"_links":{"self":[{"href":"https:\/\/feedpixel.com\/de\/wp-json\/wp\/v2\/product\/4129","targetHints":{"allow":["GET"]}}],"collection":[{"href":"https:\/\/feedpixel.com\/de\/wp-json\/wp\/v2\/product"}],"about":[{"href":"https:\/\/feedpixel.com\/de\/wp-json\/wp\/v2\/types\/product"}],"replies":[{"embeddable":true,"href":"https:\/\/feedpixel.com\/de\/wp-json\/wp\/v2\/comments?post=4129"}],"wp:featuredmedia":[{"embeddable":true,"href":"https:\/\/feedpixel.com\/de\/wp-json\/wp\/v2\/media\/4155"}],"wp:attachment":[{"href":"https:\/\/feedpixel.com\/de\/wp-json\/wp\/v2\/media?parent=4129"}],"wp:term":[{"taxonomy":"product_cat","embeddable":true,"href":"https:\/\/feedpixel.com\/de\/wp-json\/wp\/v2\/product_cat?post=4129"},{"taxonomy":"product_tag","embeddable":true,"href":"https:\/\/feedpixel.com\/de\/wp-json\/wp\/v2\/product_tag?post=4129"}],"curies":[{"name":"wp","href":"https:\/\/api.w.org\/{rel}","templated":true}]}}