{"id":4182,"date":"2021-02-23T09:20:46","date_gmt":"2021-02-23T09:20:46","guid":{"rendered":"https:\/\/feedpixel.com\/product\/import-placeholder-for-3961\/"},"modified":"2026-01-06T13:59:03","modified_gmt":"2026-01-06T17:59:03","slug":"soundcloud-followers","status":"publish","type":"product","link":"https:\/\/feedpixel.com\/de\/produkt\/soundcloud-follower\/","title":{"rendered":"SoundCloud-Anh\u00e4nger"},"content":{"rendered":"<p><a name=\"#tab-description\"><\/a><\/p>\n<h1>Warum Sie SoundCloud Follower kaufen sollten:<\/h1>\n<p>Es ist kein Geheimnis, dass Menschen mehr Menschen anziehen, und SoundCloud ist keine Ausnahme. Je mehr Follower Sie auf Ihrer Seite haben; die neueren werden dir folgen. SoundCloud ist eine gute Plattform, um Ihre Musikkunst zu promoten, und nat\u00fcrlich ist eine der besten Strategien, um richtig zu starten, viele Follower zu haben. Wenn Sie Follower haben, haben Sie die Chance, von ber\u00fchmten Produzenten, Radiosendern und Top-Clubs wahrgenommen zu werden.<\/p>\n<p>FeedPixel bietet den besten SoundCloud-Service mit authentischen Followern. Unsere smarte Strategie ber\u00fccksichtigt Ihre W\u00fcnsche und Ziele \u2013 ein garantiertes Rezept f\u00fcr einen perfekten Musikkarrierestart. Wir k\u00fcmmern uns um die Zeit und das Geld unserer Kunden. Wir stellen SoundCloud-Follower innerhalb von 24 Stunden zur Verf\u00fcgung. Sobald Sie Ihre Bestellung abgeschlossen haben, ernennt Feedpixel einen 24\/7-Supportmitarbeiter f\u00fcr Sie, der Sie von Anfang an w\u00e4hrend des gesamten Prozesses betreut.<\/p>\n<p>Einer der gro\u00dfen Vorteile von FeedPixel ist nicht nur der beste Preis, den Sie je gesehen haben, sondern auch der risikofreie Kauf. Wir ben\u00f6tigen keine Zugangsdaten f\u00fcr das Konto. Stellen Sie bei uns sicher, dass Ihre Angaben automatisch vertraulich behandelt werden. Beste Kundenerfahrung ist garantiert.<\/p>\n<h2><strong>So kaufen Sie SoundCloud-Follower:<\/strong><\/h2>\n<ol>\n<li>W\u00e4hlen Sie die Option aus, die wir anbieten m\u00f6chten.<\/li>\n<li>Geben Sie Ihren SoundCloud Artist Link\/URL in das erforderliche Feld ein.<\/li>\n<li>Gehen Sie zu \u201eIn den Warenkorb\u201c.<\/li>\n<li>Klicken Sie anschlie\u00dfend auf \u201eZur Kasse gehen\u201c.<\/li>\n<li>F\u00fcllen Sie die Checkout-Seite aus.<\/li>\n<li>Sobald Sie die oben genannten Schritte abgeschlossen haben, weist FeedPixel einen rund um die Uhr qualifizierten Support-Mitarbeiter zu, der die richtige Passform f\u00fcr Sie bespricht.<\/li>\n<\/ol>","protected":false},"excerpt":{"rendered":"<p><span style=\"color: #00c9b5\"><strong>+ KOSTENLOSER 24\/7-Support von einem pers\u00f6nlichen Agenten, um Ihnen das beste Kundenerlebnis zu garantieren<\/strong><\/span><\/p>\n<p><a href=\"#tab-description\">Weitere Informationen zu SoundCloud Followern<\/a><\/p>","protected":false},"featured_media":4212,"comment_status":"open","ping_status":"closed","template":"","meta":{"_acf_changed":false},"product_cat":[55],"product_tag":[57],"class_list":{"0":"post-4182","1":"product","2":"type-product","3":"status-publish","4":"has-post-thumbnail","6":"product_cat-soundcloud","7":"product_tag-buy-soundcloud-followers","9":"first","10":"instock","11":"sold-individually","12":"shipping-taxable","13":"purchasable","14":"product-type-variable"},"bundle_layout":"","bundled_by":[],"bundled_items":[],"acf":[],"_links":{"self":[{"href":"https:\/\/feedpixel.com\/de\/wp-json\/wp\/v2\/product\/4182","targetHints":{"allow":["GET"]}}],"collection":[{"href":"https:\/\/feedpixel.com\/de\/wp-json\/wp\/v2\/product"}],"about":[{"href":"https:\/\/feedpixel.com\/de\/wp-json\/wp\/v2\/types\/product"}],"replies":[{"embeddable":true,"href":"https:\/\/feedpixel.com\/de\/wp-json\/wp\/v2\/comments?post=4182"}],"wp:featuredmedia":[{"embeddable":true,"href":"https:\/\/feedpixel.com\/de\/wp-json\/wp\/v2\/media\/4212"}],"wp:attachment":[{"href":"https:\/\/feedpixel.com\/de\/wp-json\/wp\/v2\/media?parent=4182"}],"wp:term":[{"taxonomy":"product_cat","embeddable":true,"href":"https:\/\/feedpixel.com\/de\/wp-json\/wp\/v2\/product_cat?post=4182"},{"taxonomy":"product_tag","embeddable":true,"href":"https:\/\/feedpixel.com\/de\/wp-json\/wp\/v2\/product_tag?post=4182"}],"curies":[{"name":"wp","href":"https:\/\/api.w.org\/{rel}","templated":true}]}}