{"id":4189,"date":"2021-02-23T09:20:47","date_gmt":"2021-02-23T09:20:47","guid":{"rendered":"https:\/\/feedpixel.com\/product\/import-placeholder-for-3970\/"},"modified":"2026-03-16T04:57:36","modified_gmt":"2026-03-16T08:57:36","slug":"soundcloud-plays","status":"publish","type":"product","link":"https:\/\/feedpixel.com\/de\/produkt\/soundcloud-wiedergaben\/","title":{"rendered":"SoundCloud spielt"},"content":{"rendered":"<p><a name=\"#tab-description\"><\/a><\/p>\n<h1>Warum Sie SoundCloud Plays kaufen sollten:<\/h1>\n<p>Seien wir ehrlich, die Leute werden kein Interesse zeigen oder sich mit einem SoundCloud-Profil besch\u00e4ftigen, das nur wenige oder gar keine Plays hat. Sie m\u00f6chten ein Popstar werden und einen Millionenvertrag mit Plattenfirmen abschlie\u00dfen, von renommierten Produzenten wahrgenommen werden und wer wei\u00df, wahrscheinlich den Grammy gewinnen \u2013 beginnen Sie mit ein paar tausend Spielen und Sie werden Ihre schnelle Expansion im SoundCloud-Universum sehen.<\/p>\n<p>Kaufen Sie SoundCloud-Spiele mit FeedPixel und erleben Sie hervorragenden Service. Sobald Sie SoundCloud-Spiele kaufen, beginnt unser Social-Media-Marketing-Agent sofort mit der Arbeit an Ihrem Fall und liefert Ihre Bestellung innerhalb von 24 Stunden. Der Kauf von SoundCloud-Spielen hat einer Reihe von Musikikonen geholfen, ihr Talent zu entfalten. Auf unsere Expertise k\u00f6nnen Sie sich verlassen.<\/p>\n<p>Seien Sie bereit, erstklassigen Service zu erhalten, der sicher zu verwenden ist. FeedPixel verwendet echte SoundCloud-Konten; deshalb gehen Sie keine Risiken ein. Wir k\u00fcmmern uns um die Zeit und die Bem\u00fchungen der Kunden, und unsere intelligente Strategie erm\u00f6glicht es Ihnen, mehrere Zahlungsm\u00f6glichkeiten f\u00fcr die Bestellung zu verwenden, einschlie\u00dflich Litecoin, Bitcoin und andere Kryptow\u00e4hrungen. FeedPixel unschlagbare Preise f\u00fcr alle seine Dienste, und SoundCloud spielt keine Ausnahme. Wir stehen zu unserem Versprechen, Ihrem Talent als Sprungbrett zu dienen und haben bereits Tausenden geholfen. Schlie\u00dfen Sie sich uns jetzt an \u2013 lassen Sie Ihrer Zukunft Fl\u00fcgel zum Fliegen wachsen.<\/p>\n<h2><strong>So kaufen Sie SoundCloud-Spiele:<\/strong><\/h2>\n<ol>\n<li>W\u00e4hlen Sie das richtige Paket.<\/li>\n<li>F\u00fcgen Sie Ihren Soundcloud Tracks Link\/URL ein.<\/li>\n<li>Klicken Sie auf \u201eIn den Warenkorb\u201c.<\/li>\n<li>Klicken Sie auf \u201eZur Kasse gehen\u201c.<\/li>\n<li>F\u00fcllen Sie alle Felder auf der Checkout-Seite aus.<\/li>\n<li>Sobald Sie die erforderlichen Schritte abgeschlossen haben, wird FeedPixel einen qualifizierten Support-Agenten beauftragen, der Ihnen alles \u00fcber die n\u00e4chsten Schritte erkl\u00e4rt.<\/li>\n<\/ol>","protected":false},"excerpt":{"rendered":"<p><span style=\"color: #00c9b5\"><strong>+ KOSTENLOSER 24\/7-Support von einem pers\u00f6nlichen Agenten, um Ihnen das beste Kundenerlebnis zu garantieren<\/strong><\/span><\/p>\n<p><a href=\"#tab-description\">Weitere Informationen zu SoundCloud Plays<\/a><\/p>","protected":false},"featured_media":4219,"comment_status":"open","ping_status":"closed","template":"","meta":{"_acf_changed":false},"product_cat":[55],"product_tag":[58],"class_list":{"0":"post-4189","1":"product","2":"type-product","3":"status-publish","4":"has-post-thumbnail","6":"product_cat-soundcloud","7":"product_tag-buy-soundcloud-plays","9":"first","10":"instock","11":"sold-individually","12":"shipping-taxable","13":"purchasable","14":"product-type-variable"},"bundle_layout":"","bundled_by":[],"bundled_items":[],"acf":[],"_links":{"self":[{"href":"https:\/\/feedpixel.com\/de\/wp-json\/wp\/v2\/product\/4189","targetHints":{"allow":["GET"]}}],"collection":[{"href":"https:\/\/feedpixel.com\/de\/wp-json\/wp\/v2\/product"}],"about":[{"href":"https:\/\/feedpixel.com\/de\/wp-json\/wp\/v2\/types\/product"}],"replies":[{"embeddable":true,"href":"https:\/\/feedpixel.com\/de\/wp-json\/wp\/v2\/comments?post=4189"}],"wp:featuredmedia":[{"embeddable":true,"href":"https:\/\/feedpixel.com\/de\/wp-json\/wp\/v2\/media\/4219"}],"wp:attachment":[{"href":"https:\/\/feedpixel.com\/de\/wp-json\/wp\/v2\/media?parent=4189"}],"wp:term":[{"taxonomy":"product_cat","embeddable":true,"href":"https:\/\/feedpixel.com\/de\/wp-json\/wp\/v2\/product_cat?post=4189"},{"taxonomy":"product_tag","embeddable":true,"href":"https:\/\/feedpixel.com\/de\/wp-json\/wp\/v2\/product_tag?post=4189"}],"curies":[{"name":"wp","href":"https:\/\/api.w.org\/{rel}","templated":true}]}}