{"id":4366,"date":"2021-02-23T09:21:50","date_gmt":"2021-02-23T09:21:50","guid":{"rendered":"https:\/\/feedpixel.com\/product\/import-placeholder-for-4193\/"},"modified":"2026-03-16T05:09:05","modified_gmt":"2026-03-16T09:09:05","slug":"twitch-followers","status":"publish","type":"product","link":"https:\/\/feedpixel.com\/de\/produkt\/twitch-follower\/","title":{"rendered":"Twitch-Follower"},"content":{"rendered":"<p><a name=\"#tab-description\"><\/a><\/p>\n<h1>Warum Sie Twitch Follower kaufen sollten:<\/h1>\n<p>Die kl\u00fcgsten Twitch-Streamer verwenden heutzutage effektive Taktiken, um Menschen zu begeistern \u2013 Millionen ihrer Twitch-Kanal-Follower erledigen die Arbeit f\u00fcr sie. Sie wissen, je mehr Follower sie haben, desto mehr neue werden sie anziehen, also kaufen sie Twitch-Follower. Was hindert Sie daran, die Autorit\u00e4t Ihres Twitch-Kanals mit FeedPixel zu etablieren?<\/p>\n<p>Durch den Kauf von Twitch-Followern von FeedPixel erhalten Sie hochwertige Kontobenutzer und einen hochwertigen Service. Und was ist der Preis f\u00fcr all dieses Vergn\u00fcgen? Nur $ 1,99! Der niedrigste auf dem Markt f\u00fcr den Qualit\u00e4tsservice. Au\u00dferdem ergreifen wir Sicherheitsma\u00dfnahmen und k\u00fcmmern uns um Ihre Sicherheit, daher ben\u00f6tigen wir kein Passwort oder private Informationen. Ein weiterer Vorteil des Kaufs von Twitch-Followern von FeedPixel ist ein qualifizierter Social-Media-Marketing-Agent, der rund um die Uhr mit Ihnen in Kontakt steht. Ihr Erfolg ist auch unser Erfolg, also seien Sie versichert, dass dieser Service ein Nachf\u00fcllsystem beinhaltet.<\/p>\n<p>F\u00fcr Ihre Bequemlichkeit gibt es Wochen- und Monatspakete, die den Service von FeedPixel noch attraktiver machen. Schauen Sie sich diese an, w\u00e4hlen Sie Ihre aus und lassen Sie uns die Werbearbeit f\u00fcr Sie erledigen. Die Ergebnisse sind un\u00fcbertroffen und das reaktionsschnelle Team von Fachleuten steht Ihnen ohne zus\u00e4tzliche Kosten zur Verf\u00fcgung!<\/p>\n<h2><strong>So kaufen Sie Twitch-Follower:<\/strong><\/h2>\n<ol>\n<li>W\u00e4hlen Sie die Option aus, die wir anbieten m\u00f6chten.<\/li>\n<li>Geben Sie Ihre Twitch-Kanal-URL ein.<\/li>\n<li>Klicken Sie auf \u201eIn den Warenkorb\u201c.<\/li>\n<li>Klicken Sie anschlie\u00dfend auf \u201eZur Kasse gehen\u201c.<\/li>\n<li>Vervollst\u00e4ndigen Sie die Checkout-Seite.<\/li>\n<li>Sobald Sie die erforderlichen Schritte abgeschlossen haben, wird unser Unternehmen einen qualifizierten 24\/7-Supportmitarbeiter einstellen, der Ihnen alles \u00fcber die n\u00e4chsten Schritte erkl\u00e4rt.<\/li>\n<\/ol>","protected":false},"excerpt":{"rendered":"<p><span class=\"emoji\">\u26a0\ufe0fTwitch Follower k\u00f6nnen l\u00e4nger als gew\u00f6hnlich dauern <span style=\"color: red\"><strong>(kann bis zu mehreren Wochen dauern)<\/strong><\/span>. Bitte ber\u00fccksichtigen Sie dies bei Ihrer Bestellung. Wir bitten um Ihr Verst\u00e4ndnis.<\/span><\/p>\n<p><a href=\"#tab-description\">Weitere Informationen zu Twitch-Followern<\/a><\/p>","protected":false},"featured_media":4396,"comment_status":"open","ping_status":"closed","template":"","meta":{"_acf_changed":false},"product_cat":[76],"product_tag":[77],"class_list":{"0":"post-4366","1":"product","2":"type-product","3":"status-publish","4":"has-post-thumbnail","6":"product_cat-twitch","7":"product_tag-buy-twitch-followers","9":"first","10":"instock","11":"sold-individually","12":"shipping-taxable","13":"purchasable","14":"product-type-variable"},"bundle_layout":"","bundled_by":[],"bundled_items":[],"acf":[],"_links":{"self":[{"href":"https:\/\/feedpixel.com\/de\/wp-json\/wp\/v2\/product\/4366","targetHints":{"allow":["GET"]}}],"collection":[{"href":"https:\/\/feedpixel.com\/de\/wp-json\/wp\/v2\/product"}],"about":[{"href":"https:\/\/feedpixel.com\/de\/wp-json\/wp\/v2\/types\/product"}],"replies":[{"embeddable":true,"href":"https:\/\/feedpixel.com\/de\/wp-json\/wp\/v2\/comments?post=4366"}],"wp:featuredmedia":[{"embeddable":true,"href":"https:\/\/feedpixel.com\/de\/wp-json\/wp\/v2\/media\/4396"}],"wp:attachment":[{"href":"https:\/\/feedpixel.com\/de\/wp-json\/wp\/v2\/media?parent=4366"}],"wp:term":[{"taxonomy":"product_cat","embeddable":true,"href":"https:\/\/feedpixel.com\/de\/wp-json\/wp\/v2\/product_cat?post=4366"},{"taxonomy":"product_tag","embeddable":true,"href":"https:\/\/feedpixel.com\/de\/wp-json\/wp\/v2\/product_tag?post=4366"}],"curies":[{"name":"wp","href":"https:\/\/api.w.org\/{rel}","templated":true}]}}