{"id":4505,"date":"2021-02-23T09:23:38","date_gmt":"2021-02-23T09:23:38","guid":{"rendered":"https:\/\/feedpixel.com\/product\/import-placeholder-for-4497\/"},"modified":"2026-05-03T03:57:31","modified_gmt":"2026-05-03T07:57:31","slug":"free-tiktok","status":"publish","type":"product","link":"https:\/\/feedpixel.com\/de\/produkt\/kostenlos-tiktok-2\/","title":{"rendered":"Kostenlose TikTok"},"content":{"rendered":"","protected":false},"excerpt":{"rendered":"<p>M\u00f6chten Sie kostenlose TikTok-Aufrufe erhalten, um Ihr Video viral zu machen? F\u00fchren Sie die folgenden Schritte aus und f\u00fcgen Sie die Links zu dem von Ihnen erstellten Video ein, das die Bedingungen erf\u00fcllt. Erhalten Sie Ihre kostenlosen Aufrufe in 24 Stunden oder weniger.<\/p>\n<ol>\n<li><strong>So erhalten Sie 1.000 kostenlose TikTok-Aufrufe:<\/strong><br \/>\nFolgen <a href=\"https:\/\/tiktok.com\/@feedpixel\"><strong>@feedpixel<\/strong><\/a> auf TikTok &amp; Like 1. Beitrag von <a href=\"https:\/\/tiktok.com\/@feedpixel\"><strong>@feedpixel<\/strong><\/a><\/li>\n<li><strong>So erhalten Sie 50.000 kostenlose TikTok-Aufrufe:<\/strong><br \/>\nMachen Sie ein Video \u00fcber unsere neue <a href=\"https:\/\/feedpixel.com\/de\/tiktok-money-calculator\/\"><strong>TikTok-Geldrechner<\/strong><\/a> und posten Sie es auf Ihrem TikTok-Konto.<\/li>\n<li><strong>So erhalten Sie 100.000 kostenlose TikTok-Aufrufe:<\/strong><br \/>\nMachen Sie ein Video \u00fcber unsere neue<a href=\"https:\/\/feedpixel.com\/de\/tiktok-money-calculator\/\"><strong> TikTok-Geldrechner<\/strong><\/a> und auf YouTube ver\u00f6ffentlichen.<\/li>\n<\/ol>\n<hr \/>\n<p><span style=\"color: #ff0000;\"><strong>1 Bestellung pro 24 Stunden. Mehrfachbestellungen werden gel\u00f6scht.<\/strong><\/span><\/p>","protected":false},"featured_media":4534,"comment_status":"open","ping_status":"closed","template":"","meta":{"_acf_changed":false},"product_cat":[92],"product_tag":[99,100,101,102,103],"class_list":{"0":"post-4505","1":"product","2":"type-product","3":"status-publish","4":"has-post-thumbnail","6":"product_cat-free","7":"product_tag-free-tiktok-fans","8":"product_tag-free-tiktok-followers","9":"product_tag-free-tiktok-likes","10":"product_tag-free-tiktok-shares","11":"product_tag-free-tiktok-views","13":"first","14":"outofstock","15":"sold-individually","16":"shipping-taxable","17":"purchasable","18":"product-type-variable"},"bundle_layout":"","bundled_by":[],"bundled_items":[],"acf":[],"_links":{"self":[{"href":"https:\/\/feedpixel.com\/de\/wp-json\/wp\/v2\/product\/4505","targetHints":{"allow":["GET"]}}],"collection":[{"href":"https:\/\/feedpixel.com\/de\/wp-json\/wp\/v2\/product"}],"about":[{"href":"https:\/\/feedpixel.com\/de\/wp-json\/wp\/v2\/types\/product"}],"replies":[{"embeddable":true,"href":"https:\/\/feedpixel.com\/de\/wp-json\/wp\/v2\/comments?post=4505"}],"wp:featuredmedia":[{"embeddable":true,"href":"https:\/\/feedpixel.com\/de\/wp-json\/wp\/v2\/media\/4534"}],"wp:attachment":[{"href":"https:\/\/feedpixel.com\/de\/wp-json\/wp\/v2\/media?parent=4505"}],"wp:term":[{"taxonomy":"product_cat","embeddable":true,"href":"https:\/\/feedpixel.com\/de\/wp-json\/wp\/v2\/product_cat?post=4505"},{"taxonomy":"product_tag","embeddable":true,"href":"https:\/\/feedpixel.com\/de\/wp-json\/wp\/v2\/product_tag?post=4505"}],"curies":[{"name":"wp","href":"https:\/\/api.w.org\/{rel}","templated":true}]}}