{"id":5418,"date":"2021-03-12T11:47:50","date_gmt":"2021-03-12T15:47:50","guid":{"rendered":"https:\/\/feedpixel.com\/?post_type=product&#038;p=5418"},"modified":"2024-09-25T23:51:53","modified_gmt":"2024-09-26T03:51:53","slug":"spotify-playlist-plays","status":"publish","type":"product","link":"https:\/\/feedpixel.com\/de\/produkt\/spotify-wiedergabelisten-wiedergaben\/","title":{"rendered":"Spotify Playlist-Wiedergaben"},"content":{"rendered":"<h2><strong>So kaufen Sie Spotify Playlist Plays:<\/strong><\/h2>\n<ol>\n<li>W\u00e4hlen Sie das von uns gew\u00fcnschte Paket aus.<\/li>\n<li>Geben Sie einen URL-Link zu Ihrer Spotify-Wiedergabeliste ein.<\/li>\n<li>Klicken Sie auf &quot;In den Warenkorb&quot;.<\/li>\n<li>Gehen Sie zu \u201eZur Kasse gehen\u201c.<\/li>\n<li>F\u00fcllen Sie alle erforderlichen Informationen auf der Checkout-Seite aus.<\/li>\n<li>F\u00fchren Sie die oben genannten Schritte aus und wir werden einen qualifizierten 24\/7-Supportmitarbeiter beauftragen, der Ihnen alles \u00fcber die n\u00e4chsten Schritte erkl\u00e4rt.<\/li>\n<\/ol>","protected":false},"excerpt":{"rendered":"<p><span style=\"color: #00c9b5\"><strong>+ KOSTENLOSER 24\/7-Support von einem pers\u00f6nlichen Agenten, um Ihnen das beste Kundenerlebnis zu garantieren<\/strong><\/span><\/p>","protected":false},"featured_media":5303,"comment_status":"open","ping_status":"closed","template":"","meta":{"_acf_changed":false},"product_cat":[15,140],"product_tag":[],"class_list":{"0":"post-5418","1":"product","2":"type-product","3":"status-publish","4":"has-post-thumbnail","6":"product_cat-uncategorized","7":"product_cat-spotify","9":"first","10":"outofstock","11":"sold-individually","12":"shipping-taxable","13":"purchasable","14":"product-type-variable"},"bundle_layout":"","bundled_by":[],"bundled_items":[],"acf":[],"_links":{"self":[{"href":"https:\/\/feedpixel.com\/de\/wp-json\/wp\/v2\/product\/5418","targetHints":{"allow":["GET"]}}],"collection":[{"href":"https:\/\/feedpixel.com\/de\/wp-json\/wp\/v2\/product"}],"about":[{"href":"https:\/\/feedpixel.com\/de\/wp-json\/wp\/v2\/types\/product"}],"replies":[{"embeddable":true,"href":"https:\/\/feedpixel.com\/de\/wp-json\/wp\/v2\/comments?post=5418"}],"wp:featuredmedia":[{"embeddable":true,"href":"https:\/\/feedpixel.com\/de\/wp-json\/wp\/v2\/media\/5303"}],"wp:attachment":[{"href":"https:\/\/feedpixel.com\/de\/wp-json\/wp\/v2\/media?parent=5418"}],"wp:term":[{"taxonomy":"product_cat","embeddable":true,"href":"https:\/\/feedpixel.com\/de\/wp-json\/wp\/v2\/product_cat?post=5418"},{"taxonomy":"product_tag","embeddable":true,"href":"https:\/\/feedpixel.com\/de\/wp-json\/wp\/v2\/product_tag?post=5418"}],"curies":[{"name":"wp","href":"https:\/\/api.w.org\/{rel}","templated":true}]}}