{"id":5425,"date":"2021-03-12T11:53:12","date_gmt":"2021-03-12T15:53:12","guid":{"rendered":"https:\/\/feedpixel.com\/?post_type=product&#038;p=5425"},"modified":"2023-02-25T04:31:19","modified_gmt":"2023-02-25T08:31:19","slug":"spotify-track-plays","status":"publish","type":"product","link":"https:\/\/feedpixel.com\/de\/produkt\/spotify-titelwiedergaben\/","title":{"rendered":"Spotify-Titelwiedergaben"},"content":{"rendered":"<h2><strong>So kaufen Sie Spotify-Trackplays:<\/strong><\/h2>\n<ol>\n<li>W\u00e4hlen Sie das von uns gew\u00fcnschte Paket aus.<\/li>\n<li>Geben Sie einen URL-Link zu Ihrem Spotify-Track ein.<\/li>\n<li>Klicken Sie auf &quot;In den Warenkorb&quot;.<\/li>\n<li>Gehen Sie zu \u201eZur Kasse gehen\u201c.<\/li>\n<li>F\u00fcllen Sie alle erforderlichen Informationen auf der Checkout-Seite aus.<\/li>\n<li>F\u00fchren Sie die oben genannten Schritte aus und wir werden einen qualifizierten 24\/7-Supportmitarbeiter beauftragen, der Ihnen alles \u00fcber die n\u00e4chsten Schritte erkl\u00e4rt.<\/li>\n<\/ol>","protected":false},"excerpt":{"rendered":"<p><span class=\"emoji\">\u26a0\ufe0fDie Wiedergabe von Spotify-Titeln funktioniert langsamer als gew\u00f6hnlich <span style=\"color: red\"><strong>(bei gro\u00dfen Betr\u00e4gen kann die Dauer bis zu mehreren Wochen betragen)<\/strong><\/span>. Bitte ber\u00fccksichtigen Sie dies bei Ihrer Bestellung. Wir danken Ihnen f\u00fcr Ihr Verst\u00e4ndnis!<\/span><\/p>","protected":false},"featured_media":5306,"comment_status":"open","ping_status":"closed","template":"","meta":{"_acf_changed":false},"product_cat":[140],"product_tag":[],"class_list":{"0":"post-5425","1":"product","2":"type-product","3":"status-publish","4":"has-post-thumbnail","6":"product_cat-spotify","8":"first","9":"outofstock","10":"sold-individually","11":"shipping-taxable","12":"purchasable","13":"product-type-variable"},"bundle_layout":"","bundled_by":[],"bundled_items":[],"acf":[],"_links":{"self":[{"href":"https:\/\/feedpixel.com\/de\/wp-json\/wp\/v2\/product\/5425","targetHints":{"allow":["GET"]}}],"collection":[{"href":"https:\/\/feedpixel.com\/de\/wp-json\/wp\/v2\/product"}],"about":[{"href":"https:\/\/feedpixel.com\/de\/wp-json\/wp\/v2\/types\/product"}],"replies":[{"embeddable":true,"href":"https:\/\/feedpixel.com\/de\/wp-json\/wp\/v2\/comments?post=5425"}],"wp:featuredmedia":[{"embeddable":true,"href":"https:\/\/feedpixel.com\/de\/wp-json\/wp\/v2\/media\/5306"}],"wp:attachment":[{"href":"https:\/\/feedpixel.com\/de\/wp-json\/wp\/v2\/media?parent=5425"}],"wp:term":[{"taxonomy":"product_cat","embeddable":true,"href":"https:\/\/feedpixel.com\/de\/wp-json\/wp\/v2\/product_cat?post=5425"},{"taxonomy":"product_tag","embeddable":true,"href":"https:\/\/feedpixel.com\/de\/wp-json\/wp\/v2\/product_tag?post=5425"}],"curies":[{"name":"wp","href":"https:\/\/api.w.org\/{rel}","templated":true}]}}