{"id":5435,"date":"2021-03-12T11:58:39","date_gmt":"2021-03-12T15:58:39","guid":{"rendered":"https:\/\/feedpixel.com\/?post_type=product&#038;p=5435"},"modified":"2022-01-04T04:04:25","modified_gmt":"2022-01-04T08:04:25","slug":"spotify-saves","status":"publish","type":"product","link":"https:\/\/feedpixel.com\/de\/produkt\/spotify-speichert\/","title":{"rendered":"Spotify speichert"},"content":{"rendered":"<h2><strong>So kaufen Sie Spotify-Speicherpl\u00e4tze:<\/strong><\/h2>\n<ol>\n<li>W\u00e4hlen Sie das von uns gew\u00fcnschte Paket aus.<\/li>\n<li>Geben Sie einen URL-Link zu Ihrem Spotify-Track ein.<\/li>\n<li>Klicken Sie auf &quot;In den Warenkorb&quot;.<\/li>\n<li>Gehen Sie zu \u201eZur Kasse gehen\u201c.<\/li>\n<li>F\u00fcllen Sie alle erforderlichen Informationen auf der Checkout-Seite aus.<\/li>\n<li>F\u00fchren Sie die oben genannten Schritte aus und wir werden einen qualifizierten 24\/7-Supportmitarbeiter beauftragen, der Ihnen alles \u00fcber die n\u00e4chsten Schritte erkl\u00e4rt.<\/li>\n<\/ol>","protected":false},"excerpt":{"rendered":"<p><span style=\"color: #00c9b5\"><strong>+ KOSTENLOSER 24\/7-Support von einem pers\u00f6nlichen Agenten, um Ihnen das beste Kundenerlebnis zu garantieren<\/strong><\/span><\/p>","protected":false},"featured_media":5316,"comment_status":"open","ping_status":"closed","template":"","meta":{"_acf_changed":false},"product_cat":[140],"product_tag":[],"class_list":{"0":"post-5435","1":"product","2":"type-product","3":"status-publish","4":"has-post-thumbnail","6":"product_cat-spotify","8":"first","9":"outofstock","10":"sold-individually","11":"shipping-taxable","12":"purchasable","13":"product-type-variable"},"bundle_layout":"","bundled_by":[],"bundled_items":[],"acf":[],"_links":{"self":[{"href":"https:\/\/feedpixel.com\/de\/wp-json\/wp\/v2\/product\/5435","targetHints":{"allow":["GET"]}}],"collection":[{"href":"https:\/\/feedpixel.com\/de\/wp-json\/wp\/v2\/product"}],"about":[{"href":"https:\/\/feedpixel.com\/de\/wp-json\/wp\/v2\/types\/product"}],"replies":[{"embeddable":true,"href":"https:\/\/feedpixel.com\/de\/wp-json\/wp\/v2\/comments?post=5435"}],"wp:featuredmedia":[{"embeddable":true,"href":"https:\/\/feedpixel.com\/de\/wp-json\/wp\/v2\/media\/5316"}],"wp:attachment":[{"href":"https:\/\/feedpixel.com\/de\/wp-json\/wp\/v2\/media?parent=5435"}],"wp:term":[{"taxonomy":"product_cat","embeddable":true,"href":"https:\/\/feedpixel.com\/de\/wp-json\/wp\/v2\/product_cat?post=5435"},{"taxonomy":"product_tag","embeddable":true,"href":"https:\/\/feedpixel.com\/de\/wp-json\/wp\/v2\/product_tag?post=5435"}],"curies":[{"name":"wp","href":"https:\/\/api.w.org\/{rel}","templated":true}]}}