{"id":3889,"date":"2021-02-23T09:19:24","date_gmt":"2021-02-23T09:19:24","guid":{"rendered":"https:\/\/feedpixel.com\/product\/import-placeholder-for-2851\/"},"modified":"2026-03-16T02:23:05","modified_gmt":"2026-03-16T06:23:05","slug":"instagram-likes","status":"publish","type":"product","link":"https:\/\/feedpixel.com\/es\/producto\/me-gusta-en-instagram\/","title":{"rendered":"Me gusta de Instagram"},"content":{"rendered":"<p><a name=\"#tab-description\"><\/a><\/p>\n<h1>Por qu\u00e9 deber\u00eda comprar Me gusta Instagram:<\/h1>\n<p>Existe una fuerte conexi\u00f3n entre comprar Me gusta Instagram y conseguir seguidores Instagram. Compre Me gusta Instagram y aumente el compromiso de los nuevos seguidores en su cuenta. Las personas ver\u00e1n los me gusta de tu publicaci\u00f3n y decidir\u00e1n si tu contenido es relevante para ellos o no. En varios casos, las personas pueden no estar interesadas en tu contenido, pero a\u00fan as\u00ed te seguir\u00e1n si tienes miles de seguidores. Esto es pura psicolog\u00eda, y puede confiar en nuestra experiencia en este campo y en nuestros an\u00e1lisis profundos del d\u00eda a d\u00eda del mercado.<\/p>\n<p>Por lo general, los propietarios de negocios compran Me gusta Instagram para sus productos para obtener los m\u00e1ximos beneficios a trav\u00e9s de una gran visibilidad de ellos. Es obvio que la gente solo comprar\u00e1 un producto o servicio que tenga m\u00e1s likes como muestra clara de su usabilidad y calidad. Muchos conf\u00edan en una gran cantidad de Me gusta porque lo consideran una recomendaci\u00f3n personal de expertos. Al comprar Me gusta Instagram de FeedPixel, obtendr\u00e1 un servicio de calidad suprema. Todos los Me gusta de Instagram de usuarios reales y activos de Instagram. El servicio de compra en s\u00ed es seguro y no requiere datos de inicio de sesi\u00f3n de Instagram.<\/p>\n<p>Para ayudarlo a aprovechar al m\u00e1ximo nuestro servicio, un agente de marketing de redes sociales asignado espec\u00edficamente estar\u00e1 en contacto las 24 horas del d\u00eda, los 7 d\u00edas de la semana; si\u00e9ntase libre de hacer cualquier pregunta candente. Tambi\u00e9n proporcionamos un sistema de recarga exclusivo orientado a ayudar a nuestros clientes a mantener la cantidad correcta de Me gusta constantemente. Adem\u00e1s, los precios de los servicios FeedPixel son los m\u00e1s bajos del mercado. Podemos superar cualquiera de los precios existentes, por eso la gente nos elige.<\/p>\n<h2><strong>C\u00f3mo comprar Me gusta Instagram:<\/strong><\/h2>\n<ol>\n<li>Elija la opci\u00f3n que desea que le brindemos.<\/li>\n<li>Ingrese su URL de publicaci\u00f3n Instagram.<\/li>\n<li>Vaya a &quot;Agregar al carrito&quot;.<\/li>\n<li>Haga clic en &quot;Continuar con el pago&quot;.<\/li>\n<li>Complete la p\u00e1gina de pago.<\/li>\n<li>Una vez que complete los pasos requeridos, nuestra empresa le asignar\u00e1 un agente de soporte calificado las 24 horas del d\u00eda, los 7 d\u00edas de la semana, que le explicar\u00e1 todo sobre los siguientes pasos.<\/li>\n<\/ol>","protected":false},"excerpt":{"rendered":"<p><span style=\"color: #cc0000\"><strong>\u00a1IMPORTANTE!<\/strong><\/span> El formato del enlace debe ser exactamente el mismo que el del siguiente ejemplo; aseg\u00farese de agregar &quot;\/&quot; al final del enlace.<\/p>\n<p><span style=\"color: #00c9b5\"><strong>Ejemplo de enlace:<\/strong><\/span> https:\/\/www.instagram.com\/p\/CbXtoj_MC2p\/<br \/>\n<span style=\"color: #00c9b5\"><strong>Ejemplo de enlace incorrecto:<\/strong><\/span>\u00a0@oficialrickastley<\/p>","protected":false},"featured_media":3919,"comment_status":"open","ping_status":"closed","template":"","meta":{"_acf_changed":false},"product_cat":[17],"product_tag":[18],"class_list":{"0":"post-3889","1":"product","2":"type-product","3":"status-publish","4":"has-post-thumbnail","6":"product_cat-instagram","7":"product_tag-buy-instagram-likes","9":"first","10":"instock","11":"sold-individually","12":"shipping-taxable","13":"purchasable","14":"product-type-variable"},"bundle_layout":"","bundled_by":["4898"],"bundled_items":[],"acf":[],"_links":{"self":[{"href":"https:\/\/feedpixel.com\/es\/wp-json\/wp\/v2\/product\/3889","targetHints":{"allow":["GET"]}}],"collection":[{"href":"https:\/\/feedpixel.com\/es\/wp-json\/wp\/v2\/product"}],"about":[{"href":"https:\/\/feedpixel.com\/es\/wp-json\/wp\/v2\/types\/product"}],"replies":[{"embeddable":true,"href":"https:\/\/feedpixel.com\/es\/wp-json\/wp\/v2\/comments?post=3889"}],"wp:featuredmedia":[{"embeddable":true,"href":"https:\/\/feedpixel.com\/es\/wp-json\/wp\/v2\/media\/3919"}],"wp:attachment":[{"href":"https:\/\/feedpixel.com\/es\/wp-json\/wp\/v2\/media?parent=3889"}],"wp:term":[{"taxonomy":"product_cat","embeddable":true,"href":"https:\/\/feedpixel.com\/es\/wp-json\/wp\/v2\/product_cat?post=3889"},{"taxonomy":"product_tag","embeddable":true,"href":"https:\/\/feedpixel.com\/es\/wp-json\/wp\/v2\/product_tag?post=3889"}],"curies":[{"name":"wp","href":"https:\/\/api.w.org\/{rel}","templated":true}]}}