{"id":3890,"date":"2021-02-23T09:19:24","date_gmt":"2021-02-23T09:19:24","guid":{"rendered":"https:\/\/feedpixel.com\/product\/import-placeholder-for-2884\/"},"modified":"2025-06-14T02:13:56","modified_gmt":"2025-06-14T06:13:56","slug":"instagram-followers","status":"publish","type":"product","link":"https:\/\/feedpixel.com\/es\/producto\/seguidores-de-instagram\/","title":{"rendered":"Seguidores de Instagram"},"content":{"rendered":"<p><a name=\"#tab-description\"><\/a><\/p>\n<h1>Por qu\u00e9 deber\u00edas comprar seguidores Instagram:<\/h1>\n<p>Imagina que alguien tiene un fuerte respaldo de seguidores, digamos 10k fan\u00e1ticos hambrientos de contenido. \u00bfNo llamar\u00eda esto su atenci\u00f3n inmediata? Apuesto a que encontrar\u00e1s muchas razones para unirte a la liga de seguidores, al igual que otros. Por lo tanto, decimos que comprar seguidores Instagram conducir\u00e1 al crecimiento de su negocio y aumentar\u00e1 enormemente su popularidad.<\/p>\n<p>La gente suele tratar a una gran cantidad de seguidores de la cuenta como una buena se\u00f1al y conf\u00eda en ella a la hora de elegir qu\u00e9 leer o ver. Por supuesto que no todo el mundo es igual, pero la mayor\u00eda piensa lo mismo. Entonces, tener un seguimiento decente es lo que te da el poder secreto de entrar en la liga alta de Instagrammers, sin importar la raz\u00f3n por la que quieras estar entre ellos.<\/p>\n<p>Comprar seguidores Instagram de una fuente confiable como FeedPixel permite a las peque\u00f1as empresas, emprendedores individuales, artistas independientes, personas influyentes y todos los dem\u00e1s para llegar a la cima y alcanzar el objetivo de manera f\u00e1cil. Con los gastos m\u00e1s bajos, disfrutar\u00e1 de un servicio de calidad, un soporte receptivo las 24 horas, los 7 d\u00edas de la semana con la asistencia de un consultor individual y usuarios reales y activos de Instagram como sus aliados en una presencia exitosa en los medios. El sistema de recarga tambi\u00e9n funciona a su favor. \u00a1No querr\u00e1s perder una oportunidad entre un mill\u00f3n!<\/p>\n<h2><strong>C\u00f3mo comprar seguidores Instagram:<\/strong><\/h2>\n<ol>\n<li>Elija el paquete que desea que le proporcionemos.<\/li>\n<li>Ingrese su nombre de usuario Instagram.<\/li>\n<li>Haz clic en &quot;Agregar al carrito&quot;.<\/li>\n<li>Vaya a &quot;Continuar con el pago&quot;.<\/li>\n<li>Complete toda la informaci\u00f3n requerida en la p\u00e1gina de pago.<\/li>\n<li>Complete los pasos anteriores y adjuntaremos un agente de soporte calificado las 24 horas, los 7 d\u00edas de la semana, que le explicar\u00e1 todo sobre los pr\u00f3ximos pasos.<\/li>\n<\/ol>","protected":false},"excerpt":{"rendered":"<p><span style=\"color: #cc0000\"><strong>\u00a1IMPORTANTE!<\/strong><\/span> El formato del enlace debe ser exactamente el mismo que el del siguiente ejemplo; aseg\u00farese de agregar &quot;\/&quot; al final del enlace.<\/p>\n<p><span style=\"color: #00c9b5\"><strong>Ejemplo de enlace:<\/strong><\/span> https:\/\/www.instagram.com\/officialrickastley\/<br \/>\n<span style=\"color: #00c9b5\"><strong>Ejemplo de enlace incorrecto:<\/strong><\/span>\u00a0@oficialrickastley<\/p>","protected":false},"featured_media":3920,"comment_status":"open","ping_status":"closed","template":"","meta":{"_acf_changed":false},"product_cat":[17],"product_tag":[19],"class_list":{"0":"post-3890","1":"product","2":"type-product","3":"status-publish","4":"has-post-thumbnail","6":"product_cat-instagram","7":"product_tag-buy-instagram-followers","9":"first","10":"instock","11":"sold-individually","12":"shipping-taxable","13":"purchasable","14":"product-type-variable"},"bundle_layout":"","bundled_by":["4898"],"bundled_items":[],"acf":[],"_links":{"self":[{"href":"https:\/\/feedpixel.com\/es\/wp-json\/wp\/v2\/product\/3890","targetHints":{"allow":["GET"]}}],"collection":[{"href":"https:\/\/feedpixel.com\/es\/wp-json\/wp\/v2\/product"}],"about":[{"href":"https:\/\/feedpixel.com\/es\/wp-json\/wp\/v2\/types\/product"}],"replies":[{"embeddable":true,"href":"https:\/\/feedpixel.com\/es\/wp-json\/wp\/v2\/comments?post=3890"}],"wp:featuredmedia":[{"embeddable":true,"href":"https:\/\/feedpixel.com\/es\/wp-json\/wp\/v2\/media\/3920"}],"wp:attachment":[{"href":"https:\/\/feedpixel.com\/es\/wp-json\/wp\/v2\/media?parent=3890"}],"wp:term":[{"taxonomy":"product_cat","embeddable":true,"href":"https:\/\/feedpixel.com\/es\/wp-json\/wp\/v2\/product_cat?post=3890"},{"taxonomy":"product_tag","embeddable":true,"href":"https:\/\/feedpixel.com\/es\/wp-json\/wp\/v2\/product_tag?post=3890"}],"curies":[{"name":"wp","href":"https:\/\/api.w.org\/{rel}","templated":true}]}}