{"id":3899,"date":"2021-02-23T09:19:24","date_gmt":"2021-02-23T09:19:24","guid":{"rendered":"https:\/\/feedpixel.com\/product\/import-placeholder-for-2944\/"},"modified":"2026-02-26T01:26:57","modified_gmt":"2026-02-26T05:26:57","slug":"instagram-comments","status":"publish","type":"product","link":"https:\/\/feedpixel.com\/es\/producto\/comentarios-de-instagram\/","title":{"rendered":"Comentarios de Instagram"},"content":{"rendered":"<p><a name=\"#tab-description\"><\/a><\/p>\n<h1>Por qu\u00e9 deber\u00edas comprar Instagram Comentarios:<\/h1>\n<p>FeedPixel es la \u00fanica empresa en el \u00e1mbito de las redes sociales que se preocupa por sus clientes. Nuestro objetivo es brindar el mejor servicio para que su negocio pueda prosperar continuamente. Hoy en d\u00eda, muchos de nosotros usamos Instagram para contarle al mundo sobre nosotros mismos, sobre sus experiencias, sentimientos y emociones, habilidades que pueden hacer del mundo un lugar mejor y administrar negocios exitosos.<\/p>\n<p>Para ser famoso en Instagram o administrar su negocio de manera efectiva, debe tener una cuenta activa. Entonces aqu\u00ed est\u00e1 la pregunta de c\u00f3mo hacer que su cuenta sea m\u00e1s genuina y popular. FeedPixel ya ha construido la mejor estrategia que conducir\u00e1 al crecimiento de su empresa. Al comprar comentarios de FeedPixel Instagram, haces que tu cuenta sea genuina por todos los medios. Seguramente puedes decir que la gente ve cu\u00e1ntos &quot;me gusta&quot; tienes en tu cuenta Instagram y piensan que es suficiente, pero si no tienes comentarios, solo demostrar\u00e1 a los ojos de tus visitantes que nadie est\u00e1 profundamente interesado en tu contenido o producto. .<\/p>\n<p>En consecuencia, la popularidad o credibilidad de su negocio se enfrentar\u00e1 a una competencia gigantesca. No hay mucho que hacer para alcanzar tu objetivo, \u00bfverdad? Estamos profundamente preocupados por el futuro de nuestros clientes y, por eso, ofrecemos comentarios Instagram de la m\u00e1s alta calidad. Nuestra empresa toma las medidas adecuadas que no solo muestran que su audiencia est\u00e1 activa, sino que tambi\u00e9n le brinda la oportunidad de convertirse en el mejor en su campo. FeedPixel no requiere credenciales privadas. Con nosotros puede estar seguro de que la informaci\u00f3n que proporcione pasar\u00e1 autom\u00e1ticamente a ser confidencial. Le garantizamos que experimentar\u00e1 el mejor servicio. Otro beneficio de comprar con nosotros son las c\u00f3modas opciones de pago con Visa, Mastercard, Amex, PayPal, Bitcoin y Litecoin.<\/p>\n<h2><strong>C\u00f3mo comprar Instagram Comentarios:<\/strong><\/h2>\n<ol>\n<li>Elige cu\u00e1ntos Me gusta te gustar\u00eda recibir.<\/li>\n<li>Ingrese el nombre de usuario o URL de Instagram.<\/li>\n<li>Haga clic en &quot;Agregar al carrito&quot;.<\/li>\n<li>Haga clic en &quot;Continuar con el pago&quot;.<\/li>\n<li>Complete todos los campos, verif\u00edquelos dos veces si es necesario y complete el pedido.<\/li>\n<li>Una vez que complete los campos &quot;Detalles de facturaci\u00f3n&quot; y &quot;Su pedido&quot;, el agente de soporte de FeedPixel se comunicar\u00e1 con usted si es necesario y lo ayudar\u00e1 con la estrategia que necesita.<\/li>\n<\/ol>","protected":false},"excerpt":{"rendered":"<p><span style=\"color: #00c9b5\"><strong>+ Soporte GRATUITO 24\/7 de un agente personal para garantizarle la mejor experiencia de cliente<\/strong><\/span><\/p>\n<p><a href=\"#tab-description\">M\u00e1s informaci\u00f3n sobre Instagram Comentarios<\/a><\/p>","protected":false},"featured_media":3925,"comment_status":"open","ping_status":"closed","template":"","meta":{"_acf_changed":false},"product_cat":[17],"product_tag":[21],"class_list":{"0":"post-3899","1":"product","2":"type-product","3":"status-publish","4":"has-post-thumbnail","6":"product_cat-instagram","7":"product_tag-buy-instagram-comments","9":"first","10":"instock","11":"sold-individually","12":"shipping-taxable","13":"purchasable","14":"product-type-variable"},"bundle_layout":"","bundled_by":["4898"],"bundled_items":[],"acf":[],"_links":{"self":[{"href":"https:\/\/feedpixel.com\/es\/wp-json\/wp\/v2\/product\/3899","targetHints":{"allow":["GET"]}}],"collection":[{"href":"https:\/\/feedpixel.com\/es\/wp-json\/wp\/v2\/product"}],"about":[{"href":"https:\/\/feedpixel.com\/es\/wp-json\/wp\/v2\/types\/product"}],"replies":[{"embeddable":true,"href":"https:\/\/feedpixel.com\/es\/wp-json\/wp\/v2\/comments?post=3899"}],"wp:featuredmedia":[{"embeddable":true,"href":"https:\/\/feedpixel.com\/es\/wp-json\/wp\/v2\/media\/3925"}],"wp:attachment":[{"href":"https:\/\/feedpixel.com\/es\/wp-json\/wp\/v2\/media?parent=3899"}],"wp:term":[{"taxonomy":"product_cat","embeddable":true,"href":"https:\/\/feedpixel.com\/es\/wp-json\/wp\/v2\/product_cat?post=3899"},{"taxonomy":"product_tag","embeddable":true,"href":"https:\/\/feedpixel.com\/es\/wp-json\/wp\/v2\/product_tag?post=3899"}],"curies":[{"name":"wp","href":"https:\/\/api.w.org\/{rel}","templated":true}]}}