{"id":4025,"date":"2021-02-23T09:20:02","date_gmt":"2021-02-23T09:20:02","guid":{"rendered":"https:\/\/feedpixel.com\/product\/import-placeholder-for-3524\/"},"modified":"2025-01-08T10:26:46","modified_gmt":"2025-01-08T14:26:46","slug":"youtube-views","status":"publish","type":"product","link":"https:\/\/feedpixel.com\/es\/producto\/vistas-de-youtube\/","title":{"rendered":"Vistas de YouTube"},"content":{"rendered":"<p><a name=\"#tab-description\"><\/a><\/p>\n<h1>Por qu\u00e9 deber\u00eda comprar vistas de YouTube:<\/h1>\n<p>\u00bfQu\u00e9 diferencia a un gran contenido de video del resto? \u00a1Un n\u00famero o ojos hambrientos para verlo por supuesto! Compre vistas de YouTube y clasifique su video como el n\u00famero uno en la b\u00fasqueda de YouTube, ya que cuantas m\u00e1s vistas tenga, m\u00e1s alto ser\u00e1 su clasificaci\u00f3n. Sin duda alguna, la compra de vistas en YouTube traer\u00e1 innumerables beneficios para su negocio. Es obvio que tambi\u00e9n obtendr\u00e1 nuevos suscriptores del canal de YouTube porque las personas tienden a enamorarse del contenido que tiene m\u00e1s visitas. Miles de vistas eliminan cualquier duda, empujan al espectador a ver las producciones del canal durante mucho m\u00e1s tiempo y, finalmente, lo convierten en un suscriptor del canal en muy poco tiempo.<\/p>\n<p>Otro beneficio de tener un mill\u00f3n de visitas es obtener una puntuaci\u00f3n alta en el algoritmo de YouTube. Una calificaci\u00f3n alta conduce a una alta exposici\u00f3n, ya que el video seguramente aparecer\u00e1 en la parte superior para que todos lo vean. Al comprar vistas de YouTube de FeedPixel, puede estar seguro de que recibir\u00e1 el mejor servicio al precio m\u00e1s bajo.<\/p>\n<p>Todas las vistas de YouTube son vistas humanas reales que provienen de usuarios activos de la cuenta de YouTube, y con nuestro sistema de entrega s\u00faper secreto, su canal estar\u00e1 seguro. FeedPixel realmente se preocupa por su reputaci\u00f3n y la confianza de sus clientes. Por lo tanto, para facilitar el proceso, se asignar\u00e1 a su agente personal de redes sociales las 24 horas del d\u00eda, los 7 d\u00edas de la semana, desde el primer paso de su pedido hasta que se entreguen todas las vistas. FeedPixel no solicita credenciales privadas, por lo que no hay riesgo de suspensi\u00f3n. \u00a1Experimente las mejores vistas de YouTube con FeedPixel!<\/p>\n<h2><strong>C\u00f3mo comprar vistas de YouTube:<\/strong><\/h2>\n<ol>\n<li>Elige la opci\u00f3n.<\/li>\n<li>Pega tu URL de YouTube.<\/li>\n<li>Vaya a &quot;Agregar al carrito&quot;.<\/li>\n<li>Haz clic en &quot;Continuar con el pago&quot;.<\/li>\n<li>Complete la p\u00e1gina de pago.<\/li>\n<li>Una vez que complete los pasos anteriores, FeedPixel adjuntar\u00e1 un agente de soporte 24\/7 que le explicar\u00e1 todo sobre los siguientes pasos.<\/li>\n<\/ol>","protected":false},"excerpt":{"rendered":"<p>Los pedidos de 10.000 visitas o m\u00e1s recibir\u00e1n vistas de la m\u00e1s alta calidad del mercado de <strong>anuncios de facebook<\/strong>. Tambi\u00e9n recibir\u00e1s Me gusta y comentarios si tu v\u00eddeo es interesante.<\/p>\n<p style=\"color: #f4226e\">\u00a1Estas vistas no funcionan para cortos y videos en vivo de YouTube!<\/p>","protected":false},"featured_media":4055,"comment_status":"open","ping_status":"closed","template":"","meta":{"_acf_changed":false},"product_cat":[35],"product_tag":[36],"class_list":{"0":"post-4025","1":"product","2":"type-product","3":"status-publish","4":"has-post-thumbnail","6":"product_cat-youtube","7":"product_tag-buy-youtube-views","9":"first","10":"instock","11":"sold-individually","12":"shipping-taxable","13":"purchasable","14":"product-type-variable"},"bundle_layout":"","bundled_by":["4907"],"bundled_items":[],"acf":[],"_links":{"self":[{"href":"https:\/\/feedpixel.com\/es\/wp-json\/wp\/v2\/product\/4025","targetHints":{"allow":["GET"]}}],"collection":[{"href":"https:\/\/feedpixel.com\/es\/wp-json\/wp\/v2\/product"}],"about":[{"href":"https:\/\/feedpixel.com\/es\/wp-json\/wp\/v2\/types\/product"}],"replies":[{"embeddable":true,"href":"https:\/\/feedpixel.com\/es\/wp-json\/wp\/v2\/comments?post=4025"}],"wp:featuredmedia":[{"embeddable":true,"href":"https:\/\/feedpixel.com\/es\/wp-json\/wp\/v2\/media\/4055"}],"wp:attachment":[{"href":"https:\/\/feedpixel.com\/es\/wp-json\/wp\/v2\/media?parent=4025"}],"wp:term":[{"taxonomy":"product_cat","embeddable":true,"href":"https:\/\/feedpixel.com\/es\/wp-json\/wp\/v2\/product_cat?post=4025"},{"taxonomy":"product_tag","embeddable":true,"href":"https:\/\/feedpixel.com\/es\/wp-json\/wp\/v2\/product_tag?post=4025"}],"curies":[{"name":"wp","href":"https:\/\/api.w.org\/{rel}","templated":true}]}}