{"id":4026,"date":"2021-02-23T09:20:02","date_gmt":"2021-02-23T09:20:02","guid":{"rendered":"https:\/\/feedpixel.com\/product\/import-placeholder-for-3566\/"},"modified":"2025-10-15T08:26:12","modified_gmt":"2025-10-15T12:26:12","slug":"youtube-likes","status":"publish","type":"product","link":"https:\/\/feedpixel.com\/es\/producto\/me-gusta-de-youtube\/","title":{"rendered":"Me gusta de YouTube"},"content":{"rendered":"<p><a name=\"#tab-description\"><\/a><\/p>\n<h1>Por qu\u00e9 deber\u00eda comprar Me gusta de YouTube:<\/h1>\n<p>Nuestros clientes eligen la empresa FeedPixel porque no solo prometemos nuestros servicios como lo hacen muchos otros sitios web, sino que demostramos nuestra reputaci\u00f3n manteniendo una palabra e impulsando su negocio. Nos complace brindarle la oportunidad de comprar Me gusta de YouTube. Para crecer en el canal de YouTube y administrar su negocio de manera efectiva, debe tener Me gusta en sus videos que generen una alta participaci\u00f3n. Es de conocimiento com\u00fan que a las personas les gusta algo f\u00e1cilmente si ven que a otros les gusta.<\/p>\n<p>La estrategia de FeedPixel es proporcionarle Me gusta de alta calidad dentro de las 24 horas. Una vez que solicite la compra, FeedPixel le asignar\u00e1 autom\u00e1ticamente un agente calificado. Adem\u00e1s, este agente de soporte estar\u00e1 en contacto 24\/7 desde la compra hasta los resultados reales a costo cero. Realmente nos preocupamos por los negocios de nuestros clientes. El servicio tambi\u00e9n incluye un sistema de recarga garantizado.<\/p>\n<p>Comprar Me gusta en YouTube es seguro porque nuestra estrategia elimina cualquier riesgo de ser prohibido. FeedPixel no requiere ninguna de su informaci\u00f3n privada. Con nosotros, puede estar seguro de que la informaci\u00f3n que proporciona nunca se divulgar\u00e1 al p\u00fablico. En cuanto al pago, aceptamos Visa, Mastercard, Amex, PayPal, Bitcoin y Litecoin.<\/p>\n<p>100% est\u00e1 garantizada la satisfacci\u00f3n con nuestro servicio.<\/p>\n<h2><strong>C\u00f3mo comprar Me gusta de YouTube:<\/strong><\/h2>\n<ol>\n<li>En primer lugar, elija cu\u00e1ntos me gusta necesita.<\/li>\n<li>Escriba su URL de YouTube en el cuadro correspondiente.<\/li>\n<li>Luego haga clic en &quot;Agregar al carrito&quot;.<\/li>\n<li>Ver\u00e1 el bot\u00f3n azul &quot;Proceder al pago&quot;, haga clic en \u00e9l.<\/li>\n<li>Complete todos los campos obligatorios y complete la p\u00e1gina de pago.<\/li>\n<li>Despu\u00e9s de los pasos descritos anteriormente, un agente de soporte calificado se pondr\u00e1 en contacto con usted y le explicar\u00e1 la estrategia del crecimiento perfecto para su negocio.<\/li>\n<\/ol>","protected":false},"excerpt":{"rendered":"<p><a href=\"#tab-description\">M\u00e1s informaci\u00f3n sobre los Me gusta de YouTube<\/a><\/p>","protected":false},"featured_media":4056,"comment_status":"open","ping_status":"closed","template":"","meta":{"_acf_changed":false},"product_cat":[35],"product_tag":[37],"class_list":{"0":"post-4026","1":"product","2":"type-product","3":"status-publish","4":"has-post-thumbnail","6":"product_cat-youtube","7":"product_tag-buy-youtube-likes","9":"first","10":"instock","11":"sold-individually","12":"shipping-taxable","13":"purchasable","14":"product-type-variable"},"bundle_layout":"","bundled_by":["4907"],"bundled_items":[],"acf":[],"_links":{"self":[{"href":"https:\/\/feedpixel.com\/es\/wp-json\/wp\/v2\/product\/4026","targetHints":{"allow":["GET"]}}],"collection":[{"href":"https:\/\/feedpixel.com\/es\/wp-json\/wp\/v2\/product"}],"about":[{"href":"https:\/\/feedpixel.com\/es\/wp-json\/wp\/v2\/types\/product"}],"replies":[{"embeddable":true,"href":"https:\/\/feedpixel.com\/es\/wp-json\/wp\/v2\/comments?post=4026"}],"wp:featuredmedia":[{"embeddable":true,"href":"https:\/\/feedpixel.com\/es\/wp-json\/wp\/v2\/media\/4056"}],"wp:attachment":[{"href":"https:\/\/feedpixel.com\/es\/wp-json\/wp\/v2\/media?parent=4026"}],"wp:term":[{"taxonomy":"product_cat","embeddable":true,"href":"https:\/\/feedpixel.com\/es\/wp-json\/wp\/v2\/product_cat?post=4026"},{"taxonomy":"product_tag","embeddable":true,"href":"https:\/\/feedpixel.com\/es\/wp-json\/wp\/v2\/product_tag?post=4026"}],"curies":[{"name":"wp","href":"https:\/\/api.w.org\/{rel}","templated":true}]}}