{"id":4038,"date":"2021-02-23T09:20:02","date_gmt":"2021-02-23T13:20:02","guid":{"rendered":"https:\/\/feedpixel.com\/product\/import-placeholder-for-3580\/"},"modified":"2026-01-24T10:12:37","modified_gmt":"2026-01-24T14:12:37","slug":"youtube-subscribers","status":"publish","type":"product","link":"https:\/\/feedpixel.com\/es\/producto\/suscriptores-de-youtube\/","title":{"rendered":"Suscriptores de YouTube"},"content":{"rendered":"<p><a name=\"#tab-description\"><\/a><\/p>\n<h1>Por qu\u00e9 deber\u00eda comprar suscriptores de YouTube:<\/h1>\n<p>Las personas de la nueva era usan la plataforma de YouTube para compartir ideas brillantes y sabidur\u00eda de la vida, promover negocios y educar a otros. Tener un gran contenido y una gran parte de inspiraci\u00f3n obviamente no es suficiente en la realidad. De manera bastante ofensiva, el algoritmo de YouTube cuenta los suscriptores y espectadores de su canal en primer lugar.<\/p>\n<p>Para YouTube, lo m\u00e1s importante es cu\u00e1ntas personas te siguen y, dependiendo de ello, tu canal se clasifica. Compre suscriptores de YouTube y haga que su canal sea m\u00e1s atractivo para otras personas, en particular para el algoritmo de YouTube. Una vez que complete el pedido, su agente personal, que ser\u00e1 adjunto por FeedPixel, comenzar\u00e1 a analizar su canal y crear\u00e1 un servicio \u00fanico que aumentar\u00e1 sus posibilidades de llegar a la primera posici\u00f3n en YouTube. No cobramos tarifas adicionales por un agente y \u00e9l estar\u00e1 disponible las 24 horas del d\u00eda, los 7 d\u00edas de la semana y responder\u00e1 todas sus preguntas.<\/p>\n<p>Al comprar suscriptores de YouTube con FeedPixel, obtendr\u00e1 suscriptores con cuentas aut\u00e9nticas. FeedPixel elimina cualquier riesgo. El proceso de compra de seguidores de YouTube es leg\u00edtimo y no requerimos que su informaci\u00f3n sea privada. Muchos otros sitios web le informan que ofrecen el precio \u201cbajo\u201d, pero esperamos que haya investigado un poco y haya comparado nuestro servicio con otros sitios web y haya descubierto que solo FeedPixel tiene el precio m\u00e1s bajo por el servicio m\u00e1s confiable. \u00a1\u00danase a nosotros y obtenga la mejor oferta!<\/p>\n<h2><strong>C\u00f3mo comprar suscriptores de YouTube:<\/strong><\/h2>\n<ol>\n<li>Elija la opci\u00f3n que desea que le brindemos.<\/li>\n<li>Ingrese su URL de YouTube.<\/li>\n<li>Vaya a &quot;Agregar al carrito&quot;.<\/li>\n<li>Haga clic en &quot;Continuar con el pago&quot;.<\/li>\n<li>Complete la p\u00e1gina de pago.<\/li>\n<li>Una vez que complete su pedido, nuestra empresa adjuntar\u00e1 un agente de soporte calificado las 24 horas, los 7 d\u00edas de la semana, que le explicar\u00e1 todo sobre los pr\u00f3ximos pasos.<\/li>\n<\/ol>","protected":false},"excerpt":{"rendered":"<p>Why you should buy YouTube Subscribers: People of the new era use YouTube platform to share brilliant ideas and life wisdom, promote businesses and educate others. Having a great content and hefty portion of inspiration is obviously not enough in reality. Offensively enough, YouTube algorithm count your channel subscribers and viewers in the first place. [&hellip;]<\/p>","protected":false},"featured_media":4059,"comment_status":"open","ping_status":"closed","template":"","meta":{"_acf_changed":false},"product_cat":[35],"product_tag":[39],"class_list":{"0":"post-4038","1":"product","2":"type-product","3":"status-publish","4":"has-post-thumbnail","6":"product_cat-youtube","7":"product_tag-buy-youtube-subscribers","9":"first","10":"instock","11":"sold-individually","12":"shipping-taxable","13":"purchasable","14":"product-type-variable"},"bundle_layout":"","bundled_by":["4907"],"bundled_items":[],"acf":[],"_links":{"self":[{"href":"https:\/\/feedpixel.com\/es\/wp-json\/wp\/v2\/product\/4038","targetHints":{"allow":["GET"]}}],"collection":[{"href":"https:\/\/feedpixel.com\/es\/wp-json\/wp\/v2\/product"}],"about":[{"href":"https:\/\/feedpixel.com\/es\/wp-json\/wp\/v2\/types\/product"}],"replies":[{"embeddable":true,"href":"https:\/\/feedpixel.com\/es\/wp-json\/wp\/v2\/comments?post=4038"}],"wp:featuredmedia":[{"embeddable":true,"href":"https:\/\/feedpixel.com\/es\/wp-json\/wp\/v2\/media\/4059"}],"wp:attachment":[{"href":"https:\/\/feedpixel.com\/es\/wp-json\/wp\/v2\/media?parent=4038"}],"wp:term":[{"taxonomy":"product_cat","embeddable":true,"href":"https:\/\/feedpixel.com\/es\/wp-json\/wp\/v2\/product_cat?post=4038"},{"taxonomy":"product_tag","embeddable":true,"href":"https:\/\/feedpixel.com\/es\/wp-json\/wp\/v2\/product_tag?post=4038"}],"curies":[{"name":"wp","href":"https:\/\/api.w.org\/{rel}","templated":true}]}}