{"id":4064,"date":"2021-02-23T09:20:14","date_gmt":"2021-02-23T09:20:14","guid":{"rendered":"https:\/\/feedpixel.com\/product\/import-placeholder-for-3600\/"},"modified":"2026-03-01T01:41:06","modified_gmt":"2026-03-01T05:41:06","slug":"tiktok-fans","status":"publish","type":"product","link":"https:\/\/feedpixel.com\/es\/producto\/fans-de-tiktok\/","title":{"rendered":"Fans de TikTok"},"content":{"rendered":"<p><a name=\"#tab-description\"><\/a><\/p>\n<h1>Por qu\u00e9 deber\u00edas comprar fans de TikTok:<\/h1>\n<p>No es un secreto que la gente tiende a seguir a aquellos que son algo as\u00ed como una celebridad, ya sea en los negocios o en las tendencias de la moda. La gente participar\u00e1 m\u00e1s en tu perfil de TikTok si tienes una cantidad impresionante de seguidores. \u00bfQuiere lograr un r\u00e1pido crecimiento de su cuenta de TikTok? Est\u00e1s en el lugar correcto!<\/p>\n<p>Una vez que compre ventiladores de TikTok, no solo obtendr\u00e1 un producto de alta calidad que no tiene analog\u00edas en el mercado, sino tambi\u00e9n el servicio de mega-boom del agente FeedPixel que nombraremos inmediatamente despu\u00e9s de realizar el pedido. El agente de soporte trabajar\u00e1 en su caso y le explicar\u00e1 las posibles estrategias y responder\u00e1 todas sus preguntas. \u00bfA\u00fan tienes dudas de por qu\u00e9 deber\u00edas comprar seguidores de TikTok de FeedPixel? Tiene raz\u00f3n al decir que no son todos nuestros beneficios. Mire esta f\u00f3rmula y comprender\u00e1 por qu\u00e9 d\u00eda tras d\u00eda nuestros clientes nos eligen y por qu\u00e9 FeedPixel es el n\u00famero uno:<\/p>\n<p>Alta calidad + Agente gratuito 24\/7 + El m\u00e1s barato + Sistema de recarga ilimitado + Entrega 24 horas + Sitio web confiable + Acepte PayPal, Visa, Amex, Mastercard, Litecoin, Bitcoin + Sin contrase\u00f1a + Anonimidad total + Sin riesgos + Absolutamente seguro + Grandes descuentos + Estrategia inteligente + Nos ocupamos del negocio de nuestros clientes = todos estos solo $ 0.99 para 100 seguidores de TikTok.<\/p>\n<p>\u00a1\u00danase a nosotros y experimente el servicio de lujo hoy!<\/p>\n<h2><strong>C\u00f3mo comprar fans de TikTok:<\/strong><\/h2>\n<ol>\n<li>Elija el paquete que desea comprar.<\/li>\n<li>Pega tu nombre de usuario de TikTok.<\/li>\n<li>Haga clic en &quot;Agregar al carrito&quot;.<\/li>\n<li>Haga clic en &quot;Continuar con el pago&quot;.<\/li>\n<li>Complete la p\u00e1gina de pago.<\/li>\n<li>Una vez que complete los pasos requeridos, se le asignar\u00e1 un agente de soporte calificado. Este agente personal responder\u00e1 a todas sus preguntas.<\/li>\n<\/ol>","protected":false},"excerpt":{"rendered":"<p><span style=\"color: #ff0000\"><strong>+ Vistas de TikTok GRATIS en x10 Cantidad de compra:<\/strong><\/span><\/p>\n<p>(por ejemplo, 100 fans = 1000 vistas gratuitas de TikTok)<\/p>\n<p>(por ejemplo, 5000 fans = 50.000 vistas gratuitas de TikTok)<\/p>\n<p><a href=\"#tab-description\">M\u00e1s informaci\u00f3n sobre los fans de TikTok<\/a><\/p>","protected":false},"featured_media":4094,"comment_status":"open","ping_status":"closed","template":"","meta":{"_acf_changed":false},"product_cat":[41],"product_tag":[42],"class_list":{"0":"post-4064","1":"product","2":"type-product","3":"status-publish","4":"has-post-thumbnail","6":"product_cat-tiktok","7":"product_tag-buy-tiktok-fans","9":"first","10":"instock","11":"sold-individually","12":"shipping-taxable","13":"purchasable","14":"product-type-variable","15":"has-default-attributes"},"bundle_layout":"","bundled_by":["4903"],"bundled_items":[],"acf":[],"_links":{"self":[{"href":"https:\/\/feedpixel.com\/es\/wp-json\/wp\/v2\/product\/4064","targetHints":{"allow":["GET"]}}],"collection":[{"href":"https:\/\/feedpixel.com\/es\/wp-json\/wp\/v2\/product"}],"about":[{"href":"https:\/\/feedpixel.com\/es\/wp-json\/wp\/v2\/types\/product"}],"replies":[{"embeddable":true,"href":"https:\/\/feedpixel.com\/es\/wp-json\/wp\/v2\/comments?post=4064"}],"wp:featuredmedia":[{"embeddable":true,"href":"https:\/\/feedpixel.com\/es\/wp-json\/wp\/v2\/media\/4094"}],"wp:attachment":[{"href":"https:\/\/feedpixel.com\/es\/wp-json\/wp\/v2\/media?parent=4064"}],"wp:term":[{"taxonomy":"product_cat","embeddable":true,"href":"https:\/\/feedpixel.com\/es\/wp-json\/wp\/v2\/product_cat?post=4064"},{"taxonomy":"product_tag","embeddable":true,"href":"https:\/\/feedpixel.com\/es\/wp-json\/wp\/v2\/product_tag?post=4064"}],"curies":[{"name":"wp","href":"https:\/\/api.w.org\/{rel}","templated":true}]}}