{"id":4189,"date":"2021-02-23T09:20:47","date_gmt":"2021-02-23T09:20:47","guid":{"rendered":"https:\/\/feedpixel.com\/product\/import-placeholder-for-3970\/"},"modified":"2026-03-16T04:57:36","modified_gmt":"2026-03-16T08:57:36","slug":"soundcloud-plays","status":"publish","type":"product","link":"https:\/\/feedpixel.com\/es\/producto\/reproducciones-de-soundcloud\/","title":{"rendered":"SoundCloud juega"},"content":{"rendered":"<p><a name=\"#tab-description\"><\/a><\/p>\n<h1>Por qu\u00e9 deber\u00eda comprar SoundCloud Plays:<\/h1>\n<p>Seamos honestos, las personas no mostrar\u00e1n su inter\u00e9s ni se involucrar\u00e1n con un perfil SoundCloud que tenga pocas o ninguna reproducci\u00f3n. Deseando convertirse en una estrella del pop y conseguir un contrato multimillonario con compa\u00f1\u00edas discogr\u00e1ficas, ser notado por productores de renombre y, qui\u00e9n sabe, probablemente ganar un Grammy, comience con unos pocos miles de obras y ver\u00e1 su r\u00e1pida expansi\u00f3n en el Universo SoundCloud.<\/p>\n<p>Compre juegos SoundCloud con FeedPixel y experimente un servicio excepcional. Una vez que compre las reproducciones SoundCloud, nuestro agente de marketing en redes sociales comenzar\u00e1 a trabajar de inmediato en su caso y entregar\u00e1 su pedido en un plazo de 24 horas. La compra de reproducciones SoundCloud ha ayudado a varios \u00edconos de la m\u00fasica a desarrollar su talento. Puede confiar en nuestra experiencia.<\/p>\n<p>Est\u00e9 preparado para obtener un servicio de primera calidad que sea seguro de usar. FeedPixel utiliza cuentas SoundCloud genuinas; por eso no correr\u00e1 ning\u00fan riesgo. Nos preocupamos por el tiempo y los esfuerzos de los clientes, y nuestra estrategia inteligente le permite utilizar m\u00faltiples formas de pagar el pedido, incluidas Litecoin, Bitcoin y otras criptomonedas. FeedPixel precios inmejorables para todos sus servicios, y SoundCloud juega no es una excepci\u00f3n. Mantenemos nuestra promesa de servir como trampol\u00edn para su talento y ya ayudamos a miles. \u00danase a nosotros ahora - deje que su futuro crezca alas para volar.<\/p>\n<h2><strong>C\u00f3mo comprar SoundCloud Plays:<\/strong><\/h2>\n<ol>\n<li>Elija el paquete correcto.<\/li>\n<li>Pegue su enlace \/ URL de Soundcloud Tracks.<\/li>\n<li>Haga clic en &quot;Agregar al carrito&quot;.<\/li>\n<li>Haz clic en &quot;Continuar con el pago&quot;.<\/li>\n<li>Complete todos los campos en la p\u00e1gina de pago.<\/li>\n<li>Una vez que complete los pasos requeridos, FeedPixel adjuntar\u00e1 a un agente de soporte calificado que le explicar\u00e1 todo sobre los siguientes pasos.<\/li>\n<\/ol>","protected":false},"excerpt":{"rendered":"<p><span style=\"color: #00c9b5\"><strong>+ Soporte GRATUITO 24\/7 de un agente personal para garantizarle la mejor experiencia de cliente<\/strong><\/span><\/p>\n<p><a href=\"#tab-description\">M\u00e1s informaci\u00f3n sobre SoundCloud Plays<\/a><\/p>","protected":false},"featured_media":4219,"comment_status":"open","ping_status":"closed","template":"","meta":{"_acf_changed":false},"product_cat":[55],"product_tag":[58],"class_list":{"0":"post-4189","1":"product","2":"type-product","3":"status-publish","4":"has-post-thumbnail","6":"product_cat-soundcloud","7":"product_tag-buy-soundcloud-plays","9":"first","10":"instock","11":"sold-individually","12":"shipping-taxable","13":"purchasable","14":"product-type-variable"},"bundle_layout":"","bundled_by":[],"bundled_items":[],"acf":[],"_links":{"self":[{"href":"https:\/\/feedpixel.com\/es\/wp-json\/wp\/v2\/product\/4189","targetHints":{"allow":["GET"]}}],"collection":[{"href":"https:\/\/feedpixel.com\/es\/wp-json\/wp\/v2\/product"}],"about":[{"href":"https:\/\/feedpixel.com\/es\/wp-json\/wp\/v2\/types\/product"}],"replies":[{"embeddable":true,"href":"https:\/\/feedpixel.com\/es\/wp-json\/wp\/v2\/comments?post=4189"}],"wp:featuredmedia":[{"embeddable":true,"href":"https:\/\/feedpixel.com\/es\/wp-json\/wp\/v2\/media\/4219"}],"wp:attachment":[{"href":"https:\/\/feedpixel.com\/es\/wp-json\/wp\/v2\/media?parent=4189"}],"wp:term":[{"taxonomy":"product_cat","embeddable":true,"href":"https:\/\/feedpixel.com\/es\/wp-json\/wp\/v2\/product_cat?post=4189"},{"taxonomy":"product_tag","embeddable":true,"href":"https:\/\/feedpixel.com\/es\/wp-json\/wp\/v2\/product_tag?post=4189"}],"curies":[{"name":"wp","href":"https:\/\/api.w.org\/{rel}","templated":true}]}}