{"id":5402,"date":"2021-03-12T11:24:30","date_gmt":"2021-03-12T15:24:30","guid":{"rendered":"https:\/\/feedpixel.com\/?post_type=product&#038;p=5402"},"modified":"2024-08-08T16:38:10","modified_gmt":"2024-08-08T20:38:10","slug":"spotify-playlist-followers","status":"publish","type":"product","link":"https:\/\/feedpixel.com\/es\/producto\/spotify-playlist-followers\/","title":{"rendered":"Seguidores de la lista de reproducci\u00f3n de Spotify"},"content":{"rendered":"<h2><strong>C\u00f3mo comprar seguidores de listas de reproducci\u00f3n de Spotify:<\/strong><\/h2>\n<ol>\n<li>Elija el paquete que desea que le proporcionemos.<\/li>\n<li>Ingrese un enlace URL a su lista de reproducci\u00f3n de Spotify.<\/li>\n<li>Haz clic en &quot;Agregar al carrito&quot;.<\/li>\n<li>Vaya a &quot;Continuar con el pago&quot;.<\/li>\n<li>Complete toda la informaci\u00f3n requerida en la p\u00e1gina de pago.<\/li>\n<li>Complete los pasos anteriores y adjuntaremos un agente de soporte calificado las 24 horas, los 7 d\u00edas de la semana, que le explicar\u00e1 todo sobre los pr\u00f3ximos pasos.<\/li>\n<\/ol>","protected":false},"excerpt":{"rendered":"<p><span style=\"color: #00c9b5\"><strong>+ Soporte GRATUITO 24\/7 de un agente personal para garantizarle la mejor experiencia de cliente<\/strong><\/span><\/p>","protected":false},"featured_media":5317,"comment_status":"open","ping_status":"closed","template":"","meta":{"_acf_changed":false},"product_cat":[140],"product_tag":[],"class_list":{"0":"post-5402","1":"product","2":"type-product","3":"status-publish","4":"has-post-thumbnail","6":"product_cat-spotify","8":"first","9":"outofstock","10":"sold-individually","11":"shipping-taxable","12":"purchasable","13":"product-type-variable"},"bundle_layout":"","bundled_by":[],"bundled_items":[],"acf":[],"_links":{"self":[{"href":"https:\/\/feedpixel.com\/es\/wp-json\/wp\/v2\/product\/5402","targetHints":{"allow":["GET"]}}],"collection":[{"href":"https:\/\/feedpixel.com\/es\/wp-json\/wp\/v2\/product"}],"about":[{"href":"https:\/\/feedpixel.com\/es\/wp-json\/wp\/v2\/types\/product"}],"replies":[{"embeddable":true,"href":"https:\/\/feedpixel.com\/es\/wp-json\/wp\/v2\/comments?post=5402"}],"wp:featuredmedia":[{"embeddable":true,"href":"https:\/\/feedpixel.com\/es\/wp-json\/wp\/v2\/media\/5317"}],"wp:attachment":[{"href":"https:\/\/feedpixel.com\/es\/wp-json\/wp\/v2\/media?parent=5402"}],"wp:term":[{"taxonomy":"product_cat","embeddable":true,"href":"https:\/\/feedpixel.com\/es\/wp-json\/wp\/v2\/product_cat?post=5402"},{"taxonomy":"product_tag","embeddable":true,"href":"https:\/\/feedpixel.com\/es\/wp-json\/wp\/v2\/product_tag?post=5402"}],"curies":[{"name":"wp","href":"https:\/\/api.w.org\/{rel}","templated":true}]}}