{"id":5425,"date":"2021-03-12T11:53:12","date_gmt":"2021-03-12T15:53:12","guid":{"rendered":"https:\/\/feedpixel.com\/?post_type=product&#038;p=5425"},"modified":"2023-02-25T04:31:19","modified_gmt":"2023-02-25T08:31:19","slug":"spotify-track-plays","status":"publish","type":"product","link":"https:\/\/feedpixel.com\/es\/producto\/spotify-track-reproducciones\/","title":{"rendered":"Reproducciones de pistas de Spotify"},"content":{"rendered":"<h2><strong>C\u00f3mo comprar reproducciones de pistas de Spotify:<\/strong><\/h2>\n<ol>\n<li>Elija el paquete que desea que le proporcionemos.<\/li>\n<li>Ingrese un enlace URL a su pista de Spotify.<\/li>\n<li>Haz clic en &quot;Agregar al carrito&quot;.<\/li>\n<li>Vaya a &quot;Continuar con el pago&quot;.<\/li>\n<li>Complete toda la informaci\u00f3n requerida en la p\u00e1gina de pago.<\/li>\n<li>Complete los pasos anteriores y adjuntaremos un agente de soporte calificado las 24 horas, los 7 d\u00edas de la semana, que le explicar\u00e1 todo sobre los pr\u00f3ximos pasos.<\/li>\n<\/ol>","protected":false},"excerpt":{"rendered":"<p><span class=\"emoji\">\u26a0\ufe0fLas reproducciones de pistas de Spotify funcionan m\u00e1s lento de lo habitual <span style=\"color: red\"><strong>(grandes cantidades pueden tardar hasta varias semanas)<\/strong><\/span>. Tenga esto en cuenta al realizar el pedido. \u00a1Su comprensi\u00f3n es muy apreciada!<\/span><\/p>","protected":false},"featured_media":5306,"comment_status":"open","ping_status":"closed","template":"","meta":{"_acf_changed":false},"product_cat":[140],"product_tag":[],"class_list":{"0":"post-5425","1":"product","2":"type-product","3":"status-publish","4":"has-post-thumbnail","6":"product_cat-spotify","8":"first","9":"outofstock","10":"sold-individually","11":"shipping-taxable","12":"purchasable","13":"product-type-variable"},"bundle_layout":"","bundled_by":[],"bundled_items":[],"acf":[],"_links":{"self":[{"href":"https:\/\/feedpixel.com\/es\/wp-json\/wp\/v2\/product\/5425","targetHints":{"allow":["GET"]}}],"collection":[{"href":"https:\/\/feedpixel.com\/es\/wp-json\/wp\/v2\/product"}],"about":[{"href":"https:\/\/feedpixel.com\/es\/wp-json\/wp\/v2\/types\/product"}],"replies":[{"embeddable":true,"href":"https:\/\/feedpixel.com\/es\/wp-json\/wp\/v2\/comments?post=5425"}],"wp:featuredmedia":[{"embeddable":true,"href":"https:\/\/feedpixel.com\/es\/wp-json\/wp\/v2\/media\/5306"}],"wp:attachment":[{"href":"https:\/\/feedpixel.com\/es\/wp-json\/wp\/v2\/media?parent=5425"}],"wp:term":[{"taxonomy":"product_cat","embeddable":true,"href":"https:\/\/feedpixel.com\/es\/wp-json\/wp\/v2\/product_cat?post=5425"},{"taxonomy":"product_tag","embeddable":true,"href":"https:\/\/feedpixel.com\/es\/wp-json\/wp\/v2\/product_tag?post=5425"}],"curies":[{"name":"wp","href":"https:\/\/api.w.org\/{rel}","templated":true}]}}