{"id":5435,"date":"2021-03-12T11:58:39","date_gmt":"2021-03-12T15:58:39","guid":{"rendered":"https:\/\/feedpixel.com\/?post_type=product&#038;p=5435"},"modified":"2022-01-04T04:04:25","modified_gmt":"2022-01-04T08:04:25","slug":"spotify-saves","status":"publish","type":"product","link":"https:\/\/feedpixel.com\/es\/producto\/spotify-guarda\/","title":{"rendered":"Spotify salva"},"content":{"rendered":"<h2><strong>C\u00f3mo comprar Spotify Saves:<\/strong><\/h2>\n<ol>\n<li>Elija el paquete que desea que le proporcionemos.<\/li>\n<li>Ingrese un enlace URL a su pista de Spotify.<\/li>\n<li>Haz clic en &quot;Agregar al carrito&quot;.<\/li>\n<li>Vaya a &quot;Continuar con el pago&quot;.<\/li>\n<li>Complete toda la informaci\u00f3n requerida en la p\u00e1gina de pago.<\/li>\n<li>Complete los pasos anteriores y adjuntaremos un agente de soporte calificado las 24 horas, los 7 d\u00edas de la semana, que le explicar\u00e1 todo sobre los pr\u00f3ximos pasos.<\/li>\n<\/ol>","protected":false},"excerpt":{"rendered":"<p><span style=\"color: #00c9b5\"><strong>+ Soporte GRATUITO 24\/7 de un agente personal para garantizarle la mejor experiencia de cliente<\/strong><\/span><\/p>","protected":false},"featured_media":5316,"comment_status":"open","ping_status":"closed","template":"","meta":{"_acf_changed":false},"product_cat":[140],"product_tag":[],"class_list":{"0":"post-5435","1":"product","2":"type-product","3":"status-publish","4":"has-post-thumbnail","6":"product_cat-spotify","8":"first","9":"outofstock","10":"sold-individually","11":"shipping-taxable","12":"purchasable","13":"product-type-variable"},"bundle_layout":"","bundled_by":[],"bundled_items":[],"acf":[],"_links":{"self":[{"href":"https:\/\/feedpixel.com\/es\/wp-json\/wp\/v2\/product\/5435","targetHints":{"allow":["GET"]}}],"collection":[{"href":"https:\/\/feedpixel.com\/es\/wp-json\/wp\/v2\/product"}],"about":[{"href":"https:\/\/feedpixel.com\/es\/wp-json\/wp\/v2\/types\/product"}],"replies":[{"embeddable":true,"href":"https:\/\/feedpixel.com\/es\/wp-json\/wp\/v2\/comments?post=5435"}],"wp:featuredmedia":[{"embeddable":true,"href":"https:\/\/feedpixel.com\/es\/wp-json\/wp\/v2\/media\/5316"}],"wp:attachment":[{"href":"https:\/\/feedpixel.com\/es\/wp-json\/wp\/v2\/media?parent=5435"}],"wp:term":[{"taxonomy":"product_cat","embeddable":true,"href":"https:\/\/feedpixel.com\/es\/wp-json\/wp\/v2\/product_cat?post=5435"},{"taxonomy":"product_tag","embeddable":true,"href":"https:\/\/feedpixel.com\/es\/wp-json\/wp\/v2\/product_tag?post=5435"}],"curies":[{"name":"wp","href":"https:\/\/api.w.org\/{rel}","templated":true}]}}