{"id":3889,"date":"2021-02-23T09:19:24","date_gmt":"2021-02-23T09:19:24","guid":{"rendered":"https:\/\/feedpixel.com\/product\/import-placeholder-for-2851\/"},"modified":"2026-03-16T02:23:05","modified_gmt":"2026-03-16T06:23:05","slug":"instagram-likes","status":"publish","type":"product","link":"https:\/\/feedpixel.com\/fr\/produit\/jaime-instagram\/","title":{"rendered":"J&#039;aime Instagram"},"content":{"rendered":"<p><a name=\"#tab-description\"><\/a><\/p>\n<h1>Pourquoi devriez-vous acheter des likes Instagram\u00a0:<\/h1>\n<p>Il existe un lien \u00e9troit entre l&#039;achat de likes Instagram et l&#039;obtention d&#039;abonn\u00e9s Instagram. Achetez des likes Instagram et augmentez l&#039;engagement des nouveaux abonn\u00e9s sur votre compte. Les gens verront les likes de votre publication et d\u00e9cideront si votre contenu est pertinent pour eux ou non. Dans un certain nombre de cas, les gens peuvent m\u00eame ne pas \u00eatre int\u00e9ress\u00e9s par votre contenu, mais ils vous suivront toujours si vous avez des milliers d&#039;abonn\u00e9s. C&#039;est de la pure psychologie, et vous pouvez vous fier \u00e0 notre exp\u00e9rience dans ce domaine et \u00e0 nos analyses approfondies quotidiennes du march\u00e9.<\/p>\n<p>Habituellement, les propri\u00e9taires d&#039;entreprise ach\u00e8tent des likes Instagram pour leurs produits afin de g\u00e9n\u00e9rer un maximum de b\u00e9n\u00e9fices gr\u00e2ce \u00e0 une grande visibilit\u00e9 de ceux-ci. Il est \u00e9vident que les gens n&#039;ach\u00e8teront qu&#039;un produit ou un service qui a le plus de go\u00fbts comme signe clair de sa convivialit\u00e9 et de sa qualit\u00e9. Beaucoup font confiance \u00e0 un grand nombre de likes parce qu&#039;ils le consid\u00e8rent comme une recommandation personnelle d&#039;experts. En achetant des likes Instagram aupr\u00e8s de FeedPixel, vous obtiendrez un service de qualit\u00e9 supr\u00eame. Tous les likes Instagram des utilisateurs Instagram r\u00e9els et actifs. Le service d&#039;achat lui-m\u00eame est s\u00fbr et s\u00e9curis\u00e9, sans informations de connexion Instagram requises par FeedPixel.<\/p>\n<p>Pour vous aider \u00e0 tirer le meilleur parti de notre service, un agent de marketing des m\u00e9dias sociaux sp\u00e9cifiquement d\u00e9sign\u00e9 sera en contact 24h\/24 et 7j\/7 ; n&#039;h\u00e9sitez pas \u00e0 poser des questions br\u00fblantes. Nous fournissons \u00e9galement un syst\u00e8me de remplissage exclusif orient\u00e9 pour aider nos clients \u00e0 maintenir le bon nombre de likes en permanence. De plus, les prix des services FeedPixel sont les plus bas du march\u00e9. Nous pouvons battre n&#039;importe lequel des prix existants, c&#039;est pourquoi les gens nous choisissent.<\/p>\n<h2><strong>Comment acheter des likes Instagram\u00a0:<\/strong><\/h2>\n<ol>\n<li>Choisissez l&#039;option que vous souhaitez que nous vous fournissions.<\/li>\n<li>Entrez votre URL de publication Instagram.<\/li>\n<li>Allez dans \u00ab\u00a0Ajouter au panier\u00a0\u00bb.<\/li>\n<li>Cliquez sur &quot;Passer \u00e0 la caisse&quot;.<\/li>\n<li>Remplissez la page de paiement.<\/li>\n<li>Une fois que vous avez termin\u00e9 les \u00e9tapes requises, notre soci\u00e9t\u00e9 attachera un agent d&#039;assistance qualifi\u00e9 24h \/ 24 et 7j \/ 7 qui vous expliquera tout sur les prochaines \u00e9tapes.<\/li>\n<\/ol>","protected":false},"excerpt":{"rendered":"<p><span style=\"color: #cc0000\"><strong>IMPORTANT!<\/strong><\/span> Le format du lien doit \u00eatre exactement le m\u00eame que celui de l&#039;exemple ci-dessous, assurez-vous d&#039;ajouter \u00ab\u00a0\/\u00a0\u00bb \u00e0 la fin du lien.<\/p>\n<p><span style=\"color: #00c9b5\"><strong>Exemple de lien\u00a0:<\/strong><\/span> https:\/\/www.instagram.com\/p\/CbXtoj_MC2p\/<br \/>\n<span style=\"color: #00c9b5\"><strong>Exemple de lien erron\u00e9\u00a0:<\/strong><\/span>\u00a0@officialrickastley<\/p>","protected":false},"featured_media":3919,"comment_status":"open","ping_status":"closed","template":"","meta":{"_acf_changed":false},"product_cat":[17],"product_tag":[18],"class_list":{"0":"post-3889","1":"product","2":"type-product","3":"status-publish","4":"has-post-thumbnail","6":"product_cat-instagram","7":"product_tag-buy-instagram-likes","9":"first","10":"instock","11":"sold-individually","12":"shipping-taxable","13":"purchasable","14":"product-type-variable"},"bundle_layout":"","bundled_by":["4898"],"bundled_items":[],"acf":[],"_links":{"self":[{"href":"https:\/\/feedpixel.com\/fr\/wp-json\/wp\/v2\/product\/3889","targetHints":{"allow":["GET"]}}],"collection":[{"href":"https:\/\/feedpixel.com\/fr\/wp-json\/wp\/v2\/product"}],"about":[{"href":"https:\/\/feedpixel.com\/fr\/wp-json\/wp\/v2\/types\/product"}],"replies":[{"embeddable":true,"href":"https:\/\/feedpixel.com\/fr\/wp-json\/wp\/v2\/comments?post=3889"}],"wp:featuredmedia":[{"embeddable":true,"href":"https:\/\/feedpixel.com\/fr\/wp-json\/wp\/v2\/media\/3919"}],"wp:attachment":[{"href":"https:\/\/feedpixel.com\/fr\/wp-json\/wp\/v2\/media?parent=3889"}],"wp:term":[{"taxonomy":"product_cat","embeddable":true,"href":"https:\/\/feedpixel.com\/fr\/wp-json\/wp\/v2\/product_cat?post=3889"},{"taxonomy":"product_tag","embeddable":true,"href":"https:\/\/feedpixel.com\/fr\/wp-json\/wp\/v2\/product_tag?post=3889"}],"curies":[{"name":"wp","href":"https:\/\/api.w.org\/{rel}","templated":true}]}}