{"id":3899,"date":"2021-02-23T09:19:24","date_gmt":"2021-02-23T09:19:24","guid":{"rendered":"https:\/\/feedpixel.com\/product\/import-placeholder-for-2944\/"},"modified":"2026-02-26T01:26:57","modified_gmt":"2026-02-26T05:26:57","slug":"instagram-comments","status":"publish","type":"product","link":"https:\/\/feedpixel.com\/fr\/produit\/commentaires-instagram\/","title":{"rendered":"Commentaires Instagram"},"content":{"rendered":"<p><a name=\"#tab-description\"><\/a><\/p>\n<h1>Pourquoi devriez-vous acheter Instagram Commentaires\u00a0:<\/h1>\n<p>FeedPixel est la seule entreprise dans le domaine des m\u00e9dias sociaux \u00e0 prendre soin de ses clients. Notre objectif est de fournir le meilleur service afin que votre entreprise puisse continuellement prosp\u00e9rer. De nos jours, beaucoup d&#039;entre nous utilisent Instagram pour parler au monde d&#039;eux-m\u00eames, de leurs exp\u00e9riences, de leurs sentiments et de leurs \u00e9motions, de leurs comp\u00e9tences qui peuvent rendre le monde meilleur et diriger des entreprises prosp\u00e8res.<\/p>\n<p>Pour \u00eatre c\u00e9l\u00e8bre sur Instagram ou g\u00e9rer efficacement votre entreprise, vous devez avoir un compte actif. Voici donc la question de savoir comment rendre votre compte plus authentique et plus populaire. FeedPixel a d\u00e9j\u00e0 construit la meilleure strat\u00e9gie qui m\u00e8nera \u00e0 la croissance de votre entreprise. En achetant des commentaires FeedPixel Instagram, vous rendez votre compte authentique par tous les moyens. Vous pouvez s\u00fbrement dire que les gens voient combien de likes vous avez sur votre compte Instagram et pensent que c&#039;est suffisant, mais si vous n&#039;avez pas de commentaires, cela ne fera que prouver aux yeux de vos visiteurs que personne n&#039;est profond\u00e9ment int\u00e9ress\u00e9 par votre contenu ou votre produit. .<\/p>\n<p>Par cons\u00e9quent, votre popularit\u00e9 ou la cr\u00e9dibilit\u00e9 de votre entreprise sera confront\u00e9e \u00e0 une gigantesque concurrence. Vous n\u2019atteignez pas vraiment votre objectif, n\u2019est-ce pas\u00a0? Nous sommes profond\u00e9ment pr\u00e9occup\u00e9s par l&#039;avenir de nos clients et, pour cette raison, nous fournissons des commentaires Instagram de la plus haute qualit\u00e9. Notre entreprise prend les mesures appropri\u00e9es qui non seulement montrent que votre public est actif, mais vous donnent \u00e9galement une chance de devenir le meilleur dans votre domaine. FeedPixel ne n\u00e9cessite pas d&#039;informations d&#039;identification priv\u00e9es. Avec nous, vous pouvez \u00eatre s\u00fbr que les informations que vous fournissez prendront automatiquement un statut confidentiel. Nous garantissons que vous b\u00e9n\u00e9ficierez du meilleur service. Un autre avantage d&#039;acheter chez nous r\u00e9side dans les options de paiement confortables avec Visa, Mastercard, Amex, PayPal, Bitcoin et Litecoin.<\/p>\n<h2><strong>Comment acheter Instagram Commentaires\u00a0:<\/strong><\/h2>\n<ol>\n<li>Choisissez combien de likes vous souhaitez recevoir.<\/li>\n<li>Entrez le nom d&#039;utilisateur ou l&#039;URL Instagram.<\/li>\n<li>Cliquez sur \u00ab\u00a0Ajouter au panier\u00a0\u00bb.<\/li>\n<li>Cliquez sur &quot;Passer \u00e0 la caisse&quot;.<\/li>\n<li>Remplissez tous les champs, rev\u00e9rifiez-les si n\u00e9cessaire et finalisez la commande.<\/li>\n<li>Une fois que vous aurez rempli les champs \u00ab\u00a0D\u00e9tails de facturation\u00a0\u00bb et \u00ab\u00a0Votre commande\u00a0\u00bb, l&#039;agent du support FeedPixel vous contactera si n\u00e9cessaire et vous aidera avec la strat\u00e9gie dont vous avez besoin.<\/li>\n<\/ol>","protected":false},"excerpt":{"rendered":"<p><span style=\"color: #00c9b5\"><strong>+ Assistance GRATUITE 24h\/24 et 7j\/7 d&#039;un agent personnel pour vous garantir la meilleure exp\u00e9rience client<\/strong><\/span><\/p>\n<p><a href=\"#tab-description\">Plus d&#039;informations sur Instagram Commentaires<\/a><\/p>","protected":false},"featured_media":3925,"comment_status":"open","ping_status":"closed","template":"","meta":{"_acf_changed":false},"product_cat":[17],"product_tag":[21],"class_list":{"0":"post-3899","1":"product","2":"type-product","3":"status-publish","4":"has-post-thumbnail","6":"product_cat-instagram","7":"product_tag-buy-instagram-comments","9":"first","10":"instock","11":"sold-individually","12":"shipping-taxable","13":"purchasable","14":"product-type-variable"},"bundle_layout":"","bundled_by":["4898"],"bundled_items":[],"acf":[],"_links":{"self":[{"href":"https:\/\/feedpixel.com\/fr\/wp-json\/wp\/v2\/product\/3899","targetHints":{"allow":["GET"]}}],"collection":[{"href":"https:\/\/feedpixel.com\/fr\/wp-json\/wp\/v2\/product"}],"about":[{"href":"https:\/\/feedpixel.com\/fr\/wp-json\/wp\/v2\/types\/product"}],"replies":[{"embeddable":true,"href":"https:\/\/feedpixel.com\/fr\/wp-json\/wp\/v2\/comments?post=3899"}],"wp:featuredmedia":[{"embeddable":true,"href":"https:\/\/feedpixel.com\/fr\/wp-json\/wp\/v2\/media\/3925"}],"wp:attachment":[{"href":"https:\/\/feedpixel.com\/fr\/wp-json\/wp\/v2\/media?parent=3899"}],"wp:term":[{"taxonomy":"product_cat","embeddable":true,"href":"https:\/\/feedpixel.com\/fr\/wp-json\/wp\/v2\/product_cat?post=3899"},{"taxonomy":"product_tag","embeddable":true,"href":"https:\/\/feedpixel.com\/fr\/wp-json\/wp\/v2\/product_tag?post=3899"}],"curies":[{"name":"wp","href":"https:\/\/api.w.org\/{rel}","templated":true}]}}