{"id":3936,"date":"2021-02-23T09:19:37","date_gmt":"2021-02-23T13:19:37","guid":{"rendered":"https:\/\/feedpixel.com\/product\/import-placeholder-for-3360\/"},"modified":"2024-08-07T09:28:59","modified_gmt":"2024-08-07T13:28:59","slug":"facebook-page-likes","status":"publish","type":"product","link":"https:\/\/feedpixel.com\/fr\/produit\/jaime-la-page-facebook\/","title":{"rendered":"J&#039;aime les pages Facebook"},"content":{"rendered":"<p><a name=\"#tab-description\"><\/a><\/p>\n<h1>Pourquoi devriez-vous acheter des likes sur une page Facebook\u00a0:<\/h1>\n<p>La plupart des petites et moyennes entreprises du monde entier utilisent Facebook pour promouvoir leur service ou produit. Cela s\u2019av\u00e8re \u00eatre la bonne strat\u00e9gie pour maximiser les profits et livrer des produits de qualit\u00e9. En achetant des likes sur une page Facebook, vous augmentez imm\u00e9diatement vos chances d&#039;obtenir les r\u00e9sultats les plus positifs. Les gens sont prompts \u00e0 juger aujourd\u2019hui. Cela signifie donc que vous devez montrer que votre service ou produit a de la valeur pour les autres, et les likes sur la page Facebook sont un moyen \u00e9prouv\u00e9 d&#039;y parvenir.<\/p>\n<p>FeedPixel a rendu le processus d&#039;achat de likes sur une page Facebook plus facile et plus s\u00fbr que nos concurrents, \u00e9liminant ainsi les risques associ\u00e9s. Nous n\u2019avons besoin d\u2019aucune de vos informations priv\u00e9es. Avec nous, vous pouvez \u00eatre s\u00fbr que vos informations ne seront partag\u00e9es avec personne.<\/p>\n<p>Une fois que vous avez pris votre d\u00e9cision et choisi l\u2019option que vous souhaitez, FeedPixel la livrera dans les 24 heures. Nous sommes fiers de la satisfaction de nos clients et, pour cette raison, pour garantir que vous b\u00e9n\u00e9ficiez du meilleur service, nous mettons \u00e0 votre disposition notre responsable du support social 24h\/24 et 7j\/7 pour vous guider d\u00e8s le d\u00e9but tout au long du processus d&#039;achat chez FeedPixel.<\/p>\n<h2><strong>Comment acheter des likes sur une page Facebook\u00a0:<\/strong><\/h2>\n<ol>\n<li>Choisissez le service que vous souhaitez que nous fournissions.<\/li>\n<li>Une fois que vous avez choisi le service, entrez l&#039;URL de votre page Facebook.<\/li>\n<li>Cliquez sur \u00ab\u00a0Ajouter au panier\u00a0\u00bb.<\/li>\n<li>Cliquez ensuite sur \u00ab\u00a0Proc\u00e9der au paiement\u00a0\u00bb.<\/li>\n<li>Remplissez les champs \u00ab\u00a0D\u00e9tails de facturation\u00a0\u00bb et \u00ab\u00a0Votre commande\u00a0\u00bb.<\/li>\n<li>Une fois que vous aurez compl\u00e9t\u00e9 les \u00ab\u00a0D\u00e9tails de facturation\u00a0\u00bb et \u00ab\u00a0Votre commande\u00a0\u00bb, un agent d&#039;assistance vous sera attribu\u00e9. En fonction de vos souhaits et de vos exigences, notre agent pr\u00e9parera le meilleur package menant \u00e0 la croissance de votre entreprise.<\/li>\n<\/ol>","protected":false},"excerpt":{"rendered":"<p><span style=\"color: #00c9b5\"><strong>+ Assistance GRATUITE 24h\/24 et 7j\/7 d&#039;un agent personnel pour vous garantir la meilleure exp\u00e9rience client<\/strong><\/span><\/p>\n<p><a href=\"#tab-description\">Plus d\u2019informations sur les J\u2019aime des pages Facebook<\/a><\/p>","protected":false},"featured_media":3963,"comment_status":"open","ping_status":"closed","template":"","meta":{"_acf_changed":false},"product_cat":[24],"product_tag":[26],"class_list":{"0":"post-3936","1":"product","2":"type-product","3":"status-publish","4":"has-post-thumbnail","6":"product_cat-facebook","7":"product_tag-buy-facebook-page-likes","9":"first","10":"outofstock","11":"sold-individually","12":"shipping-taxable","13":"purchasable","14":"product-type-variable"},"bundle_layout":"","bundled_by":[],"bundled_items":[],"acf":[],"_links":{"self":[{"href":"https:\/\/feedpixel.com\/fr\/wp-json\/wp\/v2\/product\/3936","targetHints":{"allow":["GET"]}}],"collection":[{"href":"https:\/\/feedpixel.com\/fr\/wp-json\/wp\/v2\/product"}],"about":[{"href":"https:\/\/feedpixel.com\/fr\/wp-json\/wp\/v2\/types\/product"}],"replies":[{"embeddable":true,"href":"https:\/\/feedpixel.com\/fr\/wp-json\/wp\/v2\/comments?post=3936"}],"wp:featuredmedia":[{"embeddable":true,"href":"https:\/\/feedpixel.com\/fr\/wp-json\/wp\/v2\/media\/3963"}],"wp:attachment":[{"href":"https:\/\/feedpixel.com\/fr\/wp-json\/wp\/v2\/media?parent=3936"}],"wp:term":[{"taxonomy":"product_cat","embeddable":true,"href":"https:\/\/feedpixel.com\/fr\/wp-json\/wp\/v2\/product_cat?post=3936"},{"taxonomy":"product_tag","embeddable":true,"href":"https:\/\/feedpixel.com\/fr\/wp-json\/wp\/v2\/product_tag?post=3936"}],"curies":[{"name":"wp","href":"https:\/\/api.w.org\/{rel}","templated":true}]}}