{"id":4025,"date":"2021-02-23T09:20:02","date_gmt":"2021-02-23T09:20:02","guid":{"rendered":"https:\/\/feedpixel.com\/product\/import-placeholder-for-3524\/"},"modified":"2025-01-08T10:26:46","modified_gmt":"2025-01-08T14:26:46","slug":"youtube-views","status":"publish","type":"product","link":"https:\/\/feedpixel.com\/fr\/produit\/vues-sur-youtube\/","title":{"rendered":"Vues YouTube"},"content":{"rendered":"<p><a name=\"#tab-description\"><\/a><\/p>\n<h1>Pourquoi devriez-vous acheter des vues YouTube\u00a0:<\/h1>\n<p>Qu&#039;est-ce qui diff\u00e9rencie un excellent contenu vid\u00e9o des autres\u00a0? Un num\u00e9ro ou des yeux affam\u00e9s pour le regarder bien s\u00fbr ! Achetez des vues YouTube et classez votre vid\u00e9o num\u00e9ro un dans la recherche YouTube, car plus vous avez de vues, plus vous serez class\u00e9 haut. Sans aucun doute, acheter des vues YouTube apportera d\u2019innombrables avantages \u00e0 votre entreprise. Il est \u00e9vident que vous obtiendrez \u00e9galement de nouveaux abonn\u00e9s \u00e0 la cha\u00eene YouTube, car les gens ont tendance \u00e0 craquer pour le contenu qui a le plus de vues. Des milliers de vues \u00e9liminent toute h\u00e9sitation, poussent le t\u00e9l\u00e9spectateur \u00e0 regarder beaucoup plus longtemps les productions de la cha\u00eene et finissent par le transformer en un rien de temps en abonn\u00e9 \u00e0 la cha\u00eene.<\/p>\n<p>Un autre avantage d\u2019avoir un million de vues est un score \u00e9lev\u00e9 dans l\u2019algorithme YouTube. Une note \u00e9lev\u00e9e entra\u00eene une exposition \u00e9lev\u00e9e puisque la vid\u00e9o appara\u00eetra certainement en haut pour que tout le monde puisse la regarder. En achetant des vues YouTube aupr\u00e8s de FeedPixel, vous pouvez \u00eatre certain de recevoir le meilleur service au prix le plus bas.<\/p>\n<p>Toutes les vues YouTube sont de v\u00e9ritables vues humaines provenant d&#039;utilisateurs actifs de comptes YouTube, et gr\u00e2ce \u00e0 notre syst\u00e8me de diffusion ultra-secret, votre cha\u00eene restera en s\u00e9curit\u00e9. FeedPixel se soucie v\u00e9ritablement de sa r\u00e9putation et de la confiance de ses clients. Par cons\u00e9quent, pour faciliter le processus, votre agent de m\u00e9dias sociaux personnel 24h\/24 et 7j\/7 sera affect\u00e9 d\u00e8s la premi\u00e8re \u00e9tape de votre commande jusqu&#039;\u00e0 ce que toutes les vues soient livr\u00e9es. Aucun identifiant priv\u00e9 n&#039;est demand\u00e9 par FeedPixel, donc aucun risque de suspension. D\u00e9couvrez les meilleures vues YouTube avec FeedPixel\u00a0!<\/p>\n<h2><strong>Comment acheter des vues YouTube\u00a0:<\/strong><\/h2>\n<ol>\n<li>Choisissez l&#039;option.<\/li>\n<li>Collez votre URL YouTube.<\/li>\n<li>Passez \u00e0 \u00ab\u00a0Ajouter au panier\u00a0\u00bb.<\/li>\n<li>Cliquez sur \u00ab Passer \u00e0 la caisse \u00bb.<\/li>\n<li>Remplissez la page de paiement.<\/li>\n<li>Une fois que vous aurez termin\u00e9 les \u00e9tapes ci-dessus, FeedPixel affectera un agent d&#039;assistance 24h\/24 et 7j\/7 qui vous expliquera tout sur les prochaines \u00e9tapes.<\/li>\n<\/ol>","protected":false},"excerpt":{"rendered":"<p>Les commandes de 10 000 vues et plus recevront les vues de la plus haute qualit\u00e9 du march\u00e9 \u00e0 partir de <strong>Publicit\u00e9s Facebook<\/strong>. Vous obtiendrez \u00e9galement des likes et des commentaires si votre vid\u00e9o est int\u00e9ressante.<\/p>\n<p style=\"color: #f4226e\">Ces vues ne fonctionnent pas pour les courts m\u00e9trages YouTube et les vid\u00e9os en direct\u00a0!<\/p>","protected":false},"featured_media":4055,"comment_status":"open","ping_status":"closed","template":"","meta":{"_acf_changed":false},"product_cat":[35],"product_tag":[36],"class_list":{"0":"post-4025","1":"product","2":"type-product","3":"status-publish","4":"has-post-thumbnail","6":"product_cat-youtube","7":"product_tag-buy-youtube-views","9":"first","10":"instock","11":"sold-individually","12":"shipping-taxable","13":"purchasable","14":"product-type-variable"},"bundle_layout":"","bundled_by":["4907"],"bundled_items":[],"acf":[],"_links":{"self":[{"href":"https:\/\/feedpixel.com\/fr\/wp-json\/wp\/v2\/product\/4025","targetHints":{"allow":["GET"]}}],"collection":[{"href":"https:\/\/feedpixel.com\/fr\/wp-json\/wp\/v2\/product"}],"about":[{"href":"https:\/\/feedpixel.com\/fr\/wp-json\/wp\/v2\/types\/product"}],"replies":[{"embeddable":true,"href":"https:\/\/feedpixel.com\/fr\/wp-json\/wp\/v2\/comments?post=4025"}],"wp:featuredmedia":[{"embeddable":true,"href":"https:\/\/feedpixel.com\/fr\/wp-json\/wp\/v2\/media\/4055"}],"wp:attachment":[{"href":"https:\/\/feedpixel.com\/fr\/wp-json\/wp\/v2\/media?parent=4025"}],"wp:term":[{"taxonomy":"product_cat","embeddable":true,"href":"https:\/\/feedpixel.com\/fr\/wp-json\/wp\/v2\/product_cat?post=4025"},{"taxonomy":"product_tag","embeddable":true,"href":"https:\/\/feedpixel.com\/fr\/wp-json\/wp\/v2\/product_tag?post=4025"}],"curies":[{"name":"wp","href":"https:\/\/api.w.org\/{rel}","templated":true}]}}