{"id":4026,"date":"2021-02-23T09:20:02","date_gmt":"2021-02-23T09:20:02","guid":{"rendered":"https:\/\/feedpixel.com\/product\/import-placeholder-for-3566\/"},"modified":"2025-10-15T08:26:12","modified_gmt":"2025-10-15T12:26:12","slug":"youtube-likes","status":"publish","type":"product","link":"https:\/\/feedpixel.com\/fr\/produit\/jaime-youtube\/","title":{"rendered":"J&#039;aime YouTube"},"content":{"rendered":"<p><a name=\"#tab-description\"><\/a><\/p>\n<h1>Pourquoi devriez-vous acheter des likes YouTube\u00a0:<\/h1>\n<p>Nos clients choisissent la soci\u00e9t\u00e9 FeedPixel car non seulement nous promettons nos services comme le font de nombreux autres sites Web, mais nous prouvons notre r\u00e9putation en gardant une parole et en dynamisant votre entreprise. Nous sommes heureux de vous offrir la possibilit\u00e9 d&#039;acheter des likes YouTube. Pour grandir sur la cha\u00eene YouTube et g\u00e9rer efficacement votre entreprise, vous devez avoir des likes sur vos vid\u00e9os qui conduiront \u00e0 un engagement \u00e9lev\u00e9. Il est de notori\u00e9t\u00e9 publique que les gens aiment quelque chose facilement s&#039;ils voient les autres l&#039;aimer.<\/p>\n<p>La strat\u00e9gie de FeedPixel est de vous fournir des likes de haute qualit\u00e9 dans les 24 heures. Une fois que vous avez command\u00e9 l&#039;achat, FeedPixel vous attachera automatiquement un agent qualifi\u00e9. De plus, cet agent d&#039;assistance sera en contact 24h \/ 24 et 7j \/ 7 depuis l&#039;achat jusqu&#039;aux r\u00e9sultats r\u00e9els \u00e0 un co\u00fbt nul. Nous nous soucions vraiment des entreprises de nos clients. Le service comprend \u00e9galement un syst\u00e8me de remplissage garanti.<\/p>\n<p>L&#039;achat de likes YouTube est s\u00fbr car notre strat\u00e9gie \u00e9limine tout risque d&#039;\u00eatre banni. FeedPixel ne n\u00e9cessite aucune de vos informations priv\u00e9es. Avec nous, vous pouvez \u00eatre s\u00fbr que les informations que vous fournissez ne sont jamais divulgu\u00e9es au public. Quant au paiement, nous acceptons Visa, Mastercard, Amex, PayPal, Bitcoin et Litecoin.<\/p>\n<p>La satisfaction 100% avec notre service est garantie.<\/p>\n<h2><strong>Comment acheter des likes YouTube\u00a0:<\/strong><\/h2>\n<ol>\n<li>Choisissez d&#039;abord le nombre de likes dont vous avez besoin.<\/li>\n<li>Tapez votre URL YouTube dans la case requise.<\/li>\n<li>Cliquez ensuite sur \u00ab\u00a0Ajouter au panier\u00a0\u00bb.<\/li>\n<li>Vous verrez le bouton bleu &quot;Passer \u00e0 la caisse&quot;, cliquez dessus.<\/li>\n<li>Remplissez tous les champs obligatoires et compl\u00e9tez la page de paiement.<\/li>\n<li>Apr\u00e8s les \u00e9tapes d\u00e9crites ci-dessus, un agent d&#039;assistance qualifi\u00e9 prendra contact avec vous et vous expliquera la strat\u00e9gie de croissance parfaite pour votre entreprise.<\/li>\n<\/ol>","protected":false},"excerpt":{"rendered":"<p><a href=\"#tab-description\">Plus d&#039;informations sur les likes YouTube<\/a><\/p>","protected":false},"featured_media":4056,"comment_status":"open","ping_status":"closed","template":"","meta":{"_acf_changed":false},"product_cat":[35],"product_tag":[37],"class_list":{"0":"post-4026","1":"product","2":"type-product","3":"status-publish","4":"has-post-thumbnail","6":"product_cat-youtube","7":"product_tag-buy-youtube-likes","9":"first","10":"instock","11":"sold-individually","12":"shipping-taxable","13":"purchasable","14":"product-type-variable"},"bundle_layout":"","bundled_by":["4907"],"bundled_items":[],"acf":[],"_links":{"self":[{"href":"https:\/\/feedpixel.com\/fr\/wp-json\/wp\/v2\/product\/4026","targetHints":{"allow":["GET"]}}],"collection":[{"href":"https:\/\/feedpixel.com\/fr\/wp-json\/wp\/v2\/product"}],"about":[{"href":"https:\/\/feedpixel.com\/fr\/wp-json\/wp\/v2\/types\/product"}],"replies":[{"embeddable":true,"href":"https:\/\/feedpixel.com\/fr\/wp-json\/wp\/v2\/comments?post=4026"}],"wp:featuredmedia":[{"embeddable":true,"href":"https:\/\/feedpixel.com\/fr\/wp-json\/wp\/v2\/media\/4056"}],"wp:attachment":[{"href":"https:\/\/feedpixel.com\/fr\/wp-json\/wp\/v2\/media?parent=4026"}],"wp:term":[{"taxonomy":"product_cat","embeddable":true,"href":"https:\/\/feedpixel.com\/fr\/wp-json\/wp\/v2\/product_cat?post=4026"},{"taxonomy":"product_tag","embeddable":true,"href":"https:\/\/feedpixel.com\/fr\/wp-json\/wp\/v2\/product_tag?post=4026"}],"curies":[{"name":"wp","href":"https:\/\/api.w.org\/{rel}","templated":true}]}}