{"id":4038,"date":"2021-02-23T09:20:02","date_gmt":"2021-02-23T13:20:02","guid":{"rendered":"https:\/\/feedpixel.com\/product\/import-placeholder-for-3580\/"},"modified":"2026-01-24T10:12:37","modified_gmt":"2026-01-24T14:12:37","slug":"youtube-subscribers","status":"publish","type":"product","link":"https:\/\/feedpixel.com\/fr\/produit\/abonnes-youtube\/","title":{"rendered":"Abonn\u00e9s YouTube"},"content":{"rendered":"<p><a name=\"#tab-description\"><\/a><\/p>\n<h1>Pourquoi acheter des abonn\u00e9s YouTube\u00a0:<\/h1>\n<p>Les gens de la nouvelle \u00e8re utilisent la plate-forme YouTube pour partager des id\u00e9es brillantes et la sagesse de la vie, promouvoir les entreprises et \u00e9duquer les autres. Avoir un bon contenu et une bonne dose d&#039;inspiration n&#039;est \u00e9videmment pas suffisant en r\u00e9alit\u00e9. Assez offensivement, l&#039;algorithme YouTube compte en premier lieu les abonn\u00e9s et les t\u00e9l\u00e9spectateurs de votre cha\u00eene.<\/p>\n<p>Pour YouTube, le nombre de personnes qui vous suivent est le plus important et, en fonction de cela, votre cha\u00eene est class\u00e9e. Achetez des abonn\u00e9s YouTube et rendez votre cha\u00eene plus attrayante pour les autres, en particulier pour l&#039;algorithme YouTube. Une fois la commande termin\u00e9e, votre agent personnel, qui sera attach\u00e9 par FeedPixel, commencera \u00e0 analyser votre cha\u00eene et cr\u00e9era un service unique qui augmentera vos chances d&#039;atteindre la premi\u00e8re position sur YouTube. Nous ne facturons aucun frais suppl\u00e9mentaire pour un agent et il sera disponible 24h\/24 et 7j\/7 et r\u00e9pondra \u00e0 toutes vos questions.<\/p>\n<p>En achetant des abonn\u00e9s YouTube avec FeedPixel, vous obtiendrez des abonn\u00e9s avec des comptes authentiques. Tous les risques sont \u00e9limin\u00e9s par FeedPixel. Le processus d&#039;achat d&#039;abonn\u00e9s YouTube est l\u00e9gitime et nous n&#039;exigeons aucune de vos informations priv\u00e9es. De nombreux autres sites Web vous informent qu&#039;ils offrent le prix \u00ab bas \u00bb, mais nous esp\u00e9rons que vous avez fait des recherches et compar\u00e9 notre service avec d&#039;autres sites Web et compris que seul FeedPixel propose le prix le plus bas pour le service le plus r\u00e9put\u00e9. Rejoignez-nous et obtenez la meilleure offre!<\/p>\n<h2><strong>Comment acheter des abonn\u00e9s YouTube\u00a0:<\/strong><\/h2>\n<ol>\n<li>Choisissez l&#039;option que vous souhaitez que nous vous fournissions.<\/li>\n<li>Entrez votre URL YouTube.<\/li>\n<li>Allez dans \u00ab\u00a0Ajouter au panier\u00a0\u00bb.<\/li>\n<li>Cliquez sur &quot;Passer \u00e0 la caisse&quot;.<\/li>\n<li>Remplissez la page de paiement.<\/li>\n<li>Une fois que vous avez termin\u00e9 votre commande, notre soci\u00e9t\u00e9 attachera un agent d&#039;assistance qualifi\u00e9 24h\/24 et 7j\/7 qui vous expliquera toutes les \u00e9tapes suivantes.<\/li>\n<\/ol>","protected":false},"excerpt":{"rendered":"<p>Why you should buy YouTube Subscribers: People of the new era use YouTube platform to share brilliant ideas and life wisdom, promote businesses and educate others. Having a great content and hefty portion of inspiration is obviously not enough in reality. Offensively enough, YouTube algorithm count your channel subscribers and viewers in the first place. [&hellip;]<\/p>","protected":false},"featured_media":4059,"comment_status":"open","ping_status":"closed","template":"","meta":{"_acf_changed":false},"product_cat":[35],"product_tag":[39],"class_list":{"0":"post-4038","1":"product","2":"type-product","3":"status-publish","4":"has-post-thumbnail","6":"product_cat-youtube","7":"product_tag-buy-youtube-subscribers","9":"first","10":"instock","11":"sold-individually","12":"shipping-taxable","13":"purchasable","14":"product-type-variable"},"bundle_layout":"","bundled_by":["4907"],"bundled_items":[],"acf":[],"_links":{"self":[{"href":"https:\/\/feedpixel.com\/fr\/wp-json\/wp\/v2\/product\/4038","targetHints":{"allow":["GET"]}}],"collection":[{"href":"https:\/\/feedpixel.com\/fr\/wp-json\/wp\/v2\/product"}],"about":[{"href":"https:\/\/feedpixel.com\/fr\/wp-json\/wp\/v2\/types\/product"}],"replies":[{"embeddable":true,"href":"https:\/\/feedpixel.com\/fr\/wp-json\/wp\/v2\/comments?post=4038"}],"wp:featuredmedia":[{"embeddable":true,"href":"https:\/\/feedpixel.com\/fr\/wp-json\/wp\/v2\/media\/4059"}],"wp:attachment":[{"href":"https:\/\/feedpixel.com\/fr\/wp-json\/wp\/v2\/media?parent=4038"}],"wp:term":[{"taxonomy":"product_cat","embeddable":true,"href":"https:\/\/feedpixel.com\/fr\/wp-json\/wp\/v2\/product_cat?post=4038"},{"taxonomy":"product_tag","embeddable":true,"href":"https:\/\/feedpixel.com\/fr\/wp-json\/wp\/v2\/product_tag?post=4038"}],"curies":[{"name":"wp","href":"https:\/\/api.w.org\/{rel}","templated":true}]}}