{"id":4064,"date":"2021-02-23T09:20:14","date_gmt":"2021-02-23T09:20:14","guid":{"rendered":"https:\/\/feedpixel.com\/product\/import-placeholder-for-3600\/"},"modified":"2026-03-01T01:41:06","modified_gmt":"2026-03-01T05:41:06","slug":"tiktok-fans","status":"publish","type":"product","link":"https:\/\/feedpixel.com\/fr\/produit\/fans-de-tiktok\/","title":{"rendered":"Fans de TikTok"},"content":{"rendered":"<p><a name=\"#tab-description\"><\/a><\/p>\n<h1>Pourquoi devriez-vous acheter des ventilateurs TikTok\u00a0:<\/h1>\n<p>Ce n&#039;est un secret pour personne que les gens ont tendance \u00e0 suivre ceux qui sont en quelque sorte une c\u00e9l\u00e9brit\u00e9, qu&#039;il s&#039;agisse de tendances commerciales ou de mode. Les gens seront davantage impliqu\u00e9s dans votre profil TikTok si vous avez un nombre impressionnant d&#039;abonn\u00e9s. Vous voulez augmenter rapidement votre compte TikTok\u00a0? Vous \u00eates au bon endroit !<\/p>\n<p>Une fois que vous aurez achet\u00e9 des ventilateurs TikTok, vous obtiendrez non seulement un produit de haute qualit\u00e9 qui n&#039;a aucune analogie sur le march\u00e9, mais \u00e9galement le service m\u00e9ga-boom de l&#039;agent FeedPixel que nous nommerons imm\u00e9diatement apr\u00e8s votre commande. L&#039;agent de soutien travaillera sur votre cas et expliquera les strat\u00e9gies possibles et r\u00e9pondra \u00e0 toutes vos questions. Vous avez encore une question pourquoi acheter des abonn\u00e9s TikTok \u00e0 FeedPixel ? Vous avez raison de dire que ce ne sont pas tous nos avantages. Regardez cette formule et vous comprendrez pourquoi jour apr\u00e8s jour nos clients nous choisissent et pourquoi FeedPixel est num\u00e9ro un :<\/p>\n<p>Haute qualit\u00e9 + Agent gratuit 24h \/ 24 et 7j \/ 7 + Le moins cher + Syst\u00e8me de remplissage illimit\u00e9 + Livraison en 24 heures + Site Web fiable + Accepter PayPal, Visa, Amex, Mastercard, Litecoin, Bitcoin + Pas de mot de passe + Anonymat complet + Aucun risque + Absolument s\u00fbr + Remises \u00e9normes + Strat\u00e9gie intelligente + Nous prenons soin des affaires de nos clients = tout cela seulement $ 0,99 pour 100 abonn\u00e9s TikTok.<\/p>\n<p>Rejoignez-nous et d\u00e9couvrez le service de luxe aujourd&#039;hui!<\/p>\n<h2><strong>Comment acheter des ventilateurs TikTok\u00a0:<\/strong><\/h2>\n<ol>\n<li>Choisissez le pack que vous souhaitez acheter.<\/li>\n<li>Collez votre nom d&#039;utilisateur TikTok.<\/li>\n<li>Cliquez sur \u00ab\u00a0Ajouter au panier\u00a0\u00bb.<\/li>\n<li>Cliquez sur &quot;Passer \u00e0 la caisse&quot;.<\/li>\n<li>Remplissez la page de paiement.<\/li>\n<li>Une fois que vous aurez termin\u00e9 les \u00e9tapes requises, un agent d&#039;assistance qualifi\u00e9 sera attach\u00e9 \u00e0 vous. Cet agent personnel r\u00e9pondra \u00e0 toutes vos questions.<\/li>\n<\/ol>","protected":false},"excerpt":{"rendered":"<p><span style=\"color: #ff0000\"><strong>+ Vues TikTok GRATUITES en x10 Montant d&#039;achat\u00a0:<\/strong><\/span><\/p>\n<p>(par exemple 100 fans = 1000 vues TikTok gratuites)<\/p>\n<p>(par exemple 5000 fans = 50.000 vues TikTok gratuites)<\/p>\n<p><a href=\"#tab-description\">Plus d&#039;informations sur les ventilateurs TikTok<\/a><\/p>","protected":false},"featured_media":4094,"comment_status":"open","ping_status":"closed","template":"","meta":{"_acf_changed":false},"product_cat":[41],"product_tag":[42],"class_list":{"0":"post-4064","1":"product","2":"type-product","3":"status-publish","4":"has-post-thumbnail","6":"product_cat-tiktok","7":"product_tag-buy-tiktok-fans","9":"first","10":"instock","11":"sold-individually","12":"shipping-taxable","13":"purchasable","14":"product-type-variable","15":"has-default-attributes"},"bundle_layout":"","bundled_by":["4903"],"bundled_items":[],"acf":[],"_links":{"self":[{"href":"https:\/\/feedpixel.com\/fr\/wp-json\/wp\/v2\/product\/4064","targetHints":{"allow":["GET"]}}],"collection":[{"href":"https:\/\/feedpixel.com\/fr\/wp-json\/wp\/v2\/product"}],"about":[{"href":"https:\/\/feedpixel.com\/fr\/wp-json\/wp\/v2\/types\/product"}],"replies":[{"embeddable":true,"href":"https:\/\/feedpixel.com\/fr\/wp-json\/wp\/v2\/comments?post=4064"}],"wp:featuredmedia":[{"embeddable":true,"href":"https:\/\/feedpixel.com\/fr\/wp-json\/wp\/v2\/media\/4094"}],"wp:attachment":[{"href":"https:\/\/feedpixel.com\/fr\/wp-json\/wp\/v2\/media?parent=4064"}],"wp:term":[{"taxonomy":"product_cat","embeddable":true,"href":"https:\/\/feedpixel.com\/fr\/wp-json\/wp\/v2\/product_cat?post=4064"},{"taxonomy":"product_tag","embeddable":true,"href":"https:\/\/feedpixel.com\/fr\/wp-json\/wp\/v2\/product_tag?post=4064"}],"curies":[{"name":"wp","href":"https:\/\/api.w.org\/{rel}","templated":true}]}}