{"id":4129,"date":"2021-02-23T09:20:29","date_gmt":"2021-02-23T09:20:29","guid":{"rendered":"https:\/\/feedpixel.com\/product\/import-placeholder-for-3870\/"},"modified":"2022-11-11T04:03:37","modified_gmt":"2022-11-11T08:03:37","slug":"twitter-followers","status":"publish","type":"product","link":"https:\/\/feedpixel.com\/fr\/produit\/abonnes-twitter\/","title":{"rendered":"Abonn\u00e9s Twitter"},"content":{"rendered":"<p><a name=\"#tab-description\"><\/a><\/p>\n<h1>Pourquoi devriez-vous acheter des abonn\u00e9s Twitter\u00a0:<\/h1>\n<p>Qu&#039;est-ce qui peut garantir le succ\u00e8s sur l&#039;une des plateformes les plus connues comme Twitter\u00a0? Qu&#039;est-ce qui peut aider votre port\u00e9e organique et augmenter la visibilit\u00e9 des tweets que vous y publiez\u00a0? Ce sont les questions d\u00e9licates auxquelles chaque d\u00e9butant sur Twitter doit r\u00e9pondre s&#039;il veut survivre dans une comp\u00e9tition acharn\u00e9e d&#039;utilisateurs \u00e9tablis de Twitter. L&#039;objectif le plus lucratif peut sembler au d\u00e9part intimidant et difficilement r\u00e9alisable.<\/p>\n<p>Pour suivre le rythme et faire un pas de g\u00e9ant vers votre succ\u00e8s, FeedPixel vous r\u00e9serve quelques armes secr\u00e8tes. Quelques milliers d&#039;abonn\u00e9s Twitter peuvent s&#039;av\u00e9rer utiles pour cr\u00e9er une niche pour votre entreprise sur Twitter. Des adeptes humains plus actifs signifieraient plus d&#039;interaction avec votre public cible, donc plus de retweets et de vues. C&#039;est exactement ce dont vous avez besoin.<\/p>\n<p>Nous nous engageons \u00e0 \u00e9conomiser votre argent, vos efforts et votre temps lorsque vous concluez le march\u00e9 avec nous. Un portail de paiement s\u00e9curis\u00e9 et aucun mot de passe requis vous garantit un achat sans risque. De nombreuses fa\u00e7ons de payer votre commande incluent Visa, Mastercard, Amex, PayPal, Bitcoin et Litecoin, etc. De plus, votre agent de m\u00e9dias sociaux personnel 24h \/ 24 et 7j \/ 7 est une consultation de qualit\u00e9 que vous obtenez gratuitement.<\/p>\n<p>Nous parions que vous appr\u00e9cierez pleinement le service.<\/p>\n<h2><strong>Comment acheter des abonn\u00e9s Twitter :<\/strong><\/h2>\n<ol>\n<li>Choisissez l&#039;option que vous souhaitez que nous vous fournissions.<\/li>\n<li>Entrez votre nom d&#039;utilisateur Twitter.<\/li>\n<li>Appuyez ensuite sur \u00ab\u00a0Ajouter au panier\u00a0\u00bb.<\/li>\n<li>Cliquez sur &quot;Passer \u00e0 la caisse&quot;.<\/li>\n<li>Effectuez les \u00e9tapes requises sur la page de paiement.<\/li>\n<li>Une fois que vous avez termin\u00e9 la commande, nous allons joindre un agent d&#039;assistance 24h\/24 et 7j\/7 qui sera en contact 24h\/24 et 7j\/7 et vous expliquera toutes les \u00e9tapes suivantes.<\/li>\n<\/ol>","protected":false},"excerpt":{"rendered":"<p><span style=\"color: #00c9b5;\"><strong>+ Assistance GRATUITE 24h\/24 et 7j\/7 d&#039;un agent personnel pour vous garantir la meilleure exp\u00e9rience client<\/strong><\/span><\/p>\n<p><a href=\"#tab-description\">Plus d&#039;informations sur les abonn\u00e9s Twitter<\/a><\/p>","protected":false},"featured_media":4155,"comment_status":"open","ping_status":"closed","template":"","meta":{"_acf_changed":false},"product_cat":[50],"product_tag":[52],"class_list":{"0":"post-4129","1":"product","2":"type-product","3":"status-publish","4":"has-post-thumbnail","6":"product_cat-twitter","7":"product_tag-buy-twitter-followers","9":"first","10":"outofstock","11":"sold-individually","12":"shipping-taxable","13":"purchasable","14":"product-type-variable"},"bundle_layout":"","bundled_by":[],"bundled_items":[],"acf":[],"_links":{"self":[{"href":"https:\/\/feedpixel.com\/fr\/wp-json\/wp\/v2\/product\/4129","targetHints":{"allow":["GET"]}}],"collection":[{"href":"https:\/\/feedpixel.com\/fr\/wp-json\/wp\/v2\/product"}],"about":[{"href":"https:\/\/feedpixel.com\/fr\/wp-json\/wp\/v2\/types\/product"}],"replies":[{"embeddable":true,"href":"https:\/\/feedpixel.com\/fr\/wp-json\/wp\/v2\/comments?post=4129"}],"wp:featuredmedia":[{"embeddable":true,"href":"https:\/\/feedpixel.com\/fr\/wp-json\/wp\/v2\/media\/4155"}],"wp:attachment":[{"href":"https:\/\/feedpixel.com\/fr\/wp-json\/wp\/v2\/media?parent=4129"}],"wp:term":[{"taxonomy":"product_cat","embeddable":true,"href":"https:\/\/feedpixel.com\/fr\/wp-json\/wp\/v2\/product_cat?post=4129"},{"taxonomy":"product_tag","embeddable":true,"href":"https:\/\/feedpixel.com\/fr\/wp-json\/wp\/v2\/product_tag?post=4129"}],"curies":[{"name":"wp","href":"https:\/\/api.w.org\/{rel}","templated":true}]}}