{"id":4182,"date":"2021-02-23T09:20:46","date_gmt":"2021-02-23T09:20:46","guid":{"rendered":"https:\/\/feedpixel.com\/product\/import-placeholder-for-3961\/"},"modified":"2026-01-06T13:59:03","modified_gmt":"2026-01-06T17:59:03","slug":"soundcloud-followers","status":"publish","type":"product","link":"https:\/\/feedpixel.com\/fr\/produit\/abonnes-soundcloud\/","title":{"rendered":"Abonn\u00e9s SoundCloud"},"content":{"rendered":"<p><a name=\"#tab-description\"><\/a><\/p>\n<h1>Pourquoi devriez-vous acheter des abonn\u00e9s SoundCloud\u00a0:<\/h1>\n<p>Ce n\u2019est un secret pour personne que les gens attirent davantage de monde, et le SoundCloud ne fait pas exception. Plus vous avez de followers sur votre page\u00a0; les plus r\u00e9cents vous suivront. SoundCloud est une bonne plateforme pour promouvoir votre art musical et, bien s\u00fbr, l&#039;une des meilleures strat\u00e9gies pour se lancer correctement est d&#039;avoir de nombreux abonn\u00e9s. Avoir des abonn\u00e9s vous donnera une chance d&#039;\u00eatre remarqu\u00e9 par des producteurs c\u00e9l\u00e8bres, des stations de radio et des clubs de haut niveau.<\/p>\n<p>FeedPixel fournit le meilleur service SoundCloud avec des abonn\u00e9s authentiques. Notre strat\u00e9gie intelligente prend en compte vos d\u00e9sirs et vos objectifs \u2013 une recette garantie pour un lancement parfait de carri\u00e8re musicale. Nous prenons soin du temps et de l\u2019argent de nos clients. Nous fournissons des abonn\u00e9s SoundCloud dans les 24 heures. Une fois votre commande termin\u00e9e, Feedpixel vous d\u00e9signera un agent d&#039;assistance 24h\/24 et 7j\/7 qui vous servira d\u00e8s le d\u00e9but tout au long du processus.<\/p>\n<p>L&#039;un des grands avantages de FeedPixel est non seulement le meilleur prix que vous ayez jamais vu, mais \u00e9galement l&#039;achat sans risque. Nous n&#039;avons pas besoin d&#039;informations d&#039;identification de connexion au compte. Avec nous, soyez assur\u00e9 que les informations que vous fournissez prendront automatiquement un statut confidentiel. La meilleure exp\u00e9rience client est garantie.<\/p>\n<h2><strong>Comment acheter des abonn\u00e9s SoundCloud\u00a0:<\/strong><\/h2>\n<ol>\n<li>Choisissez l&#039;option que vous souhaitez que nous vous fournissions.<\/li>\n<li>Tapez votre lien\/URL d\u2019artiste SoundCloud dans la case requise.<\/li>\n<li>Allez dans \u00ab\u00a0Ajouter au panier\u00a0\u00bb.<\/li>\n<li>Cliquez ensuite sur \u00ab\u00a0Proc\u00e9der au paiement\u00a0\u00bb.<\/li>\n<li>Remplissez la page de paiement.<\/li>\n<li>Une fois que vous avez termin\u00e9 les \u00e9tapes ci-dessus, FeedPixel vous assigne un agent d&#039;assistance qualifi\u00e9 24h\/24 et 7j\/7 qui discutera de la solution qui vous convient.<\/li>\n<\/ol>","protected":false},"excerpt":{"rendered":"<p><span style=\"color: #00c9b5\"><strong>+ Assistance GRATUITE 24h\/24 et 7j\/7 d&#039;un agent personnel pour vous garantir la meilleure exp\u00e9rience client<\/strong><\/span><\/p>\n<p><a href=\"#tab-description\">Plus d\u2019informations sur les abonn\u00e9s SoundCloud<\/a><\/p>","protected":false},"featured_media":4212,"comment_status":"open","ping_status":"closed","template":"","meta":{"_acf_changed":false},"product_cat":[55],"product_tag":[57],"class_list":{"0":"post-4182","1":"product","2":"type-product","3":"status-publish","4":"has-post-thumbnail","6":"product_cat-soundcloud","7":"product_tag-buy-soundcloud-followers","9":"first","10":"instock","11":"sold-individually","12":"shipping-taxable","13":"purchasable","14":"product-type-variable"},"bundle_layout":"","bundled_by":[],"bundled_items":[],"acf":[],"_links":{"self":[{"href":"https:\/\/feedpixel.com\/fr\/wp-json\/wp\/v2\/product\/4182","targetHints":{"allow":["GET"]}}],"collection":[{"href":"https:\/\/feedpixel.com\/fr\/wp-json\/wp\/v2\/product"}],"about":[{"href":"https:\/\/feedpixel.com\/fr\/wp-json\/wp\/v2\/types\/product"}],"replies":[{"embeddable":true,"href":"https:\/\/feedpixel.com\/fr\/wp-json\/wp\/v2\/comments?post=4182"}],"wp:featuredmedia":[{"embeddable":true,"href":"https:\/\/feedpixel.com\/fr\/wp-json\/wp\/v2\/media\/4212"}],"wp:attachment":[{"href":"https:\/\/feedpixel.com\/fr\/wp-json\/wp\/v2\/media?parent=4182"}],"wp:term":[{"taxonomy":"product_cat","embeddable":true,"href":"https:\/\/feedpixel.com\/fr\/wp-json\/wp\/v2\/product_cat?post=4182"},{"taxonomy":"product_tag","embeddable":true,"href":"https:\/\/feedpixel.com\/fr\/wp-json\/wp\/v2\/product_tag?post=4182"}],"curies":[{"name":"wp","href":"https:\/\/api.w.org\/{rel}","templated":true}]}}