{"id":4189,"date":"2021-02-23T09:20:47","date_gmt":"2021-02-23T09:20:47","guid":{"rendered":"https:\/\/feedpixel.com\/product\/import-placeholder-for-3970\/"},"modified":"2026-03-16T04:57:36","modified_gmt":"2026-03-16T08:57:36","slug":"soundcloud-plays","status":"publish","type":"product","link":"https:\/\/feedpixel.com\/fr\/produit\/jeux-soundcloud\/","title":{"rendered":"SoundCloud joue"},"content":{"rendered":"<p><a name=\"#tab-description\"><\/a><\/p>\n<h1>Pourquoi devriez-vous acheter SoundCloud Plays\u00a0:<\/h1>\n<p>Soyons honn\u00eates, les gens ne montreront pas leur int\u00e9r\u00eat ou ne s&#039;engageront pas dans un profil SoundCloud qui a peu ou pas de lectures. Envie de devenir une pop star et de d\u00e9crocher un contrat de plusieurs millions avec des maisons de disques, d&#039;\u00eatre remarqu\u00e9 par des producteurs renomm\u00e9s et, qui sait, probablement de gagner un Grammy \u2013 commencez par quelques milliers d&#039;\u00e9coutes et vous verrez votre expansion rapide dans l&#039;univers SoundCloud.<\/p>\n<p>Achetez SoundCloud joue avec FeedPixel et b\u00e9n\u00e9ficiez d&#039;un service exceptionnel. Une fois que vous aurez achet\u00e9 des jeux SoundCloud, notre agent de marketing sur les r\u00e9seaux sociaux commencera imm\u00e9diatement \u00e0 travailler sur votre dossier et livrera votre commande dans les 24 heures. L\u2019achat de pi\u00e8ces SoundCloud a aid\u00e9 un certain nombre d\u2019ic\u00f4nes de la musique \u00e0 faire ressortir leur talent. Vous pouvez compter sur notre expertise.<\/p>\n<p>Soyez pr\u00eat \u00e0 b\u00e9n\u00e9ficier d\u2019un service de premi\u00e8re qualit\u00e9 et s\u00fbr \u00e0 utiliser. FeedPixel utilise de v\u00e9ritables comptes SoundCloud\u00a0; c&#039;est pourquoi vous ne courez aucun risque. Nous nous soucions du temps et des efforts de nos clients, et notre strat\u00e9gie intelligente vous permet d&#039;utiliser plusieurs fa\u00e7ons de payer la commande, notamment le Litecoin, le Bitcoin et d&#039;autres crypto-monnaies. FeedPixel propose des prix imbattables pour tous ses services, et SoundCloud Plays ne fait pas exception. Nous tenons notre promesse de servir de tremplin \u00e0 votre talent et avons d\u00e9j\u00e0 aid\u00e9 des milliers de personnes. Rejoignez-nous maintenant \u2013 laissez votre avenir pousser des ailes pour voler.<\/p>\n<h2><strong>Comment acheter des jeux SoundCloud\u00a0:<\/strong><\/h2>\n<ol>\n<li>Choisissez le bon pack.<\/li>\n<li>Collez le lien\/URL de vos pistes Soundcloud.<\/li>\n<li>Cliquez sur \u00ab\u00a0Ajouter au panier\u00a0\u00bb.<\/li>\n<li>Cliquez sur \u00ab Passer \u00e0 la caisse \u00bb.<\/li>\n<li>Remplissez tous les champs de la page de paiement.<\/li>\n<li>Une fois que vous aurez termin\u00e9 les \u00e9tapes requises, FeedPixel enverra un agent d&#039;assistance qualifi\u00e9 qui vous expliquera tout sur les prochaines \u00e9tapes.<\/li>\n<\/ol>","protected":false},"excerpt":{"rendered":"<p><span style=\"color: #00c9b5\"><strong>+ Assistance GRATUITE 24h\/24 et 7j\/7 d&#039;un agent personnel pour vous garantir la meilleure exp\u00e9rience client<\/strong><\/span><\/p>\n<p><a href=\"#tab-description\">Plus d\u2019informations sur les jeux SoundCloud<\/a><\/p>","protected":false},"featured_media":4219,"comment_status":"open","ping_status":"closed","template":"","meta":{"_acf_changed":false},"product_cat":[55],"product_tag":[58],"class_list":{"0":"post-4189","1":"product","2":"type-product","3":"status-publish","4":"has-post-thumbnail","6":"product_cat-soundcloud","7":"product_tag-buy-soundcloud-plays","9":"first","10":"instock","11":"sold-individually","12":"shipping-taxable","13":"purchasable","14":"product-type-variable"},"bundle_layout":"","bundled_by":[],"bundled_items":[],"acf":[],"_links":{"self":[{"href":"https:\/\/feedpixel.com\/fr\/wp-json\/wp\/v2\/product\/4189","targetHints":{"allow":["GET"]}}],"collection":[{"href":"https:\/\/feedpixel.com\/fr\/wp-json\/wp\/v2\/product"}],"about":[{"href":"https:\/\/feedpixel.com\/fr\/wp-json\/wp\/v2\/types\/product"}],"replies":[{"embeddable":true,"href":"https:\/\/feedpixel.com\/fr\/wp-json\/wp\/v2\/comments?post=4189"}],"wp:featuredmedia":[{"embeddable":true,"href":"https:\/\/feedpixel.com\/fr\/wp-json\/wp\/v2\/media\/4219"}],"wp:attachment":[{"href":"https:\/\/feedpixel.com\/fr\/wp-json\/wp\/v2\/media?parent=4189"}],"wp:term":[{"taxonomy":"product_cat","embeddable":true,"href":"https:\/\/feedpixel.com\/fr\/wp-json\/wp\/v2\/product_cat?post=4189"},{"taxonomy":"product_tag","embeddable":true,"href":"https:\/\/feedpixel.com\/fr\/wp-json\/wp\/v2\/product_tag?post=4189"}],"curies":[{"name":"wp","href":"https:\/\/api.w.org\/{rel}","templated":true}]}}