{"id":4366,"date":"2021-02-23T09:21:50","date_gmt":"2021-02-23T09:21:50","guid":{"rendered":"https:\/\/feedpixel.com\/product\/import-placeholder-for-4193\/"},"modified":"2026-03-16T05:09:05","modified_gmt":"2026-03-16T09:09:05","slug":"twitch-followers","status":"publish","type":"product","link":"https:\/\/feedpixel.com\/fr\/produit\/suiveurs-de-contraction\/","title":{"rendered":"Abonn\u00e9s de Twitch"},"content":{"rendered":"<p><a name=\"#tab-description\"><\/a><\/p>\n<h1>Pourquoi acheter des abonn\u00e9s Twitch :<\/h1>\n<p>Les streamers Twitch les plus intelligents utilisent aujourd&#039;hui des tactiques efficaces pour engager les gens - des millions de leurs abonn\u00e9s \u00e0 la cha\u00eene Twitch font le travail pour eux. Ils savent que plus ils ont d&#039;abonn\u00e9s, plus ils en attireront de nouveaux, alors ils ach\u00e8tent des abonn\u00e9s Twitch. Qu&#039;est-ce qui vous emp\u00eache d&#039;\u00e9tablir l&#039;autorit\u00e9 de votre cha\u00eene Twitch avec FeedPixel\u00a0?<\/p>\n<p>En achetant des abonn\u00e9s Twitch aupr\u00e8s de FeedPixel, vous obtenez des utilisateurs de compte de haute qualit\u00e9 et un service de haute qualit\u00e9. Et quel est le prix de tout ce plaisir ? Juste $ 1,99\u00a0! Le plus bas du march\u00e9 pour la qualit\u00e9 de service. De plus, nous prenons des mesures de s\u00e9curit\u00e9 et veillons \u00e0 votre s\u00e9curit\u00e9, c&#039;est pourquoi nous n&#039;exigeons aucun mot de passe ni aucune information priv\u00e9e. Un autre avantage de l&#039;achat d&#039;abonn\u00e9s Twitch aupr\u00e8s de FeedPixel est un agent de marketing des m\u00e9dias sociaux qualifi\u00e9 qui sera en contact avec vous 24h\/24 et 7j\/7. Votre succ\u00e8s est \u00e9galement notre succ\u00e8s, alors soyez assur\u00e9 que ce service comprend un syst\u00e8me de remplissage.<\/p>\n<p>Pour votre commodit\u00e9, des forfaits hebdomadaires et mensuels sont en vente pour rendre le service offert par FeedPixel encore plus attrayant. D\u00e9couvrez-les, choisissez le v\u00f4tre et laissez-nous faire le travail promotionnel pour vous. Les r\u00e9sultats sont incomparables et l&#039;\u00e9quipe r\u00e9active de professionnels est l\u00e0 pour vous conseiller sans frais suppl\u00e9mentaires !<\/p>\n<h2><strong>Comment acheter des abonn\u00e9s Twitch :<\/strong><\/h2>\n<ol>\n<li>Choisissez l&#039;option que vous souhaitez que nous vous fournissions.<\/li>\n<li>Saisissez l&#039;URL de votre cha\u00eene Twitch.<\/li>\n<li>Cliquez sur \u00ab\u00a0Ajouter au panier\u00a0\u00bb.<\/li>\n<li>Cliquez ensuite sur \u00ab\u00a0Proc\u00e9der au paiement\u00a0\u00bb.<\/li>\n<li>Remplissez la page de paiement.<\/li>\n<li>Une fois que vous avez termin\u00e9 les \u00e9tapes requises, notre soci\u00e9t\u00e9 attachera un agent d&#039;assistance qualifi\u00e9 24h \/ 24 et 7j \/ 7 qui vous expliquera tout sur les prochaines \u00e9tapes.<\/li>\n<\/ol>","protected":false},"excerpt":{"rendered":"<p><span class=\"emoji\">\u26a0\ufe0fLes abonn\u00e9s Twitch peuvent prendre plus de temps que d&#039;habitude <span style=\"color: red\"><strong>(peut prendre jusqu&#039;\u00e0 plusieurs semaines)<\/strong><\/span>. Veuillez en tenir compte lors de la commande. Votre compr\u00e9hension est appr\u00e9ci\u00e9e.<\/span><\/p>\n<p><a href=\"#tab-description\">Plus d&#039;informations sur les abonn\u00e9s Twitch<\/a><\/p>","protected":false},"featured_media":4396,"comment_status":"open","ping_status":"closed","template":"","meta":{"_acf_changed":false},"product_cat":[76],"product_tag":[77],"class_list":{"0":"post-4366","1":"product","2":"type-product","3":"status-publish","4":"has-post-thumbnail","6":"product_cat-twitch","7":"product_tag-buy-twitch-followers","9":"first","10":"instock","11":"sold-individually","12":"shipping-taxable","13":"purchasable","14":"product-type-variable"},"bundle_layout":"","bundled_by":[],"bundled_items":[],"acf":[],"_links":{"self":[{"href":"https:\/\/feedpixel.com\/fr\/wp-json\/wp\/v2\/product\/4366","targetHints":{"allow":["GET"]}}],"collection":[{"href":"https:\/\/feedpixel.com\/fr\/wp-json\/wp\/v2\/product"}],"about":[{"href":"https:\/\/feedpixel.com\/fr\/wp-json\/wp\/v2\/types\/product"}],"replies":[{"embeddable":true,"href":"https:\/\/feedpixel.com\/fr\/wp-json\/wp\/v2\/comments?post=4366"}],"wp:featuredmedia":[{"embeddable":true,"href":"https:\/\/feedpixel.com\/fr\/wp-json\/wp\/v2\/media\/4396"}],"wp:attachment":[{"href":"https:\/\/feedpixel.com\/fr\/wp-json\/wp\/v2\/media?parent=4366"}],"wp:term":[{"taxonomy":"product_cat","embeddable":true,"href":"https:\/\/feedpixel.com\/fr\/wp-json\/wp\/v2\/product_cat?post=4366"},{"taxonomy":"product_tag","embeddable":true,"href":"https:\/\/feedpixel.com\/fr\/wp-json\/wp\/v2\/product_tag?post=4366"}],"curies":[{"name":"wp","href":"https:\/\/api.w.org\/{rel}","templated":true}]}}