{"id":4505,"date":"2021-02-23T09:23:38","date_gmt":"2021-02-23T09:23:38","guid":{"rendered":"https:\/\/feedpixel.com\/product\/import-placeholder-for-4497\/"},"modified":"2026-05-03T03:57:31","modified_gmt":"2026-05-03T07:57:31","slug":"free-tiktok","status":"publish","type":"product","link":"https:\/\/feedpixel.com\/fr\/produit\/gratuit-tiktok-2\/","title":{"rendered":"TikTok gratuit"},"content":{"rendered":"","protected":false},"excerpt":{"rendered":"<p>Vous voulez obtenir des vues TikTok gratuites pour rendre votre vid\u00e9o virale\u00a0? Suivez les \u00e9tapes suivantes, collez les liens vers la vid\u00e9o que vous avez cr\u00e9\u00e9e et qui remplit les conditions. Obtenez vos vues gratuites en 24 heures ou moins.<\/p>\n<ol>\n<li><strong>Pour obtenir 1 000 vues TikTok gratuites\u00a0:<\/strong><br \/>\nSuivre <a href=\"https:\/\/tiktok.com\/@feedpixel\"><strong>@feedpixel<\/strong><\/a> sur TikTok et j&#039;aime le 1er message de <a href=\"https:\/\/tiktok.com\/@feedpixel\"><strong>@feedpixel<\/strong><\/a><\/li>\n<li><strong>Pour obtenir 50 000 vues TikTok gratuites\u00a0:<\/strong><br \/>\nFaites une vid\u00e9o sur notre nouveau <a href=\"https:\/\/feedpixel.com\/fr\/tiktok-money-calculator\/\"><strong>Calculatrice d&#039;argent TikTok<\/strong><\/a> et publiez-le sur votre compte TikTok.<\/li>\n<li><strong>Pour obtenir 100 000 vues TikTok gratuites\u00a0:<\/strong><br \/>\nFaites une vid\u00e9o sur notre nouveau<a href=\"https:\/\/feedpixel.com\/fr\/tiktok-money-calculator\/\"><strong> Calculatrice d&#039;argent TikTok<\/strong><\/a> et publiez-le sur YouTube.<\/li>\n<\/ol>\n<hr \/>\n<p><span style=\"color: #ff0000;\"><strong>1 commande par 24 heures. Plusieurs commandes seront supprim\u00e9es.<\/strong><\/span><\/p>","protected":false},"featured_media":4534,"comment_status":"open","ping_status":"closed","template":"","meta":{"_acf_changed":false},"product_cat":[92],"product_tag":[99,100,101,102,103],"class_list":{"0":"post-4505","1":"product","2":"type-product","3":"status-publish","4":"has-post-thumbnail","6":"product_cat-free","7":"product_tag-free-tiktok-fans","8":"product_tag-free-tiktok-followers","9":"product_tag-free-tiktok-likes","10":"product_tag-free-tiktok-shares","11":"product_tag-free-tiktok-views","13":"first","14":"outofstock","15":"sold-individually","16":"shipping-taxable","17":"purchasable","18":"product-type-variable"},"bundle_layout":"","bundled_by":[],"bundled_items":[],"acf":[],"_links":{"self":[{"href":"https:\/\/feedpixel.com\/fr\/wp-json\/wp\/v2\/product\/4505","targetHints":{"allow":["GET"]}}],"collection":[{"href":"https:\/\/feedpixel.com\/fr\/wp-json\/wp\/v2\/product"}],"about":[{"href":"https:\/\/feedpixel.com\/fr\/wp-json\/wp\/v2\/types\/product"}],"replies":[{"embeddable":true,"href":"https:\/\/feedpixel.com\/fr\/wp-json\/wp\/v2\/comments?post=4505"}],"wp:featuredmedia":[{"embeddable":true,"href":"https:\/\/feedpixel.com\/fr\/wp-json\/wp\/v2\/media\/4534"}],"wp:attachment":[{"href":"https:\/\/feedpixel.com\/fr\/wp-json\/wp\/v2\/media?parent=4505"}],"wp:term":[{"taxonomy":"product_cat","embeddable":true,"href":"https:\/\/feedpixel.com\/fr\/wp-json\/wp\/v2\/product_cat?post=4505"},{"taxonomy":"product_tag","embeddable":true,"href":"https:\/\/feedpixel.com\/fr\/wp-json\/wp\/v2\/product_tag?post=4505"}],"curies":[{"name":"wp","href":"https:\/\/api.w.org\/{rel}","templated":true}]}}