{"id":4509,"date":"2021-02-23T09:23:38","date_gmt":"2021-02-23T09:23:38","guid":{"rendered":"https:\/\/feedpixel.com\/product\/import-placeholder-for-4521\/"},"modified":"2026-04-16T17:10:29","modified_gmt":"2026-04-16T21:10:29","slug":"free-twitter","status":"publish","type":"product","link":"https:\/\/feedpixel.com\/fr\/produit\/twitter-gratuit\/","title":{"rendered":"Twitter gratuit"},"content":{"rendered":"","protected":false},"excerpt":{"rendered":"<p>&nbsp;<\/p>\n<p>&nbsp;<\/p>\n<p><strong>Pour obtenir un service Twitter gratuit\u00a0:<\/strong><\/p>\n<ol>\n<li><span style=\"font-size: 16px;\">T\u00e9l\u00e9charger <\/span><strong><a style=\"font-size: 16px; background-color: #ffffff;\" href=\"https:\/\/feedpixel.com\/wp-content\/uploads\/2019\/07\/stories.jpg\" target=\"_blank\" rel=\"noopener noreferrer\">cette image<\/a><\/strong><span style=\"font-size: 16px;\"> et publiez-le comme une histoire sur votre page Facebook ou Instagram.<\/span><\/li>\n<li>Entrez votre nom d&#039;utilisateur Twitter ou l&#039;URL de publication pour les abonn\u00e9s gratuits, les likes, les retweets ou les vues dans le champ ci-dessous. Ensuite, entrez votre URL Facebook ou Instagram o\u00f9 vous avez post\u00e9 cette image et apr\u00e8s cela, terminez la commande.<\/li>\n<li>Attendez que FeedPixel v\u00e9rifie votre histoire Facebook ou Instagram et approuve votre service Twitter gratuit.<\/li>\n<\/ol>\n<p><span style=\"color: #ff0000;\">*<\/span> Votre profil Facebook ou Instagram doit avoir au moins 100 abonn\u00e9s.<\/p>\n<p>&nbsp;<\/p>","protected":false},"featured_media":4535,"comment_status":"open","ping_status":"closed","template":"","meta":{"_acf_changed":false},"product_cat":[92],"product_tag":[104,105,106,107],"class_list":{"0":"post-4509","1":"product","2":"type-product","3":"status-publish","4":"has-post-thumbnail","6":"product_cat-free","7":"product_tag-free-twitter-followers","8":"product_tag-free-twitter-likes","9":"product_tag-free-twitter-retweets","10":"product_tag-free-twitter-views","12":"first","13":"outofstock","14":"sold-individually","15":"shipping-taxable","16":"purchasable","17":"product-type-variable"},"bundle_layout":"","bundled_by":[],"bundled_items":[],"acf":[],"_links":{"self":[{"href":"https:\/\/feedpixel.com\/fr\/wp-json\/wp\/v2\/product\/4509","targetHints":{"allow":["GET"]}}],"collection":[{"href":"https:\/\/feedpixel.com\/fr\/wp-json\/wp\/v2\/product"}],"about":[{"href":"https:\/\/feedpixel.com\/fr\/wp-json\/wp\/v2\/types\/product"}],"replies":[{"embeddable":true,"href":"https:\/\/feedpixel.com\/fr\/wp-json\/wp\/v2\/comments?post=4509"}],"wp:featuredmedia":[{"embeddable":true,"href":"https:\/\/feedpixel.com\/fr\/wp-json\/wp\/v2\/media\/4535"}],"wp:attachment":[{"href":"https:\/\/feedpixel.com\/fr\/wp-json\/wp\/v2\/media?parent=4509"}],"wp:term":[{"taxonomy":"product_cat","embeddable":true,"href":"https:\/\/feedpixel.com\/fr\/wp-json\/wp\/v2\/product_cat?post=4509"},{"taxonomy":"product_tag","embeddable":true,"href":"https:\/\/feedpixel.com\/fr\/wp-json\/wp\/v2\/product_tag?post=4509"}],"curies":[{"name":"wp","href":"https:\/\/api.w.org\/{rel}","templated":true}]}}