{"id":4834,"date":"2021-02-23T09:24:56","date_gmt":"2021-02-23T09:24:56","guid":{"rendered":"https:\/\/feedpixel.com\/product\/import-placeholder-for-10120\/"},"modified":"2024-12-02T22:32:26","modified_gmt":"2024-12-03T02:32:26","slug":"10-gift-voucher","status":"publish","type":"product","link":"https:\/\/feedpixel.com\/fr\/produit\/cheque-cadeau-de-10-pieces\/","title":{"rendered":"Bon cadeau 10$"},"content":{"rendered":"<p>Obtenir un <strong>#GoSocial<\/strong> Carte-cadeau et laissez vos proches pimenter un peu leurs comptes sociaux (et votre meilleur ami devient viral).<\/p>\n<p>L&#039;ambiance joyeuse des f\u00eates est garantie!<br \/>\nMettez le nom du destinataire dessus et votre souhait viral-social pour encourager votre ami lors de la commande de votre carte-cadeau.<br \/>\nPersonne ne s&#039;attend \u00e0 recevoir une carte-cadeau #GoSocial en cette p\u00e9riode des f\u00eates, n&#039;est-ce pas\u00a0?<\/p>\n<p><em><strong>Partagez la joie d&#039;\u00eatre social. Aujourd&#039;hui.<\/strong><\/em><\/p>","protected":false},"excerpt":{"rendered":"<p>La Carte Cadeau avec un code unique est :<\/p>\n<ul>\n<li><strong>automatiquement envoy\u00e9 par e-mail dans les 10-30 secondes <\/strong><\/li>\n<li><strong>\u00e9chang\u00e9 dans tout le magasin<\/strong><\/li>\n<li><strong>valide \u00e0 vie et n&#039;expire jamais<\/strong><\/li>\n<\/ul>\n<p>Le destinataire doit coller le code dans la zone du coupon <span style=\"font-size: 16px; font-style: normal;\">sur la caisse<\/span><span style=\"font-size: 16px;\">t et c&#039;est fait !<\/span><\/p>","protected":false},"featured_media":4754,"comment_status":"open","ping_status":"closed","template":"","meta":{"_acf_changed":false},"product_cat":[117],"product_tag":[],"class_list":{"0":"post-4834","1":"product","2":"type-product","3":"status-publish","4":"has-post-thumbnail","6":"product_cat-gift-cards","8":"first","9":"instock","10":"sold-individually","11":"shipping-taxable","12":"purchasable","13":"product-type-simple"},"bundle_layout":"","bundled_by":[],"bundled_items":[],"acf":[],"_links":{"self":[{"href":"https:\/\/feedpixel.com\/fr\/wp-json\/wp\/v2\/product\/4834","targetHints":{"allow":["GET"]}}],"collection":[{"href":"https:\/\/feedpixel.com\/fr\/wp-json\/wp\/v2\/product"}],"about":[{"href":"https:\/\/feedpixel.com\/fr\/wp-json\/wp\/v2\/types\/product"}],"replies":[{"embeddable":true,"href":"https:\/\/feedpixel.com\/fr\/wp-json\/wp\/v2\/comments?post=4834"}],"wp:featuredmedia":[{"embeddable":true,"href":"https:\/\/feedpixel.com\/fr\/wp-json\/wp\/v2\/media\/4754"}],"wp:attachment":[{"href":"https:\/\/feedpixel.com\/fr\/wp-json\/wp\/v2\/media?parent=4834"}],"wp:term":[{"taxonomy":"product_cat","embeddable":true,"href":"https:\/\/feedpixel.com\/fr\/wp-json\/wp\/v2\/product_cat?post=4834"},{"taxonomy":"product_tag","embeddable":true,"href":"https:\/\/feedpixel.com\/fr\/wp-json\/wp\/v2\/product_tag?post=4834"}],"curies":[{"name":"wp","href":"https:\/\/api.w.org\/{rel}","templated":true}]}}