{"id":5425,"date":"2021-03-12T11:53:12","date_gmt":"2021-03-12T15:53:12","guid":{"rendered":"https:\/\/feedpixel.com\/?post_type=product&#038;p=5425"},"modified":"2023-02-25T04:31:19","modified_gmt":"2023-02-25T08:31:19","slug":"spotify-track-plays","status":"publish","type":"product","link":"https:\/\/feedpixel.com\/fr\/produit\/spotify-track-plays\/","title":{"rendered":"Lectures de pistes Spotify"},"content":{"rendered":"<h2><strong>Comment acheter des morceaux de piste Spotify\u00a0:<\/strong><\/h2>\n<ol>\n<li>Choisissez le forfait que vous souhaitez que nous vous fournissions.<\/li>\n<li>Entrez un lien URL vers votre piste Spotify.<\/li>\n<li>Appuyez sur \u00ab\u00a0Ajouter au panier\u00a0\u00bb.<\/li>\n<li>Allez dans \u00ab\u00a0Passer \u00e0 la caisse\u00a0\u00bb.<\/li>\n<li>Remplissez toutes les informations requises sur la page de paiement.<\/li>\n<li>Suivez les \u00e9tapes ci-dessus et nous vous joindrons un agent d&#039;assistance qualifi\u00e9 24h\/24 et 7j\/7 qui vous expliquera tout sur les prochaines \u00e9tapes.<\/li>\n<\/ol>","protected":false},"excerpt":{"rendered":"<p><span class=\"emoji\">\u26a0\ufe0fLes lectures de pistes Spotify fonctionnent plus lentement que d&#039;habitude <span style=\"color: red\"><strong>(de grosses quantit\u00e9s peuvent prendre jusqu&#039;\u00e0 plusieurs semaines)<\/strong><\/span>. Veuillez en tenir compte lors de la commande. Votre compr\u00e9hension est tr\u00e8s appr\u00e9ci\u00e9e !<\/span><\/p>","protected":false},"featured_media":5306,"comment_status":"open","ping_status":"closed","template":"","meta":{"_acf_changed":false},"product_cat":[140],"product_tag":[],"class_list":{"0":"post-5425","1":"product","2":"type-product","3":"status-publish","4":"has-post-thumbnail","6":"product_cat-spotify","8":"first","9":"outofstock","10":"sold-individually","11":"shipping-taxable","12":"purchasable","13":"product-type-variable"},"bundle_layout":"","bundled_by":[],"bundled_items":[],"acf":[],"_links":{"self":[{"href":"https:\/\/feedpixel.com\/fr\/wp-json\/wp\/v2\/product\/5425","targetHints":{"allow":["GET"]}}],"collection":[{"href":"https:\/\/feedpixel.com\/fr\/wp-json\/wp\/v2\/product"}],"about":[{"href":"https:\/\/feedpixel.com\/fr\/wp-json\/wp\/v2\/types\/product"}],"replies":[{"embeddable":true,"href":"https:\/\/feedpixel.com\/fr\/wp-json\/wp\/v2\/comments?post=5425"}],"wp:featuredmedia":[{"embeddable":true,"href":"https:\/\/feedpixel.com\/fr\/wp-json\/wp\/v2\/media\/5306"}],"wp:attachment":[{"href":"https:\/\/feedpixel.com\/fr\/wp-json\/wp\/v2\/media?parent=5425"}],"wp:term":[{"taxonomy":"product_cat","embeddable":true,"href":"https:\/\/feedpixel.com\/fr\/wp-json\/wp\/v2\/product_cat?post=5425"},{"taxonomy":"product_tag","embeddable":true,"href":"https:\/\/feedpixel.com\/fr\/wp-json\/wp\/v2\/product_tag?post=5425"}],"curies":[{"name":"wp","href":"https:\/\/api.w.org\/{rel}","templated":true}]}}