{"id":3889,"date":"2021-02-23T09:19:24","date_gmt":"2021-02-23T09:19:24","guid":{"rendered":"https:\/\/feedpixel.com\/product\/import-placeholder-for-2851\/"},"modified":"2026-03-16T02:23:05","modified_gmt":"2026-03-16T06:23:05","slug":"instagram-likes","status":"publish","type":"product","link":"https:\/\/feedpixel.com\/pt\/produto\/curtidas-no-instagram\/","title":{"rendered":"Curtidas no Instagram"},"content":{"rendered":"<p><a name=\"#tab-description\"><\/a><\/p>\n<h1>Por que voc\u00ea deve comprar likes em Instagram:<\/h1>\n<p>H\u00e1 uma forte conex\u00e3o entre comprar curtidas de Instagram e obter seguidores de Instagram. Compre curtidas Instagram e aumente o engajamento de novos seguidores em sua conta. As pessoas ver\u00e3o suas curtidas e decidir\u00e3o se seu conte\u00fado \u00e9 relevante para elas ou n\u00e3o. Em v\u00e1rios casos, as pessoas podem at\u00e9 n\u00e3o estar interessadas em seu conte\u00fado, mas ainda assim o seguir\u00e3o se voc\u00ea tiver milhares de seguidores. Isso \u00e9 psicologia pura, e voc\u00ea pode confiar em nossa experi\u00eancia neste campo e em nossas an\u00e1lises profundas do dia-a-dia do mercado.<\/p>\n<p>Normalmente os propriet\u00e1rios de empresas compram curtidas Instagram para seus produtos para obter o m\u00e1ximo de lucros por meio da grande visibilidade deles. \u00c9 \u00f3bvio que as pessoas s\u00f3 comprar\u00e3o um produto ou servi\u00e7o que tenha mais curtidas como um sinal claro de sua usabilidade e qualidade. Muitos confiam em um grande n\u00famero de curtidas porque consideram isso uma recomenda\u00e7\u00e3o pessoal de especialistas. Adquirindo curtidas Instagram da FeedPixel voc\u00ea ter\u00e1 um servi\u00e7o de qualidade suprema. Todos os gostos de Instagram de usu\u00e1rios Instagram reais e ativos. O servi\u00e7o de compra em si \u00e9 seguro e protegido, sem detalhes de login do Instagram exigidos pelo FeedPixel.<\/p>\n<p>Para ajud\u00e1-lo a aproveitar ao m\u00e1ximo nosso servi\u00e7o, um agente de marketing de m\u00eddia social especificamente designado estar\u00e1 em contato 24 horas por dia, 7 dias por semana; sinta-se \u00e0 vontade para fazer perguntas urgentes. Tamb\u00e9m fornecemos sistema de recarga exclusivo orientado para apoiar nossos clientes a manter o n\u00famero certo de curtidas constantemente. Al\u00e9m disso, os pre\u00e7os dos servi\u00e7os FeedPixel s\u00e3o os mais baixos do mercado. Podemos bater qualquer um dos pre\u00e7os existentes, \u00e9 por isso que as pessoas nos escolhem.<\/p>\n<h2><strong>Como comprar likes em Instagram:<\/strong><\/h2>\n<ol>\n<li>Escolha a op\u00e7\u00e3o que voc\u00ea deseja que forne\u00e7amos.<\/li>\n<li>Digite seu URL de postagem Instagram.<\/li>\n<li>V\u00e1 para \u201cAdicionar ao carrinho\u201d.<\/li>\n<li>Clique em \u201cProsseguir para finalizar a compra\u201d.<\/li>\n<li>Complete a p\u00e1gina de checkout.<\/li>\n<li>Depois de concluir as etapas necess\u00e1rias, nossa empresa ir\u00e1 anexar um agente de suporte qualificado 24 horas por dia, 7 dias por semana, que explicar\u00e1 tudo sobre as pr\u00f3ximas etapas.<\/li>\n<\/ol>","protected":false},"excerpt":{"rendered":"<p><span style=\"color: #cc0000\"><strong>IMPORTANTE!<\/strong><\/span> O formato do link deve ser exatamente igual ao exemplo abaixo, certifique-se de adicionar \u201c\/\u201d ao final do link.<\/p>\n<p><span style=\"color: #00c9b5\"><strong>Exemplo de link:<\/strong><\/span> https:\/\/www.instagram.com\/p\/CbXtoj_MC2p\/<br \/>\n<span style=\"color: #00c9b5\"><strong>Exemplo de link errado:<\/strong><\/span>\u00a0@officialrickastley<\/p>","protected":false},"featured_media":3919,"comment_status":"open","ping_status":"closed","template":"","meta":{"_acf_changed":false},"product_cat":[17],"product_tag":[18],"class_list":{"0":"post-3889","1":"product","2":"type-product","3":"status-publish","4":"has-post-thumbnail","6":"product_cat-instagram","7":"product_tag-buy-instagram-likes","9":"first","10":"instock","11":"sold-individually","12":"shipping-taxable","13":"purchasable","14":"product-type-variable"},"bundle_layout":"","bundled_by":["4898"],"bundled_items":[],"acf":[],"_links":{"self":[{"href":"https:\/\/feedpixel.com\/pt\/wp-json\/wp\/v2\/product\/3889","targetHints":{"allow":["GET"]}}],"collection":[{"href":"https:\/\/feedpixel.com\/pt\/wp-json\/wp\/v2\/product"}],"about":[{"href":"https:\/\/feedpixel.com\/pt\/wp-json\/wp\/v2\/types\/product"}],"replies":[{"embeddable":true,"href":"https:\/\/feedpixel.com\/pt\/wp-json\/wp\/v2\/comments?post=3889"}],"wp:featuredmedia":[{"embeddable":true,"href":"https:\/\/feedpixel.com\/pt\/wp-json\/wp\/v2\/media\/3919"}],"wp:attachment":[{"href":"https:\/\/feedpixel.com\/pt\/wp-json\/wp\/v2\/media?parent=3889"}],"wp:term":[{"taxonomy":"product_cat","embeddable":true,"href":"https:\/\/feedpixel.com\/pt\/wp-json\/wp\/v2\/product_cat?post=3889"},{"taxonomy":"product_tag","embeddable":true,"href":"https:\/\/feedpixel.com\/pt\/wp-json\/wp\/v2\/product_tag?post=3889"}],"curies":[{"name":"wp","href":"https:\/\/api.w.org\/{rel}","templated":true}]}}