{"id":3890,"date":"2021-02-23T09:19:24","date_gmt":"2021-02-23T09:19:24","guid":{"rendered":"https:\/\/feedpixel.com\/product\/import-placeholder-for-2884\/"},"modified":"2025-06-14T02:13:56","modified_gmt":"2025-06-14T06:13:56","slug":"instagram-followers","status":"publish","type":"product","link":"https:\/\/feedpixel.com\/pt\/produto\/seguidores-do-instagram\/","title":{"rendered":"Seguidores do Instagram"},"content":{"rendered":"<p><a name=\"#tab-description\"><\/a><\/p>\n<h1>Por que voc\u00ea deve comprar Seguidores Instagram:<\/h1>\n<p>Imagine que algu\u00e9m tem um forte apoio de seguidores, digamos, 10 mil f\u00e3s famintos por conte\u00fado. Isso n\u00e3o chamaria sua aten\u00e7\u00e3o imediata? Aposto que voc\u00ea encontrar\u00e1 muitos motivos para entrar na liga de seguidores, assim como outros fazem. Assim, dizemos que a compra de seguidores Instagram levar\u00e1 ao crescimento do seu neg\u00f3cio e aumentar\u00e1 enormemente a sua popularidade.<\/p>\n<p>As pessoas geralmente tratam um grande n\u00famero de seguidores de contas como um bom sinal e confiam nisso ao escolher o que ler ou ver. Claro que nem todos s\u00e3o iguais, mas a maioria pensa da mesma forma. Portanto, ter seguidores decentes \u00e9 o que lhe d\u00e1 o poder secreto de entrar na liga superior de Instagrammers, n\u00e3o importa o motivo pelo qual voc\u00ea queira estar entre eles.<\/p>\n<p>Comprar seguidores Instagram de uma fonte confi\u00e1vel como FeedPixel capacita pequenas empresas, empreendedores individuais, artistas freelance, influenciadores e todos os outros para chegar ao topo e atingir o alvo de maneira f\u00e1cil. Com os custos mais baixos, voc\u00ea desfruta de um servi\u00e7o de qualidade, suporte \u00e1gil 24 horas por dia, 7 dias por semana, com assist\u00eancia de um consultor individual e usu\u00e1rios Instagram reais e ativos como seus aliados na presen\u00e7a de m\u00eddia de sucesso. O sistema de recarga tamb\u00e9m funciona a seu favor. Voc\u00ea n\u00e3o quer perder uma chance em um milh\u00e3o!<\/p>\n<h2><strong>Como comprar Seguidores Instagram:<\/strong><\/h2>\n<ol>\n<li>Escolha o pacote que voc\u00ea deseja que forne\u00e7amos.<\/li>\n<li>Digite seu nome de usu\u00e1rio Instagram.<\/li>\n<li>Clique em \u201cAdicionar ao carrinho\u201d.<\/li>\n<li>V\u00e1 para \u201cProsseguir para finalizar a compra\u201d.<\/li>\n<li>Preencha todas as informa\u00e7\u00f5es necess\u00e1rias na p\u00e1gina de checkout.<\/li>\n<li>Conclua as etapas acima e iremos colocar um agente de suporte qualificado 24 horas por dia, 7 dias por semana, que explicar\u00e1 tudo sobre as pr\u00f3ximas etapas.<\/li>\n<\/ol>","protected":false},"excerpt":{"rendered":"<p><span style=\"color: #cc0000\"><strong>IMPORTANTE!<\/strong><\/span> O formato do link deve ser exatamente igual ao exemplo abaixo, certifique-se de adicionar \u201c\/\u201d ao final do link.<\/p>\n<p><span style=\"color: #00c9b5\"><strong>Exemplo de link:<\/strong><\/span> https:\/\/www.instagram.com\/officialrickastley\/<br \/>\n<span style=\"color: #00c9b5\"><strong>Exemplo de link errado:<\/strong><\/span>\u00a0@officialrickastley<\/p>","protected":false},"featured_media":3920,"comment_status":"open","ping_status":"closed","template":"","meta":{"_acf_changed":false},"product_cat":[17],"product_tag":[19],"class_list":{"0":"post-3890","1":"product","2":"type-product","3":"status-publish","4":"has-post-thumbnail","6":"product_cat-instagram","7":"product_tag-buy-instagram-followers","9":"first","10":"instock","11":"sold-individually","12":"shipping-taxable","13":"purchasable","14":"product-type-variable"},"bundle_layout":"","bundled_by":["4898"],"bundled_items":[],"acf":[],"_links":{"self":[{"href":"https:\/\/feedpixel.com\/pt\/wp-json\/wp\/v2\/product\/3890","targetHints":{"allow":["GET"]}}],"collection":[{"href":"https:\/\/feedpixel.com\/pt\/wp-json\/wp\/v2\/product"}],"about":[{"href":"https:\/\/feedpixel.com\/pt\/wp-json\/wp\/v2\/types\/product"}],"replies":[{"embeddable":true,"href":"https:\/\/feedpixel.com\/pt\/wp-json\/wp\/v2\/comments?post=3890"}],"wp:featuredmedia":[{"embeddable":true,"href":"https:\/\/feedpixel.com\/pt\/wp-json\/wp\/v2\/media\/3920"}],"wp:attachment":[{"href":"https:\/\/feedpixel.com\/pt\/wp-json\/wp\/v2\/media?parent=3890"}],"wp:term":[{"taxonomy":"product_cat","embeddable":true,"href":"https:\/\/feedpixel.com\/pt\/wp-json\/wp\/v2\/product_cat?post=3890"},{"taxonomy":"product_tag","embeddable":true,"href":"https:\/\/feedpixel.com\/pt\/wp-json\/wp\/v2\/product_tag?post=3890"}],"curies":[{"name":"wp","href":"https:\/\/api.w.org\/{rel}","templated":true}]}}