{"id":3891,"date":"2021-02-23T09:19:24","date_gmt":"2021-02-23T09:19:24","guid":{"rendered":"https:\/\/feedpixel.com\/product\/import-placeholder-for-2910\/"},"modified":"2026-03-16T04:24:08","modified_gmt":"2026-03-16T08:24:08","slug":"instagram-views","status":"publish","type":"product","link":"https:\/\/feedpixel.com\/pt\/produto\/visualizacoes-do-instagram\/","title":{"rendered":"Visualiza\u00e7\u00f5es do Instagram"},"content":{"rendered":"<p><a name=\"#tab-description\"><\/a><\/p>\n<h1>Por que voc\u00ea deve comprar o Instagram Views:<\/h1>\n<p>As visualiza\u00e7\u00f5es s\u00e3o uma parte fundamental do seu desempenho e conquistas no Instagram. Compre visualiza\u00e7\u00f5es do Instagram da FeedPixel para obter a exposi\u00e7\u00e3o que voc\u00ea deseja e assista aos seus v\u00eddeos para obter mais reconhecimento e visibilidade dia a dia.<\/p>\n<p>Compre visualiza\u00e7\u00f5es do Instagram e obtenha resultados surpreendentes com a compra de FeedPixel &#039;. Um grande n\u00famero de visualiza\u00e7\u00f5es indica que suas postagens t\u00eam algo realmente interessante e significativo para todos os visitantes. Somos o melhor e mais barato lugar do mercado para alavancar seu neg\u00f3cio, ou persona online. A partir de apenas $1.99 para 100 visualiza\u00e7\u00f5es, voc\u00ea pode obter at\u00e9 10.000.000 visualiza\u00e7\u00f5es.<\/p>\n<p>Oferecemos pacotes exclusivos e as melhores ofertas para visualiza\u00e7\u00f5es, curtidas e seguidores no Instagram. Quer customizar a embalagem e ter algo \u00fanico? Entre em contato conosco agora mesmo!<\/p>\n<h2><strong>Como comprar visualiza\u00e7\u00f5es no Instagram:<\/strong><\/h2>\n<ol>\n<li>Escolha o pacote que voc\u00ea deseja que forne\u00e7amos.<\/li>\n<li>Digite seu nome de usu\u00e1rio ou URL do Instagram.<\/li>\n<li>Clique em \u201cAdicionar ao carrinho\u201d.<\/li>\n<li>V\u00e1 para \u201cContinuar para finalizar a compra\u201d.<\/li>\n<li>Complete a p\u00e1gina de checkout.<\/li>\n<li>Depois de concluir seu pedido, o agente de suporte FeedPixel explicar\u00e1 tudo sobre as pr\u00f3ximas etapas.<\/li>\n<\/ol>","protected":false},"excerpt":{"rendered":"<p><span style=\"color: #00c9b5\"><strong>+ Suporte 24\/7 GRATUITO de um agente pessoal para garantir a voc\u00ea a melhor experi\u00eancia do cliente<\/strong><\/span><\/p>\n<p><a href=\"#tab-description\">Mais informa\u00e7\u00f5es sobre o Instagram Views<\/a><\/p>","protected":false},"featured_media":3921,"comment_status":"open","ping_status":"closed","template":"","meta":{"_acf_changed":false},"product_cat":[17],"product_tag":[20],"class_list":{"0":"post-3891","1":"product","2":"type-product","3":"status-publish","4":"has-post-thumbnail","6":"product_cat-instagram","7":"product_tag-buy-instagram-views","9":"first","10":"instock","11":"sold-individually","12":"shipping-taxable","13":"purchasable","14":"product-type-variable","15":"has-default-attributes"},"bundle_layout":"","bundled_by":["4898"],"bundled_items":[],"acf":[],"_links":{"self":[{"href":"https:\/\/feedpixel.com\/pt\/wp-json\/wp\/v2\/product\/3891","targetHints":{"allow":["GET"]}}],"collection":[{"href":"https:\/\/feedpixel.com\/pt\/wp-json\/wp\/v2\/product"}],"about":[{"href":"https:\/\/feedpixel.com\/pt\/wp-json\/wp\/v2\/types\/product"}],"replies":[{"embeddable":true,"href":"https:\/\/feedpixel.com\/pt\/wp-json\/wp\/v2\/comments?post=3891"}],"wp:featuredmedia":[{"embeddable":true,"href":"https:\/\/feedpixel.com\/pt\/wp-json\/wp\/v2\/media\/3921"}],"wp:attachment":[{"href":"https:\/\/feedpixel.com\/pt\/wp-json\/wp\/v2\/media?parent=3891"}],"wp:term":[{"taxonomy":"product_cat","embeddable":true,"href":"https:\/\/feedpixel.com\/pt\/wp-json\/wp\/v2\/product_cat?post=3891"},{"taxonomy":"product_tag","embeddable":true,"href":"https:\/\/feedpixel.com\/pt\/wp-json\/wp\/v2\/product_tag?post=3891"}],"curies":[{"name":"wp","href":"https:\/\/api.w.org\/{rel}","templated":true}]}}