{"id":3899,"date":"2021-02-23T09:19:24","date_gmt":"2021-02-23T09:19:24","guid":{"rendered":"https:\/\/feedpixel.com\/product\/import-placeholder-for-2944\/"},"modified":"2026-02-26T01:26:57","modified_gmt":"2026-02-26T05:26:57","slug":"instagram-comments","status":"publish","type":"product","link":"https:\/\/feedpixel.com\/pt\/produto\/comentarios-do-instagram\/","title":{"rendered":"Coment\u00e1rios do Instagram"},"content":{"rendered":"<p><a name=\"#tab-description\"><\/a><\/p>\n<h1>Por que voc\u00ea deve comprar coment\u00e1rios Instagram:<\/h1>\n<p>A FeedPixel \u00e9 a \u00fanica empresa da \u00e1rea de m\u00eddias sociais que cuida de seus clientes. Nosso objetivo \u00e9 prestar o melhor servi\u00e7o para que seu neg\u00f3cio prospere continuamente. Hoje em dia, muitos de n\u00f3s usamos o Instagram para contar ao mundo sobre n\u00f3s mesmos, sobre suas experi\u00eancias, sentimentos e emo\u00e7\u00f5es, habilidades que podem tornar o mundo um lugar melhor e administrar neg\u00f3cios de sucesso.<\/p>\n<p>Para ser famoso no Instagram ou administrar seu neg\u00f3cio de maneira eficaz, voc\u00ea precisa ter uma conta ativa. Ent\u00e3o aqui est\u00e1 a quest\u00e3o de como tornar sua conta mais genu\u00edna e popular. A FeedPixel j\u00e1 construiu a melhor estrat\u00e9gia que levar\u00e1 ao crescimento da sua empresa. Ao comprar coment\u00e1rios FeedPixel Instagram, voc\u00ea torna sua conta genu\u00edna por todos os meios. Certamente voc\u00ea pode dizer que as pessoas veem quantas curtidas voc\u00ea tem na sua conta Instagram e acham que \u00e9 o suficiente, mas se voc\u00ea n\u00e3o tiver coment\u00e1rios, isso s\u00f3 provar\u00e1 aos olhos do visitante que ningu\u00e9m est\u00e1 profundamente interessado em seu conte\u00fado ou produto .<\/p>\n<p>Conseq\u00fcentemente, a popularidade ou credibilidade do seu neg\u00f3cio enfrentar\u00e1 uma concorr\u00eancia gigantesca. N\u00e3o h\u00e1 muito para atingir sua meta, certo? Estamos profundamente preocupados com o futuro de nossos clientes e, por isso, fornecemos coment\u00e1rios Instagram da mais alta qualidade. Nossa empresa toma as medidas adequadas que n\u00e3o apenas mostram que seu p\u00fablico \u00e9 ativo, mas tamb\u00e9m d\u00e1 a voc\u00ea a chance de se tornar o melhor em sua \u00e1rea. FeedPixel n\u00e3o requer credenciais privadas. Conosco, voc\u00ea pode ter certeza de que as informa\u00e7\u00f5es fornecidas assumir\u00e3o automaticamente o status de confidencial. Garantimos que voc\u00ea experimentar\u00e1 o melhor servi\u00e7o. Outro benef\u00edcio de comprar conosco s\u00e3o as op\u00e7\u00f5es de pagamento confort\u00e1veis com Visa, Mastercard, Amex, PayPal, Bitcoin e Litecoin tamb\u00e9m.<\/p>\n<h2><strong>Como comprar coment\u00e1rios Instagram:<\/strong><\/h2>\n<ol>\n<li>Escolha quantas curtidas voc\u00ea gostaria de receber.<\/li>\n<li>Insira o nome de usu\u00e1rio ou URL Instagram.<\/li>\n<li>Clique em \u201cAdicionar ao carrinho\u201d.<\/li>\n<li>Clique em \u201cProsseguir para finalizar a compra\u201d.<\/li>\n<li>Preencha todos os campos, verifique-os se necess\u00e1rio e conclua o pedido.<\/li>\n<li>Depois de preencher os campos \u201cDados de cobran\u00e7a\u201d e \u201cSeu pedido\u201d, o agente de suporte FeedPixel entrar\u00e1 em contato com voc\u00ea se necess\u00e1rio e o ajudar\u00e1 com a estrat\u00e9gia que voc\u00ea precisa.<\/li>\n<\/ol>","protected":false},"excerpt":{"rendered":"<p><span style=\"color: #00c9b5\"><strong>+ Suporte 24\/7 GRATUITO de um agente pessoal para garantir a voc\u00ea a melhor experi\u00eancia do cliente<\/strong><\/span><\/p>\n<p><a href=\"#tab-description\">Mais informa\u00e7\u00f5es sobre coment\u00e1rios Instagram<\/a><\/p>","protected":false},"featured_media":3925,"comment_status":"open","ping_status":"closed","template":"","meta":{"_acf_changed":false},"product_cat":[17],"product_tag":[21],"class_list":{"0":"post-3899","1":"product","2":"type-product","3":"status-publish","4":"has-post-thumbnail","6":"product_cat-instagram","7":"product_tag-buy-instagram-comments","9":"first","10":"instock","11":"sold-individually","12":"shipping-taxable","13":"purchasable","14":"product-type-variable"},"bundle_layout":"","bundled_by":["4898"],"bundled_items":[],"acf":[],"_links":{"self":[{"href":"https:\/\/feedpixel.com\/pt\/wp-json\/wp\/v2\/product\/3899","targetHints":{"allow":["GET"]}}],"collection":[{"href":"https:\/\/feedpixel.com\/pt\/wp-json\/wp\/v2\/product"}],"about":[{"href":"https:\/\/feedpixel.com\/pt\/wp-json\/wp\/v2\/types\/product"}],"replies":[{"embeddable":true,"href":"https:\/\/feedpixel.com\/pt\/wp-json\/wp\/v2\/comments?post=3899"}],"wp:featuredmedia":[{"embeddable":true,"href":"https:\/\/feedpixel.com\/pt\/wp-json\/wp\/v2\/media\/3925"}],"wp:attachment":[{"href":"https:\/\/feedpixel.com\/pt\/wp-json\/wp\/v2\/media?parent=3899"}],"wp:term":[{"taxonomy":"product_cat","embeddable":true,"href":"https:\/\/feedpixel.com\/pt\/wp-json\/wp\/v2\/product_cat?post=3899"},{"taxonomy":"product_tag","embeddable":true,"href":"https:\/\/feedpixel.com\/pt\/wp-json\/wp\/v2\/product_tag?post=3899"}],"curies":[{"name":"wp","href":"https:\/\/api.w.org\/{rel}","templated":true}]}}