{"id":3936,"date":"2021-02-23T09:19:37","date_gmt":"2021-02-23T13:19:37","guid":{"rendered":"https:\/\/feedpixel.com\/product\/import-placeholder-for-3360\/"},"modified":"2024-08-07T09:28:59","modified_gmt":"2024-08-07T13:28:59","slug":"facebook-page-likes","status":"publish","type":"product","link":"https:\/\/feedpixel.com\/pt\/produto\/curtidas-em-paginas-do-facebook\/","title":{"rendered":"Curtidas na p\u00e1gina do Facebook"},"content":{"rendered":"<p><a name=\"#tab-description\"><\/a><\/p>\n<h1>Por que voc\u00ea deve comprar curtidas na p\u00e1gina do Facebook:<\/h1>\n<p>A maioria das pequenas e m\u00e9dias empresas em todo o mundo usa o Facebook para promover seus servi\u00e7os ou produtos. Esta prova ser a estrat\u00e9gia certa para maximizar os lucros e entregar produtos de qualidade. Comprando curtidas em p\u00e1ginas do Facebook, voc\u00ea aumenta imediatamente suas chances de obter os resultados mais positivos. As pessoas s\u00e3o r\u00e1pidas em julgar hoje. Portanto, isso significa que voc\u00ea precisa mostrar que seu servi\u00e7o ou produto tem valor para os outros, e as curtidas em p\u00e1ginas do Facebook s\u00e3o uma forma comprovada de fazer isso.<\/p>\n<p>O FeedPixel tornou o processo de compra de curtidas em p\u00e1ginas do Facebook mais f\u00e1cil e seguro do que nossos concorrentes, eliminando os riscos associados. N\u00e3o exigimos nenhuma de suas informa\u00e7\u00f5es privadas. Conosco, voc\u00ea pode ter certeza de que suas informa\u00e7\u00f5es n\u00e3o ser\u00e3o compartilhadas com ningu\u00e9m.<\/p>\n<p>Depois de decidir e escolher a op\u00e7\u00e3o desejada, o FeedPixel a entregar\u00e1 em 24 horas. Temos orgulho da satisfa\u00e7\u00e3o de nossos clientes e, por isso, para garantir que voc\u00ea obtenha o melhor servi\u00e7o, designamos nosso gerente de suporte social 24 horas por dia, 7 dias por semana, para orient\u00e1-lo desde o in\u00edcio em todo o processo de compra na FeedPixel.<\/p>\n<h2><strong>Como comprar curtidas na p\u00e1gina do Facebook:<\/strong><\/h2>\n<ol>\n<li>Escolha qual servi\u00e7o voc\u00ea deseja que forne\u00e7amos.<\/li>\n<li>Depois de escolher o servi\u00e7o, insira o URL da sua p\u00e1gina do Facebook.<\/li>\n<li>Clique em \u201cAdicionar ao carrinho\u201d.<\/li>\n<li>Em seguida, clique em \u201cContinuar para finalizar a compra\u201d.<\/li>\n<li>Preencha os campos \u201cDados de cobran\u00e7a\u201d e \u201cSeu pedido\u201d.<\/li>\n<li>Depois de preencher os \u201cDetalhes de cobran\u00e7a\u201d e \u201cSeu pedido\u201d, um agente de suporte ser\u00e1 atribu\u00eddo a voc\u00ea. Dependendo dos seus desejos e demandas nosso agente preparar\u00e1 o melhor pacote que leve ao crescimento da sua empresa.<\/li>\n<\/ol>","protected":false},"excerpt":{"rendered":"<p><span style=\"color: #00c9b5\"><strong>+ Suporte 24\/7 GRATUITO de um agente pessoal para garantir a voc\u00ea a melhor experi\u00eancia do cliente<\/strong><\/span><\/p>\n<p><a href=\"#tab-description\">Mais informa\u00e7\u00f5es sobre curtidas na p\u00e1gina do Facebook<\/a><\/p>","protected":false},"featured_media":3963,"comment_status":"open","ping_status":"closed","template":"","meta":{"_acf_changed":false},"product_cat":[24],"product_tag":[26],"class_list":{"0":"post-3936","1":"product","2":"type-product","3":"status-publish","4":"has-post-thumbnail","6":"product_cat-facebook","7":"product_tag-buy-facebook-page-likes","9":"first","10":"outofstock","11":"sold-individually","12":"shipping-taxable","13":"purchasable","14":"product-type-variable"},"bundle_layout":"","bundled_by":[],"bundled_items":[],"acf":[],"_links":{"self":[{"href":"https:\/\/feedpixel.com\/pt\/wp-json\/wp\/v2\/product\/3936","targetHints":{"allow":["GET"]}}],"collection":[{"href":"https:\/\/feedpixel.com\/pt\/wp-json\/wp\/v2\/product"}],"about":[{"href":"https:\/\/feedpixel.com\/pt\/wp-json\/wp\/v2\/types\/product"}],"replies":[{"embeddable":true,"href":"https:\/\/feedpixel.com\/pt\/wp-json\/wp\/v2\/comments?post=3936"}],"wp:featuredmedia":[{"embeddable":true,"href":"https:\/\/feedpixel.com\/pt\/wp-json\/wp\/v2\/media\/3963"}],"wp:attachment":[{"href":"https:\/\/feedpixel.com\/pt\/wp-json\/wp\/v2\/media?parent=3936"}],"wp:term":[{"taxonomy":"product_cat","embeddable":true,"href":"https:\/\/feedpixel.com\/pt\/wp-json\/wp\/v2\/product_cat?post=3936"},{"taxonomy":"product_tag","embeddable":true,"href":"https:\/\/feedpixel.com\/pt\/wp-json\/wp\/v2\/product_tag?post=3936"}],"curies":[{"name":"wp","href":"https:\/\/api.w.org\/{rel}","templated":true}]}}