{"id":4025,"date":"2021-02-23T09:20:02","date_gmt":"2021-02-23T09:20:02","guid":{"rendered":"https:\/\/feedpixel.com\/product\/import-placeholder-for-3524\/"},"modified":"2025-01-08T10:26:46","modified_gmt":"2025-01-08T14:26:46","slug":"youtube-views","status":"publish","type":"product","link":"https:\/\/feedpixel.com\/pt\/produto\/visualizacoes-do-youtube\/","title":{"rendered":"Visualiza\u00e7\u00f5es no YouTube"},"content":{"rendered":"<p><a name=\"#tab-description\"><\/a><\/p>\n<h1>Por que voc\u00ea deve comprar visualiza\u00e7\u00f5es no YouTube:<\/h1>\n<p>O que difere um \u00f3timo conte\u00fado de v\u00eddeo dos demais? Um n\u00famero ou olhos famintos para assistir, \u00e9 claro! Compre visualiza\u00e7\u00f5es no YouTube e classifique seu v\u00eddeo em primeiro lugar na pesquisa do YouTube, pois quanto mais visualiza\u00e7\u00f5es voc\u00ea tiver, mais alta ser\u00e1 sua classifica\u00e7\u00e3o. Sem d\u00favida, comprar visualiza\u00e7\u00f5es no YouTube trar\u00e1 in\u00fameros benef\u00edcios para o seu neg\u00f3cio. \u00c9 \u00f3bvio que voc\u00ea tamb\u00e9m conseguir\u00e1 novos inscritos no canal do YouTube porque as pessoas tendem a se apaixonar pelo conte\u00fado que tem mais visualiza\u00e7\u00f5es. Milhares de visualiza\u00e7\u00f5es eliminam qualquer hesita\u00e7\u00e3o, levam o espectador a assistir \u00e0s produ\u00e7\u00f5es do canal por muito mais tempo e, eventualmente, transformam-no em assinante do canal em pouco tempo.<\/p>\n<p>Outro benef\u00edcio de ter milh\u00f5es de visualiza\u00e7\u00f5es \u00e9 uma pontua\u00e7\u00e3o alta no algoritmo do YouTube. Uma classifica\u00e7\u00e3o alta leva a uma alta exposi\u00e7\u00e3o, pois o v\u00eddeo certamente aparecer\u00e1 no topo para que todos possam assistir. Comprando visualiza\u00e7\u00f5es do YouTube na FeedPixel voc\u00ea pode ter certeza de que receber\u00e1 o melhor servi\u00e7o pelo menor pre\u00e7o.<\/p>\n<p>Todas as visualiza\u00e7\u00f5es do YouTube s\u00e3o visualiza\u00e7\u00f5es humanas reais provenientes de usu\u00e1rios ativos de contas do YouTube e, com nosso sistema de entrega supersecreto, seu canal permanecer\u00e1 seguro. A FeedPixel se preocupa genuinamente com sua reputa\u00e7\u00e3o e a confian\u00e7a do cliente. Portanto, para facilitar o processo, seu agente pessoal de m\u00eddia social 24 horas por dia, 7 dias por semana, ser\u00e1 designado desde a primeira etapa do seu pedido at\u00e9 que todas as visualiza\u00e7\u00f5es sejam entregues. Nenhuma credencial privada \u00e9 solicitada pelo FeedPixel, portanto, n\u00e3o h\u00e1 risco de suspens\u00e3o. Experimente as melhores visualiza\u00e7\u00f5es do YouTube com FeedPixel!<\/p>\n<h2><strong>Como comprar visualiza\u00e7\u00f5es no YouTube:<\/strong><\/h2>\n<ol>\n<li>Escolha a op\u00e7\u00e3o.<\/li>\n<li>Cole seu URL do YouTube.<\/li>\n<li>V\u00e1 para \u201cAdicionar ao carrinho\u201d.<\/li>\n<li>Clique em \u201cContinuar para finalizar a compra\u201d.<\/li>\n<li>Complete a p\u00e1gina de checkout.<\/li>\n<li>Depois de concluir as etapas acima, FeedPixel anexar\u00e1 um agente de suporte 24 horas por dia, 7 dias por semana, que explicar\u00e1 tudo sobre as pr\u00f3ximas etapas.<\/li>\n<\/ol>","protected":false},"excerpt":{"rendered":"<p>Pedidos de 10 mil ou mais visualiza\u00e7\u00f5es receber\u00e3o visualiza\u00e7\u00f5es da mais alta qualidade do mercado em <strong>An\u00fancios do Facebook<\/strong>. Voc\u00ea tamb\u00e9m receber\u00e1 curtidas e coment\u00e1rios se o seu v\u00eddeo for interessante.<\/p>\n<p style=\"color: #f4226e\">Essas visualiza\u00e7\u00f5es n\u00e3o funcionam para Shorts e v\u00eddeos ao vivo do YouTube.<\/p>","protected":false},"featured_media":4055,"comment_status":"open","ping_status":"closed","template":"","meta":{"_acf_changed":false},"product_cat":[35],"product_tag":[36],"class_list":{"0":"post-4025","1":"product","2":"type-product","3":"status-publish","4":"has-post-thumbnail","6":"product_cat-youtube","7":"product_tag-buy-youtube-views","9":"first","10":"instock","11":"sold-individually","12":"shipping-taxable","13":"purchasable","14":"product-type-variable"},"bundle_layout":"","bundled_by":["4907"],"bundled_items":[],"acf":[],"_links":{"self":[{"href":"https:\/\/feedpixel.com\/pt\/wp-json\/wp\/v2\/product\/4025","targetHints":{"allow":["GET"]}}],"collection":[{"href":"https:\/\/feedpixel.com\/pt\/wp-json\/wp\/v2\/product"}],"about":[{"href":"https:\/\/feedpixel.com\/pt\/wp-json\/wp\/v2\/types\/product"}],"replies":[{"embeddable":true,"href":"https:\/\/feedpixel.com\/pt\/wp-json\/wp\/v2\/comments?post=4025"}],"wp:featuredmedia":[{"embeddable":true,"href":"https:\/\/feedpixel.com\/pt\/wp-json\/wp\/v2\/media\/4055"}],"wp:attachment":[{"href":"https:\/\/feedpixel.com\/pt\/wp-json\/wp\/v2\/media?parent=4025"}],"wp:term":[{"taxonomy":"product_cat","embeddable":true,"href":"https:\/\/feedpixel.com\/pt\/wp-json\/wp\/v2\/product_cat?post=4025"},{"taxonomy":"product_tag","embeddable":true,"href":"https:\/\/feedpixel.com\/pt\/wp-json\/wp\/v2\/product_tag?post=4025"}],"curies":[{"name":"wp","href":"https:\/\/api.w.org\/{rel}","templated":true}]}}