{"id":4026,"date":"2021-02-23T09:20:02","date_gmt":"2021-02-23T09:20:02","guid":{"rendered":"https:\/\/feedpixel.com\/product\/import-placeholder-for-3566\/"},"modified":"2025-10-15T08:26:12","modified_gmt":"2025-10-15T12:26:12","slug":"youtube-likes","status":"publish","type":"product","link":"https:\/\/feedpixel.com\/pt\/produto\/curtidas-no-youtube\/","title":{"rendered":"Curtidas no YouTube"},"content":{"rendered":"<p><a name=\"#tab-description\"><\/a><\/p>\n<h1>Por que voc\u00ea deve comprar curtidas no YouTube:<\/h1>\n<p>Nossos clientes escolhem a empresa FeedPixel porque n\u00e3o apenas prometemos nossos servi\u00e7os como muitos outros sites, mas tamb\u00e9m provamos nossa reputa\u00e7\u00e3o mantendo uma palavra e impulsionando seus neg\u00f3cios. Estamos felizes em oferecer a voc\u00ea a chance de comprar curtidas no YouTube. Para crescer no canal do YouTube e administrar seu neg\u00f3cio de forma eficaz, voc\u00ea precisa ter curtidas em seus v\u00eddeos que levem a um alto envolvimento. \u00c9 do conhecimento geral que as pessoas gostam de algo prontamente se virem outros gostando.<\/p>\n<p>A estrat\u00e9gia da FeedPixel \u00e9 fornecer curtidas de alta qualidade em 24 horas. Assim que voc\u00ea fizer o pedido, FeedPixel ir\u00e1 automaticamente anexar um agente qualificado a voc\u00ea. Al\u00e9m disso, este agente de suporte estar\u00e1 24 horas por dia, 7 dias por semana, em contato desde a compra at\u00e9 o resultado real a custo zero. N\u00f3s realmente nos preocupamos com os neg\u00f3cios de nossos clientes. O servi\u00e7o tamb\u00e9m inclui um sistema de recarga garantido.<\/p>\n<p>Comprar curtidas no YouTube \u00e9 seguro porque nossa estrat\u00e9gia elimina qualquer risco de ser banido. FeedPixel n\u00e3o requer nenhuma de suas informa\u00e7\u00f5es privadas. Conosco, voc\u00ea pode ter certeza de que as informa\u00e7\u00f5es fornecidas nunca ser\u00e3o divulgadas ao p\u00fablico. Como forma de pagamento, aceitamos Visa, Mastercard, Amex, PayPal, Bitcoin e Litecoin.<\/p>\n<p>A satisfa\u00e7\u00e3o do 100% com nosso servi\u00e7o \u00e9 garantida.<\/p>\n<h2><strong>Como comprar curtidas no YouTube:<\/strong><\/h2>\n<ol>\n<li>Em primeiro lugar, escolha de quantas curtidas voc\u00ea precisa.<\/li>\n<li>Digite seu URL do YouTube na caixa necess\u00e1ria.<\/li>\n<li>Em seguida, clique em \u201cAdicionar ao carrinho\u201d.<\/li>\n<li>Voc\u00ea ver\u00e1 o bot\u00e3o azul \u201cContinuar para finalizar a compra\u201d, clique nele.<\/li>\n<li>Preencha todos os campos obrigat\u00f3rios e preencha a p\u00e1gina de checkout.<\/li>\n<li>Ap\u00f3s os passos descritos acima um agente de suporte qualificado entrar\u00e1 em contato com voc\u00ea e explicar\u00e1 a estrat\u00e9gia de crescimento perfeito para o seu neg\u00f3cio.<\/li>\n<\/ol>","protected":false},"excerpt":{"rendered":"<p><a href=\"#tab-description\">Mais informa\u00e7\u00f5es sobre curtidas no YouTube<\/a><\/p>","protected":false},"featured_media":4056,"comment_status":"open","ping_status":"closed","template":"","meta":{"_acf_changed":false},"product_cat":[35],"product_tag":[37],"class_list":{"0":"post-4026","1":"product","2":"type-product","3":"status-publish","4":"has-post-thumbnail","6":"product_cat-youtube","7":"product_tag-buy-youtube-likes","9":"first","10":"instock","11":"sold-individually","12":"shipping-taxable","13":"purchasable","14":"product-type-variable"},"bundle_layout":"","bundled_by":["4907"],"bundled_items":[],"acf":[],"_links":{"self":[{"href":"https:\/\/feedpixel.com\/pt\/wp-json\/wp\/v2\/product\/4026","targetHints":{"allow":["GET"]}}],"collection":[{"href":"https:\/\/feedpixel.com\/pt\/wp-json\/wp\/v2\/product"}],"about":[{"href":"https:\/\/feedpixel.com\/pt\/wp-json\/wp\/v2\/types\/product"}],"replies":[{"embeddable":true,"href":"https:\/\/feedpixel.com\/pt\/wp-json\/wp\/v2\/comments?post=4026"}],"wp:featuredmedia":[{"embeddable":true,"href":"https:\/\/feedpixel.com\/pt\/wp-json\/wp\/v2\/media\/4056"}],"wp:attachment":[{"href":"https:\/\/feedpixel.com\/pt\/wp-json\/wp\/v2\/media?parent=4026"}],"wp:term":[{"taxonomy":"product_cat","embeddable":true,"href":"https:\/\/feedpixel.com\/pt\/wp-json\/wp\/v2\/product_cat?post=4026"},{"taxonomy":"product_tag","embeddable":true,"href":"https:\/\/feedpixel.com\/pt\/wp-json\/wp\/v2\/product_tag?post=4026"}],"curies":[{"name":"wp","href":"https:\/\/api.w.org\/{rel}","templated":true}]}}