{"id":4033,"date":"2021-02-23T09:20:02","date_gmt":"2021-02-23T13:20:02","guid":{"rendered":"https:\/\/feedpixel.com\/product\/import-placeholder-for-3573\/"},"modified":"2025-10-15T05:15:32","modified_gmt":"2025-10-15T09:15:32","slug":"youtube-dislikes","status":"publish","type":"product","link":"https:\/\/feedpixel.com\/pt\/produto\/nao-gosto-do-youtube\/","title":{"rendered":"N\u00e3o gosta do YouTube"},"content":{"rendered":"","protected":false},"excerpt":{"rendered":"<p><span style=\"color: #00c9b5\"><strong>Verifica\u00e7\u00e3o de sa\u00edda <a href=\"https:\/\/feedpixel.com\/pt\/produto\/youtube-package-builder\/\">Construtor de pacotes do YouTube<\/a> para construir seu pacote personalizado de servi\u00e7os do YouTube<\/strong><\/span><\/p>","protected":false},"featured_media":4058,"comment_status":"open","ping_status":"closed","template":"","meta":{"_acf_changed":false},"product_cat":[35],"product_tag":[38],"class_list":{"0":"post-4033","1":"product","2":"type-product","3":"status-publish","4":"has-post-thumbnail","6":"product_cat-youtube","7":"product_tag-buy-youtube-dislikes","9":"first","10":"outofstock","11":"sold-individually","12":"shipping-taxable","13":"purchasable","14":"product-type-variable"},"bundle_layout":"","bundled_by":[],"bundled_items":[],"acf":[],"_links":{"self":[{"href":"https:\/\/feedpixel.com\/pt\/wp-json\/wp\/v2\/product\/4033","targetHints":{"allow":["GET"]}}],"collection":[{"href":"https:\/\/feedpixel.com\/pt\/wp-json\/wp\/v2\/product"}],"about":[{"href":"https:\/\/feedpixel.com\/pt\/wp-json\/wp\/v2\/types\/product"}],"replies":[{"embeddable":true,"href":"https:\/\/feedpixel.com\/pt\/wp-json\/wp\/v2\/comments?post=4033"}],"wp:featuredmedia":[{"embeddable":true,"href":"https:\/\/feedpixel.com\/pt\/wp-json\/wp\/v2\/media\/4058"}],"wp:attachment":[{"href":"https:\/\/feedpixel.com\/pt\/wp-json\/wp\/v2\/media?parent=4033"}],"wp:term":[{"taxonomy":"product_cat","embeddable":true,"href":"https:\/\/feedpixel.com\/pt\/wp-json\/wp\/v2\/product_cat?post=4033"},{"taxonomy":"product_tag","embeddable":true,"href":"https:\/\/feedpixel.com\/pt\/wp-json\/wp\/v2\/product_tag?post=4033"}],"curies":[{"name":"wp","href":"https:\/\/api.w.org\/{rel}","templated":true}]}}